{"id":1037,"date":"2024-12-16T17:26:57","date_gmt":"2024-12-16T16:26:57","guid":{"rendered":"https:\/\/www.co-do-lab.org\/?page_id=1037"},"modified":"2025-10-22T13:42:30","modified_gmt":"2025-10-22T11:42:30","slug":"zukunftsvisionen","status":"publish","type":"page","link":"https:\/\/www.co-do-lab.org\/de\/zukunftsvisionen\/","title":{"rendered":"Futures Visioning"},"content":{"rendered":"<div class=\"wpb-content-wrapper\"><div class=\"vc_row wpb_row vc_row-fluid white-text vc_custom_1734366471171 vc_row-has-fill\"><div class=\"wpb_column vc_column_container vc_col-sm-12\"><div class=\"vc_column-inner\"><div class=\"wpb_wrapper\"><div class=\"vc_row wpb_row vc_inner vc_row-fluid vc_row-o-content-top vc_row-flex\"><div class=\"wpb_column vc_column_container vc_col-sm-12\"><div class=\"vc_column-inner\"><div class=\"wpb_wrapper\">\n\t<div class=\"wpb_text_column wpb_content_element\" >\n\t\t<div class=\"wpb_wrapper\">\n\t\t\t<h1>Futures Visioning<\/h1>\n\n\t\t<\/div>\n\t<\/div>\n\n\t<div class=\"wpb_text_column wpb_content_element bg-text largerParagraphs\" >\n\t\t<div class=\"wpb_wrapper\">\n\t\t\t<p>Gemeinsam entwickeln wir den inneren Kompass f\u00fcr die Navigation in Richtung nachhaltiger Transformation.<\/p>\n\n\t\t<\/div>\n\t<\/div>\n<\/div><\/div><\/div><\/div><\/div><\/div><\/div><\/div><div class=\"vc_row wpb_row vc_row-fluid vc_custom_1733829960192 vc_row-has-fill\"><div class=\"wpb_column vc_column_container vc_col-sm-12\"><div class=\"vc_column-inner\"><div class=\"wpb_wrapper\"><div class=\"vc_row wpb_row vc_inner vc_row-fluid\"><div class=\"wpb_column vc_column_container vc_col-sm-1\"><div class=\"vc_column-inner\"><div class=\"wpb_wrapper\"><\/div><\/div><\/div><div class=\"wpb_column vc_column_container vc_col-sm-10\"><div class=\"vc_column-inner\"><div class=\"wpb_wrapper\">\n\t<div class=\"wpb_text_column wpb_content_element largerParagraphs\" >\n\t\t<div class=\"wpb_wrapper\">\n\t\t\t<p><strong>F\u00e4llt es dir schwer, dein Team auf eine klare Vision f\u00fcr eine w\u00fcnschenswerte nachhaltige Zukunft auszurichten? <\/strong><\/p>\n<p><strong>M\u00f6chtest du systematisch alternative Zukunftsperspektiven f\u00fcr deine Organisation, deine Stadt oder deine Kommune erkunden? <\/strong><\/p>\n<p><strong>Wie denkst du \u00fcber die langfristige Zukunft jenseits kurzfristiger Ziele und strategischer Planung?<\/strong><\/p>\n\n\t\t<\/div>\n\t<\/div>\n<\/div><\/div><\/div><div class=\"wpb_column vc_column_container vc_col-sm-1\"><div class=\"vc_column-inner\"><div class=\"wpb_wrapper\"><\/div><\/div><\/div><\/div><\/div><\/div><\/div><\/div><div class=\"vc_row wpb_row vc_row-fluid\"><div class=\"wpb_column vc_column_container vc_col-sm-12\"><div class=\"vc_column-inner\"><div class=\"wpb_wrapper\"><div class=\"vc_row wpb_row vc_inner vc_row-fluid\"><div class=\"wpb_column vc_column_container vc_col-sm-1\"><div class=\"vc_column-inner\"><div class=\"wpb_wrapper\"><\/div><\/div><\/div><div class=\"wpb_column vc_column_container vc_col-sm-10\"><div class=\"vc_column-inner\"><div class=\"wpb_wrapper\">\n\t<div class=\"wpb_text_column wpb_content_element vc_custom_1734366250398\" >\n\t\t<div class=\"wpb_wrapper\">\n\t\t\t<h4><strong>Die Zukunft als Quelle der Hoffnung und Kraft<\/strong><\/h4>\n\n\t\t<\/div>\n\t<\/div>\n\n\t<div class=\"wpb_text_column wpb_content_element\" >\n\t\t<div class=\"wpb_wrapper\">\n\t\t\t<p>Im co-do lab haben wir uns darauf spezialisiert, die Zukunft als Quelle der Hoffnung und der M\u00f6glichkeiten neu zu betrachten. Wir konzentrieren uns auf L\u00f6sungen und bef\u00e4higen Menschen, sich ihre gew\u00fcnschte Zukunft vorzustellen und zu gestalten. Unsere partizipativen Zukunftswerkst\u00e4tten bieten einen kollaborativen, innovativen Raum, in dem die wichtigsten Stakeholder zusammenkommen. Hier erforschen wir alternative, plausible Zukunftsszenarien und entwickeln eine gemeinsame Vision, die uns auf dem Weg zu einer nachhaltigen Transformation begleitet. Wir helfen nicht nur dabei, eine Vision zu entwickeln, sondern auch dabei, sich auf die Reise in eine nachhaltige Zukunft vorzubereiten, indem wir uns auf umsetzbare Ma\u00dfnahmen konzentrieren.<\/p>\n<p>Unser Ziel ist es, den Entscheidungshorizont Ihrer Organisation oder Stadt zu erweitern, gewohnte Denkmuster zu durchbrechen und Kopf, Herz und Hand in tiefgreifende und inspirierende Erfahrungen einzubinden. Indem wir Chancen erkennen und auf m\u00f6gliche Hindernisse vorbereiten, verwandeln wir vision\u00e4res Denken in greifbare strategische Ergebnisse, die langfristige Relevanz und Wettbewerbsvorteile sichern k\u00f6nnen.<\/p>\n\n\t\t<\/div>\n\t<\/div>\n<\/div><\/div><\/div><div class=\"wpb_column vc_column_container vc_col-sm-1\"><div class=\"vc_column-inner\"><div class=\"wpb_wrapper\"><\/div><\/div><\/div><\/div><div class=\"vc_row wpb_row vc_inner vc_row-fluid p-t-small p-b-small\"><div class=\"wpb_column vc_column_container vc_col-sm-1\"><div class=\"vc_column-inner\"><div class=\"wpb_wrapper\"><\/div><\/div><\/div><div class=\"wpb_column vc_column_container vc_col-sm-10\"><div class=\"vc_column-inner\"><div class=\"wpb_wrapper\">\n\t<div  class=\"wpb_single_image wpb_content_element vc_align_left wpb_content_element  no-marginbottom-mobile\">\n\t\t\n\t\t<figure class=\"wpb_wrapper vc_figure\">\n\t\t\t<div class=\"vc_single_image-wrapper   vc_box_border_grey\"><img loading=\"lazy\" decoding=\"async\" width=\"1000\" height=\"487\" src=\"https:\/\/www.co-do-lab.org\/wp-content\/uploads\/2024\/12\/SP_Visioning_pexels-googledeepmind-17485609.jpg\" class=\"vc_single_image-img attachment-full\" alt=\"\" title=\"SP_Visioning_pexels-googledeepmind-17485609\" srcset=\"https:\/\/www.co-do-lab.org\/wp-content\/uploads\/2024\/12\/SP_Visioning_pexels-googledeepmind-17485609.jpg 1000w, https:\/\/www.co-do-lab.org\/wp-content\/uploads\/2024\/12\/SP_Visioning_pexels-googledeepmind-17485609-768x374.jpg 768w, https:\/\/www.co-do-lab.org\/wp-content\/uploads\/2024\/12\/SP_Visioning_pexels-googledeepmind-17485609-991x483.jpg 991w\" sizes=\"auto, (max-width: 1000px) 100vw, 1000px\" \/><\/div>\n\t\t<\/figure>\n\t<\/div>\n<\/div><\/div><\/div><div class=\"wpb_column vc_column_container vc_col-sm-1\"><div class=\"vc_column-inner\"><div class=\"wpb_wrapper\"><\/div><\/div><\/div><\/div><div class=\"vc_row wpb_row vc_inner vc_row-fluid\"><div class=\"wpb_column vc_column_container vc_col-sm-1\"><div class=\"vc_column-inner\"><div class=\"wpb_wrapper\"><\/div><\/div><\/div><div class=\"wpb_column vc_column_container vc_col-sm-10\"><div class=\"vc_column-inner\"><div class=\"wpb_wrapper\">\n\t<div class=\"wpb_text_column wpb_content_element vc_custom_1734366288618\" >\n\t\t<div class=\"wpb_wrapper\">\n\t\t\t<h4>Von der Vision zur Wirklichkeit?<\/h4>\n\n\t\t<\/div>\n\t<\/div>\n\n\t<div class=\"wpb_text_column wpb_content_element\" >\n\t\t<div class=\"wpb_wrapper\">\n\t\t\t<p>In einer Welt des raschen Wandels und komplexer Herausforderungen ist ein proaktiver Ansatz zur Bew\u00e4ltigung zuk\u00fcnftiger Herausforderungen wichtiger denn je. Lass uns gemeinsam dar\u00fcber nachdenken, was m\u00f6glich ist und wie wir vision\u00e4res Denken in praktische, skalierbare Strategien umsetzen k\u00f6nnen, die deine Organisation, Stadt oder Gemeinde zu nachhaltigem Erfolg f\u00fchren. Gemeinsam werden wir herausfinden, wie du deine gew\u00fcnschte Zukunft Wirklichkeit werden lassen kannst. Kontaktiere uns noch heute und mache den ersten Schritt in eine widerstandsf\u00e4hige und erfolgreiche Zukunft.<\/p>\n\n\t\t<\/div>\n\t<\/div>\n<\/div><\/div><\/div><div class=\"wpb_column vc_column_container vc_col-sm-1\"><div class=\"vc_column-inner\"><div class=\"wpb_wrapper\"><\/div><\/div><\/div><\/div><\/div><\/div><\/div><\/div>\n<\/div>","protected":false},"excerpt":{"rendered":"<p>Wir schaffen Raum f\u00fcr innovative L\u00f6sungen und begleiten dich dabei, jene zu prototypisieren, die Skalierungspotenzial haben.<\/p>","protected":false},"author":6,"featured_media":1041,"parent":0,"menu_order":0,"comment_status":"closed","ping_status":"closed","template":"","meta":{"_acf_changed":false,"footnotes":""},"class_list":["post-1037","page","type-page","status-publish","hentry"],"acf":[],"_links":{"self":[{"href":"https:\/\/www.co-do-lab.org\/de\/wp-json\/wp\/v2\/pages\/1037","targetHints":{"allow":["GET"]}}],"collection":[{"href":"https:\/\/www.co-do-lab.org\/de\/wp-json\/wp\/v2\/pages"}],"about":[{"href":"https:\/\/www.co-do-lab.org\/de\/wp-json\/wp\/v2\/types\/page"}],"author":[{"embeddable":true,"href":"https:\/\/www.co-do-lab.org\/de\/wp-json\/wp\/v2\/users\/6"}],"replies":[{"embeddable":true,"href":"https:\/\/www.co-do-lab.org\/de\/wp-json\/wp\/v2\/comments?post=1037"}],"version-history":[{"count":0,"href":"https:\/\/www.co-do-lab.org\/de\/wp-json\/wp\/v2\/pages\/1037\/revisions"}],"wp:featuredmedia":[{"embeddable":true,"href":"https:\/\/www.co-do-lab.org\/de\/wp-json\/wp\/v2\/media\/1041"}],"wp:attachment":[{"href":"https:\/\/www.co-do-lab.org\/de\/wp-json\/wp\/v2\/media?parent=1037"}],"curies":[{"name":"wp","href":"https:\/\/api.w.org\/{rel}","templated":true}]}}