{"id":1040,"date":"2024-12-17T10:04:59","date_gmt":"2024-12-17T09:04:59","guid":{"rendered":"https:\/\/www.co-do-lab.org\/?page_id=1040"},"modified":"2026-02-18T13:45:48","modified_gmt":"2026-02-18T12:45:48","slug":"nachhaltiger-kompetenzaufbau","status":"publish","type":"page","link":"https:\/\/www.co-do-lab.org\/de\/nachhaltiger-kompetenzaufbau\/","title":{"rendered":"Sustainable Skill Building"},"content":{"rendered":"<div class=\"wpb-content-wrapper\"><div class=\"vc_row wpb_row vc_row-fluid white-text vc_custom_1734425815160 vc_row-has-fill\"><div class=\"wpb_column vc_column_container vc_col-sm-12\"><div class=\"vc_column-inner\"><div class=\"wpb_wrapper\"><div class=\"vc_row wpb_row vc_inner vc_row-fluid vc_row-o-content-top vc_row-flex\"><div class=\"wpb_column vc_column_container vc_col-sm-12\"><div class=\"vc_column-inner\"><div class=\"wpb_wrapper\">\n\t<div class=\"wpb_text_column wpb_content_element\" >\n\t\t<div class=\"wpb_wrapper\">\n\t\t\t<h1>Sustainable Skill Building<\/h1>\n\n\t\t<\/div>\n\t<\/div>\n\n\t<div class=\"wpb_text_column wpb_content_element bg-text largerParagraphs\" >\n\t\t<div class=\"wpb_wrapper\">\n\t\t\t<p>Wir bef\u00e4higen dein Team mit zukunftssicheren Nachhaltigkeitskompetenzen.<\/p>\n\n\t\t<\/div>\n\t<\/div>\n<\/div><\/div><\/div><\/div><\/div><\/div><\/div><\/div><div class=\"vc_row wpb_row vc_row-fluid vc_custom_1733829960192 vc_row-has-fill\"><div class=\"wpb_column vc_column_container vc_col-sm-12\"><div class=\"vc_column-inner\"><div class=\"wpb_wrapper\"><div class=\"vc_row wpb_row vc_inner vc_row-fluid\"><div class=\"wpb_column vc_column_container vc_col-sm-1\"><div class=\"vc_column-inner\"><div class=\"wpb_wrapper\"><\/div><\/div><\/div><div class=\"wpb_column vc_column_container vc_col-sm-10\"><div class=\"vc_column-inner\"><div class=\"wpb_wrapper\">\n\t<div class=\"wpb_text_column wpb_content_element largerParagraphs\" >\n\t\t<div class=\"wpb_wrapper\">\n\t\t\t<p><strong>F\u00e4llt es dir schwer, Nachhaltigkeitsinitiativen umzusetzen, weil es Mitarbeitenden an Bewusstsein, Verst\u00e4ndnis und Kompetenz fehlt?<\/strong><\/p>\n<p><strong> Verf\u00fcgt deine Organisation \u00fcber die notwendigen Tools und Kenntnisse, um Nachhaltigkeitsziele effektiv anzuleiten und umzusetzen? <\/strong><\/p>\n<p><strong>Welche Ma\u00dfnahmen hast du ergriffen, um die Nachhaltigkeitskompetenzen in deinem Team zu st\u00e4rken? <\/strong><\/p>\n\n\t\t<\/div>\n\t<\/div>\n<\/div><\/div><\/div><div class=\"wpb_column vc_column_container vc_col-sm-1\"><div class=\"vc_column-inner\"><div class=\"wpb_wrapper\"><\/div><\/div><\/div><\/div><\/div><\/div><\/div><\/div><div class=\"vc_row wpb_row vc_row-fluid\"><div class=\"wpb_column vc_column_container vc_col-sm-12\"><div class=\"vc_column-inner\"><div class=\"wpb_wrapper\"><div class=\"vc_row wpb_row vc_inner vc_row-fluid\"><div class=\"wpb_column vc_column_container vc_col-sm-1\"><div class=\"vc_column-inner\"><div class=\"wpb_wrapper\"><\/div><\/div><\/div><div class=\"wpb_column vc_column_container vc_col-sm-10\"><div class=\"vc_column-inner\"><div class=\"wpb_wrapper\">\n\t<div class=\"wpb_text_column wpb_content_element vc_custom_1734426268741\" >\n\t\t<div class=\"wpb_wrapper\">\n\t\t\t<h4>20 Jahre Nachhaltigkeitserfahrung, zugeschnitten auf deine Bed\u00fcrfnisse<\/h4>\n\n\t\t<\/div>\n\t<\/div>\n\n\t<div class=\"wpb_text_column wpb_content_element\" >\n\t\t<div class=\"wpb_wrapper\">\n\t\t\t<p>Wir sehen die starke Nachfrage nach guten Nachhaltigkeitskompetenzen auf allen Ebenen einer Organisation. Unsere Programme zum Aufbau von Nachhaltigkeitskompetenzen basieren auf 20 Jahren Erfahrung mit dem CSCP und sind so konzipiert, dass sie deinem Team durch interaktive Workshops, Online-Trainings und Pr\u00e4senz-Sessions wichtige Kenntnisse und F\u00e4higkeiten im Bereich Nachhaltigkeit vermitteln. Unsere Angebote werden auf deine spezifischen Bed\u00fcrfnisse angepasst und decken Themen wie Nachhaltigkeitsstrategie, CSRD, Kreislaufwirtschaft und Klimawandel, Biodiversit\u00e4t, Verhaltens\u00e4nderung und Transformation &amp; Change Leadership ab. Doch wir gehen \u00fcber die reine Wissensvermittlung hinaus. Wir vermitteln praktische Erfahrungen und erm\u00f6glichen so emotionale Erkenntnisse. Wir bieten Train-the-Trainer-Programme zum Aufbau interner Schulungskapazit\u00e4ten an, die es deiner Organisation erm\u00f6glichen, Nachhaltigkeitswissen unabh\u00e4ngig von uns zu erhalten. Und wenn wir selbst nicht genau das haben, was du brauchst, wissen wir bestimmt, wer es hat - wir bringen euch zusammen!<\/p>\n\n\t\t<\/div>\n\t<\/div>\n<\/div><\/div><\/div><div class=\"wpb_column vc_column_container vc_col-sm-1\"><div class=\"vc_column-inner\"><div class=\"wpb_wrapper\"><\/div><\/div><\/div><\/div><div class=\"vc_row wpb_row vc_inner vc_row-fluid p-t-small p-b-small\"><div class=\"wpb_column vc_column_container vc_col-sm-1\"><div class=\"vc_column-inner\"><div class=\"wpb_wrapper\"><\/div><\/div><\/div><div class=\"wpb_column vc_column_container vc_col-sm-10\"><div class=\"vc_column-inner\"><div class=\"wpb_wrapper\">\n\t<div  class=\"wpb_single_image wpb_content_element vc_align_left wpb_content_element  no-marginbottom-mobile\">\n\t\t\n\t\t<figure class=\"wpb_wrapper vc_figure\">\n\t\t\t<div class=\"vc_single_image-wrapper   vc_box_border_grey\"><img loading=\"lazy\" decoding=\"async\" width=\"1000\" height=\"487\" src=\"https:\/\/www.co-do-lab.org\/wp-content\/uploads\/2024\/12\/SP_SSB_CSCP-051023-0371_\u00a9MarcWessendarp.jpg\" class=\"vc_single_image-img attachment-full\" alt=\"\" title=\"SP_SSB_CSCP-051023-0371_\u00a9MarcWessendarp\" srcset=\"https:\/\/www.co-do-lab.org\/wp-content\/uploads\/2024\/12\/SP_SSB_CSCP-051023-0371_\u00a9MarcWessendarp.jpg 1000w, https:\/\/www.co-do-lab.org\/wp-content\/uploads\/2024\/12\/SP_SSB_CSCP-051023-0371_\u00a9MarcWessendarp-768x374.jpg 768w, https:\/\/www.co-do-lab.org\/wp-content\/uploads\/2024\/12\/SP_SSB_CSCP-051023-0371_\u00a9MarcWessendarp-991x483.jpg 991w\" sizes=\"auto, (max-width: 1000px) 100vw, 1000px\" \/><\/div>\n\t\t<\/figure>\n\t<\/div>\n<\/div><\/div><\/div><div class=\"wpb_column vc_column_container vc_col-sm-1\"><div class=\"vc_column-inner\"><div class=\"wpb_wrapper\"><\/div><\/div><\/div><\/div><div class=\"vc_row wpb_row vc_inner vc_row-fluid\"><div class=\"wpb_column vc_column_container vc_col-sm-1\"><div class=\"vc_column-inner\"><div class=\"wpb_wrapper\"><\/div><\/div><\/div><div class=\"wpb_column vc_column_container vc_col-sm-10\"><div class=\"vc_column-inner\"><div class=\"wpb_wrapper\">\n\t<div class=\"wpb_text_column wpb_content_element vc_custom_1734426007764\" >\n\t\t<div class=\"wpb_wrapper\">\n\t\t\t<h4><strong>M\u00f6chtest du die Kenntnisse und F\u00e4higkeiten deines Teams mithilfe eines starken Experten f\u00fcr Nachhaltigkeit st\u00e4rken?<\/strong><\/h4>\n\n\t\t<\/div>\n\t<\/div>\n\n\t<div class=\"wpb_text_column wpb_content_element\" >\n\t\t<div class=\"wpb_wrapper\">\n\t\t\t<p>Der Aufbau einer Kultur f\u00fcr Nachhaltigkeit geht \u00fcber die blo\u00dfe Erkenntnis und Einhaltung von Vorschriften hinaus - es geht darum, sowohl harte als auch weiche Kompetenzen in der gesamten Organisation zu verankern, um Transformation voranzutreiben. Mit unserem Programm zum Aufbau von Nachhaltigkeitskompetenzen erf\u00fcllst du nicht nur die gesetzlichen Anforderungen, sondern st\u00e4rkst auch die Widerstandsf\u00e4higkeit und Innovationsf\u00e4higkeit deines Unternehmens. Statte dein Team mit dem Know-how und den Instrumenten aus, die es braucht, um im Bereich der Nachhaltigkeit f\u00fchrend zu sein. Nimm noch heute Kontakt mit uns auf, um dein individuelles Skill Building Programm zusammenzustellen.<\/p>\n\n\t\t<\/div>\n\t<\/div>\n<\/div><\/div><\/div><div class=\"wpb_column vc_column_container vc_col-sm-1\"><div class=\"vc_column-inner\"><div class=\"wpb_wrapper\"><\/div><\/div><\/div><\/div><\/div><\/div><\/div><\/div>\n<\/div>","protected":false},"excerpt":{"rendered":"<p>Wir schaffen Raum f\u00fcr innovative L\u00f6sungen und begleiten dich dabei, jene zu prototypisieren, die Skalierungspotenzial haben.<\/p>","protected":false},"author":6,"featured_media":1050,"parent":0,"menu_order":0,"comment_status":"closed","ping_status":"closed","template":"","meta":{"_acf_changed":false,"footnotes":""},"class_list":["post-1040","page","type-page","status-publish","hentry"],"acf":[],"_links":{"self":[{"href":"https:\/\/www.co-do-lab.org\/de\/wp-json\/wp\/v2\/pages\/1040","targetHints":{"allow":["GET"]}}],"collection":[{"href":"https:\/\/www.co-do-lab.org\/de\/wp-json\/wp\/v2\/pages"}],"about":[{"href":"https:\/\/www.co-do-lab.org\/de\/wp-json\/wp\/v2\/types\/page"}],"author":[{"embeddable":true,"href":"https:\/\/www.co-do-lab.org\/de\/wp-json\/wp\/v2\/users\/6"}],"replies":[{"embeddable":true,"href":"https:\/\/www.co-do-lab.org\/de\/wp-json\/wp\/v2\/comments?post=1040"}],"version-history":[{"count":0,"href":"https:\/\/www.co-do-lab.org\/de\/wp-json\/wp\/v2\/pages\/1040\/revisions"}],"wp:featuredmedia":[{"embeddable":true,"href":"https:\/\/www.co-do-lab.org\/de\/wp-json\/wp\/v2\/media\/1050"}],"wp:attachment":[{"href":"https:\/\/www.co-do-lab.org\/de\/wp-json\/wp\/v2\/media?parent=1040"}],"curies":[{"name":"wp","href":"https:\/\/api.w.org\/{rel}","templated":true}]}}