{"id":1047,"date":"2024-12-17T10:16:32","date_gmt":"2024-12-17T09:16:32","guid":{"rendered":"https:\/\/www.co-do-lab.org\/?page_id=1047"},"modified":"2025-10-22T15:38:00","modified_gmt":"2025-10-22T13:38:00","slug":"menschenzentrierte-organisationsentwicklung","status":"publish","type":"page","link":"https:\/\/www.co-do-lab.org\/de\/menschenzentrierte-organisationsentwicklung\/","title":{"rendered":"People-Centred Organisational Development"},"content":{"rendered":"<div class=\"wpb-content-wrapper\"><div class=\"vc_row wpb_row vc_row-fluid white-text vc_custom_1734426601947 vc_row-has-fill\"><div class=\"wpb_column vc_column_container vc_col-sm-12\"><div class=\"vc_column-inner\"><div class=\"wpb_wrapper\"><div class=\"vc_row wpb_row vc_inner vc_row-fluid vc_row-o-content-top vc_row-flex\"><div class=\"wpb_column vc_column_container vc_col-sm-12\"><div class=\"vc_column-inner\"><div class=\"wpb_wrapper\">\n\t<div class=\"wpb_text_column wpb_content_element\" >\n\t\t<div class=\"wpb_wrapper\">\n\t\t\t<h1>People-Centred Organisational Development<\/h1>\n\n\t\t<\/div>\n\t<\/div>\n\n\t<div class=\"wpb_text_column wpb_content_element bg-text largerParagraphs\" >\n\t\t<div class=\"wpb_wrapper\">\n\t\t\t<p>Wir st\u00e4rken deine Transformation von innen heraus \u2013 durch den Aufbau einer funktions\u00fcbergreifenden Transformationseinheit.<\/p>\n\n\t\t<\/div>\n\t<\/div>\n<\/div><\/div><\/div><\/div><\/div><\/div><\/div><\/div><div class=\"vc_row wpb_row vc_row-fluid vc_custom_1733829960192 vc_row-has-fill\"><div class=\"wpb_column vc_column_container vc_col-sm-12\"><div class=\"vc_column-inner\"><div class=\"wpb_wrapper\"><div class=\"vc_row wpb_row vc_inner vc_row-fluid\"><div class=\"wpb_column vc_column_container vc_col-sm-1\"><div class=\"vc_column-inner\"><div class=\"wpb_wrapper\"><\/div><\/div><\/div><div class=\"wpb_column vc_column_container vc_col-sm-10\"><div class=\"vc_column-inner\"><div class=\"wpb_wrapper\">\n\t<div class=\"wpb_text_column wpb_content_element largerParagraphs\" >\n\t\t<div class=\"wpb_wrapper\">\n\t\t\t<p><strong>F\u00fchlen sich deine Bem\u00fchungen zur Transformation zusammenhangslos an oder hast du Schwierigkeiten, abteilungs\u00fcbergreifend Abstimmungen zu erreichen? <\/strong><\/p>\n<p><strong>Sto\u00dfen deine neue Initiativen - sei es in den Bereichen Nachhaltigkeit, Digitalisierung oder Soziales - auf Widerstand oder scheitern an der langfristigen Umsetzung? <\/strong><\/p>\n<p><strong>F\u00e4llt es dir schwer, in deiner Organisation Begeisterung und Unterst\u00fctzung f\u00fcr Transformationsprozesse zu wecken?<\/strong><\/p>\n\n\t\t<\/div>\n\t<\/div>\n<\/div><\/div><\/div><div class=\"wpb_column vc_column_container vc_col-sm-1\"><div class=\"vc_column-inner\"><div class=\"wpb_wrapper\"><\/div><\/div><\/div><\/div><\/div><\/div><\/div><\/div><div class=\"vc_row wpb_row vc_row-fluid\"><div class=\"wpb_column vc_column_container vc_col-sm-12\"><div class=\"vc_column-inner\"><div class=\"wpb_wrapper\"><div class=\"vc_row wpb_row vc_inner vc_row-fluid\"><div class=\"wpb_column vc_column_container vc_col-sm-1\"><div class=\"vc_column-inner\"><div class=\"wpb_wrapper\"><\/div><\/div><\/div><div class=\"wpb_column vc_column_container vc_col-sm-10\"><div class=\"vc_column-inner\"><div class=\"wpb_wrapper\">\n\t<div class=\"wpb_text_column wpb_content_element vc_custom_1734426684194\" >\n\t\t<div class=\"wpb_wrapper\">\n\t\t\t<h4>Menschen in den Mittelpunkt stellen<\/h4>\n\n\t\t<\/div>\n\t<\/div>\n\n\t<div class=\"wpb_text_column wpb_content_element\" >\n\t\t<div class=\"wpb_wrapper\">\n\t\t\t<p>Wir unterst\u00fctzen deine Transformationsreise, indem wir sie tief in die Kultur und den Betrieb deiner Organisation integrieren. Mit unserer menschenzentrierten Organisationsentwicklung konzentrieren wir uns auf den Aufbau und die Unterst\u00fctzung einer funktions\u00fcbergreifenden Transformationseinheit, die als Katalysator f\u00fcr den Wandel fungiert. Dabei geht es nicht nur um die Umgestaltung von Strukturen oder Prozessen, sondern auch um einen Ansatz, bei dem der Mensch im Mittelpunkt steht. Wir unterst\u00fctzen dich dabei, die Mentalit\u00e4t zu ver\u00e4ndern und eine Kultur der Offenheit und Zusammenarbeit im gesamten Unternehmen zu f\u00f6rdern. Unsere kollaborative Herangehensweise hilft dabei, die kritische Masse zu erreichen, die n\u00f6tig ist, damit sinnvolle Ver\u00e4nderungen selbsttragend werden und sich organisch in deinem Unternehmen ausbreiten.<\/p>\n\n\t\t<\/div>\n\t<\/div>\n<\/div><\/div><\/div><div class=\"wpb_column vc_column_container vc_col-sm-1\"><div class=\"vc_column-inner\"><div class=\"wpb_wrapper\"><\/div><\/div><\/div><\/div><div class=\"vc_row wpb_row vc_inner vc_row-fluid p-t-small p-b-small\"><div class=\"wpb_column vc_column_container vc_col-sm-1\"><div class=\"vc_column-inner\"><div class=\"wpb_wrapper\"><\/div><\/div><\/div><div class=\"wpb_column vc_column_container vc_col-sm-10\"><div class=\"vc_column-inner\"><div class=\"wpb_wrapper\">\n\t<div  class=\"wpb_single_image wpb_content_element vc_align_left wpb_content_element  no-marginbottom-mobile\">\n\t\t\n\t\t<figure class=\"wpb_wrapper vc_figure\">\n\t\t\t<div class=\"vc_single_image-wrapper   vc_box_border_grey\"><img loading=\"lazy\" decoding=\"async\" width=\"1000\" height=\"487\" src=\"https:\/\/www.co-do-lab.org\/wp-content\/uploads\/2024\/12\/SP_POD_pexels-moe-magners-7495118.jpg\" class=\"vc_single_image-img attachment-full\" alt=\"\" title=\"SP_POD_pexels-moe-magners-7495118\" srcset=\"https:\/\/www.co-do-lab.org\/wp-content\/uploads\/2024\/12\/SP_POD_pexels-moe-magners-7495118.jpg 1000w, https:\/\/www.co-do-lab.org\/wp-content\/uploads\/2024\/12\/SP_POD_pexels-moe-magners-7495118-768x374.jpg 768w, https:\/\/www.co-do-lab.org\/wp-content\/uploads\/2024\/12\/SP_POD_pexels-moe-magners-7495118-991x483.jpg 991w\" sizes=\"auto, (max-width: 1000px) 100vw, 1000px\" \/><\/div>\n\t\t<\/figure>\n\t<\/div>\n<\/div><\/div><\/div><div class=\"wpb_column vc_column_container vc_col-sm-1\"><div class=\"vc_column-inner\"><div class=\"wpb_wrapper\"><\/div><\/div><\/div><\/div><div class=\"vc_row wpb_row vc_inner vc_row-fluid\"><div class=\"wpb_column vc_column_container vc_col-sm-1\"><div class=\"vc_column-inner\"><div class=\"wpb_wrapper\"><\/div><\/div><\/div><div class=\"wpb_column vc_column_container vc_col-sm-10\"><div class=\"vc_column-inner\"><div class=\"wpb_wrapper\">\n\t<div class=\"wpb_text_column wpb_content_element vc_custom_1734426951035\" >\n\t\t<div class=\"wpb_wrapper\">\n\t\t\t<h4>Kultur isst Strategie zum Fr\u00fchst\u00fcck<\/h4>\n\n\t\t<\/div>\n\t<\/div>\n\n\t<div class=\"wpb_text_column wpb_content_element\" >\n\t\t<div class=\"wpb_wrapper\">\n\t\t\t<p>Bei der Transformation deiner Organisation geht es um mehr als die Umsetzung neuer Strategien - es geht darum, eine Bewegung zu schaffen. Unser Ansatz stellt sicher, dass transformative Initiativen zu einem zentralen Bestandteil der Unternehmensidentit\u00e4t werden und nicht nur eine von oben verordnete Richtlinie bleiben. Arbeite mit uns zusammen, um die dezentrale Eigenverantwortung und die Kompetenzen zu f\u00f6rdern, die f\u00fcr den Aufbau einer widerstandsf\u00e4higen, anpassungsf\u00e4higen Kultur erforderlich sind - einer Kultur, die nachhaltige Wirkung erzielt. Bist du bereit, deine Transformationsziele in eine bl\u00fchende, menschenzentrierte Bewegung zu verwandeln? Beginne noch heute.<\/p>\n\n\t\t<\/div>\n\t<\/div>\n<\/div><\/div><\/div><div class=\"wpb_column vc_column_container vc_col-sm-1\"><div class=\"vc_column-inner\"><div class=\"wpb_wrapper\"><\/div><\/div><\/div><\/div><\/div><\/div><\/div><\/div><div class=\"vc_row wpb_row vc_row-fluid fluid-image head-no-margin vc_custom_1734087048087 vc_row-has-fill\"><div class=\"wpb_column vc_column_container vc_col-sm-12\"><div class=\"vc_column-inner\"><div class=\"wpb_wrapper\"><div class=\"vc_row wpb_row vc_inner vc_row-fluid col_reverse\"><div class=\"wpb_column vc_column_container vc_col-sm-6\"><div class=\"vc_column-inner\"><div class=\"wpb_wrapper\">\n\t<div class=\"wpb_text_column wpb_content_element\" >\n\t\t<div class=\"wpb_wrapper\">\n\t\t\t<h3><span style=\"color: #ffffff;\">Menschenzentrierter Impact f\u00fcr die Gesellschaft<\/span><\/h3>\n<p>&nbsp;<\/p>\n<p><span style=\"color: #ffffff;\">Menschenzentrierte Ans\u00e4tze erm\u00f6glichen demokratische und nachhaltige Transformationsprozesse<\/span><\/p>\n<p><span style=\"color: #ffffff;\">Erst wenn Bed\u00fcrfnisse wie Sicherheit, Autonomie, Kompetenz und Zugeh\u00f6rigkeit erf\u00fcllt sind, k\u00f6nnen wir uns weitergehenden Fragen zuwenden<\/span><\/p>\n<p><span style=\"color: #ffffff;\">Wir unterst\u00fctzen beim Aufbau einer Vertrauenskultur und bei der Entwicklung von Bottom-up-Initiativen, damit sich die Mitarbeiter durch den Wandel nicht bedroht, sondern gest\u00e4rkt f\u00fchlen.<\/span><\/p>\n\n\t\t<\/div>\n\t<\/div>\n<\/div><\/div><\/div><div class=\"wpb_column vc_column_container vc_col-sm-6\"><div class=\"vc_column-inner\"><div class=\"wpb_wrapper\">\n\t<div  class=\"wpb_single_image wpb_content_element vc_align_left wpb_content_element  no-marginbottom-mobile\">\n\t\t\n\t\t<figure class=\"wpb_wrapper vc_figure\">\n\t\t\t<div class=\"vc_single_image-wrapper   vc_box_border_grey\"><img loading=\"lazy\" decoding=\"async\" width=\"1500\" height=\"1000\" src=\"https:\/\/www.co-do-lab.org\/wp-content\/uploads\/2025\/09\/2025-05-22_co-do-lab_0397.jpg\" class=\"vc_single_image-img attachment-full\" alt=\"\" title=\"co-do! lab Transformationsreise, Wuppertal\" srcset=\"https:\/\/www.co-do-lab.org\/wp-content\/uploads\/2025\/09\/2025-05-22_co-do-lab_0397.jpg 1500w, https:\/\/www.co-do-lab.org\/wp-content\/uploads\/2025\/09\/2025-05-22_co-do-lab_0397-768x512.jpg 768w, https:\/\/www.co-do-lab.org\/wp-content\/uploads\/2025\/09\/2025-05-22_co-do-lab_0397-991x661.jpg 991w, https:\/\/www.co-do-lab.org\/wp-content\/uploads\/2025\/09\/2025-05-22_co-do-lab_0397-1536x1024.jpg 1536w, https:\/\/www.co-do-lab.org\/wp-content\/uploads\/2025\/09\/2025-05-22_co-do-lab_0397-18x12.jpg 18w\" sizes=\"auto, (max-width: 1500px) 100vw, 1500px\" \/><\/div>\n\t\t<\/figure>\n\t<\/div>\n<\/div><\/div><\/div><\/div><\/div><\/div><\/div><\/div>\n<\/div>","protected":false},"excerpt":{"rendered":"<p>Wir schaffen Raum f\u00fcr innovative L\u00f6sungen und begleiten dich dabei, jene zu prototypisieren, die Skalierungspotenzial haben.<\/p>","protected":false},"author":6,"featured_media":1055,"parent":0,"menu_order":0,"comment_status":"closed","ping_status":"closed","template":"","meta":{"_acf_changed":false,"footnotes":""},"class_list":["post-1047","page","type-page","status-publish","hentry"],"acf":[],"_links":{"self":[{"href":"https:\/\/www.co-do-lab.org\/de\/wp-json\/wp\/v2\/pages\/1047","targetHints":{"allow":["GET"]}}],"collection":[{"href":"https:\/\/www.co-do-lab.org\/de\/wp-json\/wp\/v2\/pages"}],"about":[{"href":"https:\/\/www.co-do-lab.org\/de\/wp-json\/wp\/v2\/types\/page"}],"author":[{"embeddable":true,"href":"https:\/\/www.co-do-lab.org\/de\/wp-json\/wp\/v2\/users\/6"}],"replies":[{"embeddable":true,"href":"https:\/\/www.co-do-lab.org\/de\/wp-json\/wp\/v2\/comments?post=1047"}],"version-history":[{"count":0,"href":"https:\/\/www.co-do-lab.org\/de\/wp-json\/wp\/v2\/pages\/1047\/revisions"}],"wp:featuredmedia":[{"embeddable":true,"href":"https:\/\/www.co-do-lab.org\/de\/wp-json\/wp\/v2\/media\/1055"}],"wp:attachment":[{"href":"https:\/\/www.co-do-lab.org\/de\/wp-json\/wp\/v2\/media?parent=1047"}],"curies":[{"name":"wp","href":"https:\/\/api.w.org\/{rel}","templated":true}]}}