{"id":1408,"date":"2025-06-04T14:56:09","date_gmt":"2025-06-04T12:56:09","guid":{"rendered":"https:\/\/www.co-do-lab.org\/?page_id=1408"},"modified":"2026-02-19T11:55:00","modified_gmt":"2026-02-19T10:55:00","slug":"hallo-transformationsregistrierung","status":"publish","type":"page","link":"https:\/\/www.co-do-lab.org\/de\/hallo-transformationsregistrierung\/","title":{"rendered":"Hello Transformation Anmeldung"},"content":{"rendered":"<div class=\"wpb-content-wrapper\"><div class=\"vc_row wpb_row vc_row-fluid\"><div class=\"wpb_column vc_column_container vc_col-sm-12\"><div class=\"vc_column-inner\"><div class=\"wpb_wrapper\"><div class=\"wpb_gallery wpb_content_element vc_clearfix wpb_content_element\" ><div class=\"wpb_wrapper\"><div class=\"wpb_gallery_slides wpb_flexslider flexslider_fade flexslider\" data-interval=\"3\" data-flex_fx=\"fade\"><ul class=\"slides\"><li><a class=\"\" href=\"https:\/\/www.co-do-lab.org\/wp-content\/uploads\/2025\/06\/2025-05-22_co-do-lab_0636-991x661.jpg\" data-lightbox=\"lightbox[rel-1408-1239446931]\"><img loading=\"lazy\" decoding=\"async\" width=\"991\" height=\"661\" src=\"https:\/\/www.co-do-lab.org\/wp-content\/uploads\/2025\/06\/2025-05-22_co-do-lab_0636-991x661.jpg\" class=\"attachment-large\" alt=\"\" title=\"co-do! lab Transformationsreise, Wuppertal\" srcset=\"https:\/\/www.co-do-lab.org\/wp-content\/uploads\/2025\/06\/2025-05-22_co-do-lab_0636-991x661.jpg 991w, https:\/\/www.co-do-lab.org\/wp-content\/uploads\/2025\/06\/2025-05-22_co-do-lab_0636-768x512.jpg 768w, https:\/\/www.co-do-lab.org\/wp-content\/uploads\/2025\/06\/2025-05-22_co-do-lab_0636-1536x1024.jpg 1536w, https:\/\/www.co-do-lab.org\/wp-content\/uploads\/2025\/06\/2025-05-22_co-do-lab_0636-18x12.jpg 18w, https:\/\/www.co-do-lab.org\/wp-content\/uploads\/2025\/06\/2025-05-22_co-do-lab_0636.jpg 1500w\" sizes=\"auto, (max-width: 991px) 100vw, 991px\" \/><\/a><\/li><li><a class=\"\" href=\"https:\/\/www.co-do-lab.org\/wp-content\/uploads\/2025\/06\/2025-05-22_co-do-lab_0083-991x661.jpg\" data-lightbox=\"lightbox[rel-1408-1239446931]\"><img loading=\"lazy\" decoding=\"async\" width=\"991\" height=\"661\" src=\"https:\/\/www.co-do-lab.org\/wp-content\/uploads\/2025\/06\/2025-05-22_co-do-lab_0083-991x661.jpg\" class=\"attachment-large\" alt=\"\" title=\"co-do! lab Transformationsreise, Wuppertal\" srcset=\"https:\/\/www.co-do-lab.org\/wp-content\/uploads\/2025\/06\/2025-05-22_co-do-lab_0083-991x661.jpg 991w, https:\/\/www.co-do-lab.org\/wp-content\/uploads\/2025\/06\/2025-05-22_co-do-lab_0083-768x512.jpg 768w, https:\/\/www.co-do-lab.org\/wp-content\/uploads\/2025\/06\/2025-05-22_co-do-lab_0083-1536x1024.jpg 1536w, https:\/\/www.co-do-lab.org\/wp-content\/uploads\/2025\/06\/2025-05-22_co-do-lab_0083-18x12.jpg 18w, https:\/\/www.co-do-lab.org\/wp-content\/uploads\/2025\/06\/2025-05-22_co-do-lab_0083.jpg 1500w\" sizes=\"auto, (max-width: 991px) 100vw, 991px\" \/><\/a><\/li><li><a class=\"\" href=\"https:\/\/www.co-do-lab.org\/wp-content\/uploads\/2025\/06\/2025-05-22_co-do-lab_0333-991x661.jpg\" data-lightbox=\"lightbox[rel-1408-1239446931]\"><img loading=\"lazy\" decoding=\"async\" width=\"991\" height=\"661\" src=\"https:\/\/www.co-do-lab.org\/wp-content\/uploads\/2025\/06\/2025-05-22_co-do-lab_0333-991x661.jpg\" class=\"attachment-large\" alt=\"\" title=\"co-do! lab Transformationsreise, Wuppertal\" srcset=\"https:\/\/www.co-do-lab.org\/wp-content\/uploads\/2025\/06\/2025-05-22_co-do-lab_0333-991x661.jpg 991w, https:\/\/www.co-do-lab.org\/wp-content\/uploads\/2025\/06\/2025-05-22_co-do-lab_0333-768x512.jpg 768w, https:\/\/www.co-do-lab.org\/wp-content\/uploads\/2025\/06\/2025-05-22_co-do-lab_0333-1536x1024.jpg 1536w, https:\/\/www.co-do-lab.org\/wp-content\/uploads\/2025\/06\/2025-05-22_co-do-lab_0333-18x12.jpg 18w, https:\/\/www.co-do-lab.org\/wp-content\/uploads\/2025\/06\/2025-05-22_co-do-lab_0333.jpg 1500w\" sizes=\"auto, (max-width: 991px) 100vw, 991px\" \/><\/a><\/li><\/ul><\/div><\/div><\/div>\n\t<div class=\"wpb_text_column wpb_content_element\" >\n\t\t<div class=\"wpb_wrapper\">\n\t\t\t<blockquote>\n<h2>Hello Transformation Anmeldung<\/h2>\n<\/blockquote>\n\n\t\t<\/div>\n\t<\/div>\n<style id=\"wpforms-css-vars-1733\">\n\t\t\t\t#wpforms-1733 {\n\t\t\t\t--wpforms-container-padding: 0px;\n--wpforms-container-border-width: 1px;\n--wpforms-container-border-radius: 3px;\n--wpforms-background-color: rgba(0, 0, 0, 0);\n--wpforms-field-size-input-height: 43px;\n--wpforms-field-size-input-spacing: 15px;\n--wpforms-field-size-font-size: 16px;\n--wpforms-field-size-line-height: 19px;\n--wpforms-field-size-padding-h: 14px;\n--wpforms-field-size-checkbox-size: 16px;\n--wpforms-field-size-sublabel-spacing: 5px;\n--wpforms-field-size-icon-size: 1;\n--wpforms-label-size-font-size: 16px;\n--wpforms-label-size-line-height: 19px;\n--wpforms-label-size-sublabel-font-size: 14px;\n--wpforms-label-size-sublabel-line-height: 17px;\n--wpforms-button-size-font-size: 17px;\n--wpforms-button-size-height: 41px;\n--wpforms-button-size-padding-h: 15px;\n--wpforms-button-size-margin-top: 10px;\n--wpforms-container-shadow-size-box-shadow: none;\n\n\t\t\t}\n\t\t\t<\/style><div class=\"wpforms-container wpforms-container-full wpforms-render-modern\" id=\"wpforms-1733\"><form id=\"wpforms-form-1733\" class=\"wpforms-validate wpforms-form wpforms-ajax-form\" data-formid=\"1733\" method=\"post\" enctype=\"multipart\/form-data\" action=\"\/de\/wp-json\/wp\/v2\/pages\/1408\" data-token=\"5acf0d1bf66c1d190d3c98e4dd426760\" data-token-time=\"1776881841\" data-trp-original-action=\"\/de\/wp-json\/wp\/v2\/pages\/1408\"><noscript class=\"wpforms-error-noscript\">Bitte aktivieren Sie JavaScript in Ihrem Browser, um dieses Formular fertigzustellen.<\/noscript><div id=\"wpforms-error-noscript\" style=\"display: none;\">Bitte aktivieren Sie JavaScript in Ihrem Browser, um dieses Formular fertigzustellen.<\/div><div class=\"wpforms-field-container\"><div id=\"wpforms-1733-field_1-container\" class=\"wpforms-field wpforms-field-checkbox\" data-field-id=\"1\"><fieldset><legend class=\"wpforms-field-label\">W\u00e4hlen Sie Ihr Angebot: <span class=\"wpforms-required-label\" aria-hidden=\"true\">*<\/span><\/legend><ul id=\"wpforms-1733-field_1\" class=\"wpforms-field-required\" data-choice-limit=\"1\"><li class=\"choice-1 depth-1\"><input type=\"checkbox\" id=\"wpforms-1733-field_1_1\" data-rule-check-limit=\"true\" name=\"wpforms[fields][1][]\" value=\"Individual (550\u20ac per day, total 2,200\u20ac)\" aria-errormessage=\"wpforms-1733-field_1_1-error\" required><label class=\"wpforms-field-label-inline\" for=\"wpforms-1733-field_1_1\">Einzelperson (550\u20ac pro Tag, insgesamt 2.200\u20ac)<\/label><\/li><li class=\"choice-2 depth-1\"><input type=\"checkbox\" id=\"wpforms-1733-field_1_2\" data-rule-check-limit=\"true\" name=\"wpforms[fields][1][]\" value=\"NGO (650\u20ac per day, total 2,600\u20ac)\" aria-errormessage=\"wpforms-1733-field_1_2-error\" required><label class=\"wpforms-field-label-inline\" for=\"wpforms-1733-field_1_2\">NGO (650\u20ac pro Tag, insgesamt 2.600\u20ac)<\/label><\/li><li class=\"choice-3 depth-1\"><input type=\"checkbox\" id=\"wpforms-1733-field_1_3\" data-rule-check-limit=\"true\" name=\"wpforms[fields][1][]\" value=\"Business (750\u20ac per day, total 3,000\u20ac)\" aria-errormessage=\"wpforms-1733-field_1_3-error\" required><label class=\"wpforms-field-label-inline\" for=\"wpforms-1733-field_1_3\">Business (750\u20ac pro Tag, insgesamt 3.000\u20ac)<\/label><\/li><\/ul><\/fieldset><\/div><div id=\"wpforms-1733-field_24-container\" class=\"wpforms-field wpforms-field-checkbox\" data-field-id=\"24\"><fieldset><legend class=\"wpforms-field-label\">An welchem Durchlauf bist du interessiert? <span class=\"wpforms-required-label\" aria-hidden=\"true\">*<\/span><\/legend><ul id=\"wpforms-1733-field_24\" class=\"wpforms-field-required\" data-choice-limit=\"1\"><li class=\"choice-1 depth-1\"><input type=\"checkbox\" id=\"wpforms-1733-field_24_1\" data-rule-check-limit=\"true\" name=\"wpforms[fields][24][]\" value=\"01. &amp; 02. July 2026 and 09. &amp; 10. September 2026\" aria-errormessage=\"wpforms-1733-field_24_1-error\" required><label class=\"wpforms-field-label-inline\" for=\"wpforms-1733-field_24_1\">01. &amp; 02. Juli 2026 und 09. &amp; 10. September 2026<\/label><\/li><li class=\"choice-3 depth-1\"><input type=\"checkbox\" id=\"wpforms-1733-field_24_3\" data-rule-check-limit=\"true\" name=\"wpforms[fields][24][]\" value=\"I&#039;m not available on the available days, but I&#039;d like to hear about future opportunities.\" aria-errormessage=\"wpforms-1733-field_24_3-error\" required><label class=\"wpforms-field-label-inline\" for=\"wpforms-1733-field_24_3\">Ich bin an den verf\u00fcgbaren Tagen nicht verf\u00fcgbar, aber ich w\u00fcrde gerne von zuk\u00fcnftigen M\u00f6glichkeiten h\u00f6ren.<\/label><\/li><\/ul><\/fieldset><\/div><div id=\"wpforms-1733-field_6-container\" class=\"wpforms-field wpforms-field-text\" data-field-id=\"6\"><label class=\"wpforms-field-label\" for=\"wpforms-1733-field_6\">Titel<\/label><input type=\"text\" id=\"wpforms-1733-field_6\" class=\"wpforms-field-medium\" name=\"wpforms[fields][6]\" aria-errormessage=\"wpforms-1733-field_6-error\" ><\/div><div id=\"wpforms-1733-field_3-container\" class=\"wpforms-field wpforms-field-name\" data-field-id=\"3\"><fieldset><legend class=\"wpforms-field-label\">Name <span class=\"wpforms-required-label\" aria-hidden=\"true\">*<\/span><\/legend><div class=\"wpforms-field-row wpforms-field-medium\"><div class=\"wpforms-field-row-block wpforms-first wpforms-one-half\"><input type=\"text\" id=\"wpforms-1733-field_3\" class=\"wpforms-field-name-first wpforms-field-required\" name=\"wpforms[fields][3][first]\" aria-errormessage=\"wpforms-1733-field_3-error\" required><label for=\"wpforms-1733-field_3\" class=\"wpforms-field-sublabel after\">Vorname<\/label><\/div><div class=\"wpforms-field-row-block wpforms-one-half\"><input type=\"text\" id=\"wpforms-1733-field_3-last\" class=\"wpforms-field-name-last wpforms-field-required\" name=\"wpforms[fields][3][last]\" aria-errormessage=\"wpforms-1733-field_3-last-error\" required><label for=\"wpforms-1733-field_3-last\" class=\"wpforms-field-sublabel after\">Nachname<\/label><\/div><\/div><\/fieldset><\/div><div id=\"wpforms-1733-field_4-container\" class=\"wpforms-field wpforms-field-email\" data-field-id=\"4\"><label class=\"wpforms-field-label\" for=\"wpforms-1733-field_4\">E-Mail <span class=\"wpforms-required-label\" aria-hidden=\"true\">*<\/span><\/label><input type=\"email\" id=\"wpforms-1733-field_4\" class=\"wpforms-field-medium wpforms-field-required\" name=\"wpforms[fields][4]\" spellcheck=\"false\" aria-errormessage=\"wpforms-1733-field_4-error\" required><\/div><div id=\"wpforms-1733-field_23-container\" class=\"wpforms-field wpforms-field-text\" data-field-id=\"23\"><label class=\"wpforms-field-label\" for=\"wpforms-1733-field_23\">Rufnummer <span class=\"wpforms-required-label\" aria-hidden=\"true\">*<\/span><\/label><input type=\"text\" id=\"wpforms-1733-field_23\" class=\"wpforms-field-medium wpforms-field-required\" name=\"wpforms[fields][23]\" aria-errormessage=\"wpforms-1733-field_23-error\" required><\/div><div id=\"wpforms-1733-field_7-container\" class=\"wpforms-field wpforms-field-text\" data-field-id=\"7\"><label class=\"wpforms-field-label\" for=\"wpforms-1733-field_7\">Berufsbezeichnung<\/label><input type=\"text\" id=\"wpforms-1733-field_7\" class=\"wpforms-field-medium\" name=\"wpforms[fields][7]\" aria-errormessage=\"wpforms-1733-field_7-error\" ><\/div>\t\t<div id=\"wpforms-1733-field_2-container\"\n\t\t\tclass=\"wpforms-field wpforms-field-text\"\n\t\t\tdata-field-type=\"text\"\n\t\t\tdata-field-id=\"2\"\n\t\t\t>\n\t\t\t<label class=\"wpforms-field-label\" for=\"wpforms-1733-field_2\" >Email title and<\/label>\n\t\t\t<input type=\"text\" id=\"wpforms-1733-field_2\" class=\"wpforms-field-medium\" name=\"wpforms[fields][2]\" >\n\t\t<\/div>\n\t\t<div id=\"wpforms-1733-field_8-container\" class=\"wpforms-field wpforms-field-text\" data-field-id=\"8\"><label class=\"wpforms-field-label\" for=\"wpforms-1733-field_8\">Kommentar<\/label><input type=\"text\" id=\"wpforms-1733-field_8\" class=\"wpforms-field-medium\" name=\"wpforms[fields][8]\" aria-errormessage=\"wpforms-1733-field_8-error\" ><\/div><div id=\"wpforms-1733-field_10-container\" class=\"wpforms-field wpforms-field-text\" data-field-id=\"10\"><label class=\"wpforms-field-label\" for=\"wpforms-1733-field_10\">Organisation<\/label><input type=\"text\" id=\"wpforms-1733-field_10\" class=\"wpforms-field-medium\" name=\"wpforms[fields][10]\" aria-errormessage=\"wpforms-1733-field_10-error\" aria-describedby=\"wpforms-1733-field_10-description\" ><div id=\"wpforms-1733-field_10-description\" class=\"wpforms-field-description\">Obligatorisch, wenn die Organisation die Kosten \u00fcbernimmt.<\/div><\/div><div id=\"wpforms-1733-field_12-container\" class=\"wpforms-field wpforms-field-email\" data-field-id=\"12\"><label class=\"wpforms-field-label\" for=\"wpforms-1733-field_12\">E-Mail Adresse der Rechnung <span class=\"wpforms-required-label\" aria-hidden=\"true\">*<\/span><\/label><input type=\"email\" id=\"wpforms-1733-field_12\" class=\"wpforms-field-medium wpforms-field-required\" name=\"wpforms[fields][12]\" spellcheck=\"false\" aria-errormessage=\"wpforms-1733-field_12-error\" required><\/div><div id=\"wpforms-1733-field_13-container\" class=\"wpforms-field wpforms-field-text\" data-field-id=\"13\"><label class=\"wpforms-field-label\" for=\"wpforms-1733-field_13\">UMSATZSTEUER-ID <\/label><input type=\"text\" id=\"wpforms-1733-field_13\" class=\"wpforms-field-medium\" name=\"wpforms[fields][13]\" aria-errormessage=\"wpforms-1733-field_13-error\" aria-describedby=\"wpforms-1733-field_13-description\" ><div id=\"wpforms-1733-field_13-description\" class=\"wpforms-field-description\">Obligatorisch, wenn die Organisation die Kosten \u00fcbernimmt.<\/div><\/div><div id=\"wpforms-1733-field_19-container\" class=\"wpforms-field wpforms-field-text\" data-field-id=\"19\"><label class=\"wpforms-field-label\" for=\"wpforms-1733-field_19\">Stra\u00dfe und Hausnummer <span class=\"wpforms-required-label\" aria-hidden=\"true\">*<\/span><\/label><input type=\"text\" id=\"wpforms-1733-field_19\" class=\"wpforms-field-medium wpforms-field-required\" name=\"wpforms[fields][19]\" aria-errormessage=\"wpforms-1733-field_19-error\" required><\/div><div id=\"wpforms-1733-field_20-container\" class=\"wpforms-field wpforms-field-text\" data-field-id=\"20\"><label class=\"wpforms-field-label\" for=\"wpforms-1733-field_20\">Postleitzahl <span class=\"wpforms-required-label\" aria-hidden=\"true\">*<\/span><\/label><input type=\"text\" id=\"wpforms-1733-field_20\" class=\"wpforms-field-medium wpforms-field-required\" name=\"wpforms[fields][20]\" aria-errormessage=\"wpforms-1733-field_20-error\" required><\/div><div id=\"wpforms-1733-field_21-container\" class=\"wpforms-field wpforms-field-text\" data-field-id=\"21\"><label class=\"wpforms-field-label\" for=\"wpforms-1733-field_21\">Stadt <span class=\"wpforms-required-label\" aria-hidden=\"true\">*<\/span><\/label><input type=\"text\" id=\"wpforms-1733-field_21\" class=\"wpforms-field-medium wpforms-field-required\" name=\"wpforms[fields][21]\" aria-errormessage=\"wpforms-1733-field_21-error\" required><\/div><div id=\"wpforms-1733-field_22-container\" class=\"wpforms-field wpforms-field-text\" data-field-id=\"22\"><label class=\"wpforms-field-label\" for=\"wpforms-1733-field_22\">Land <span class=\"wpforms-required-label\" aria-hidden=\"true\">*<\/span><\/label><input type=\"text\" id=\"wpforms-1733-field_22\" class=\"wpforms-field-medium wpforms-field-required\" name=\"wpforms[fields][22]\" aria-errormessage=\"wpforms-1733-field_22-error\" required><\/div><div id=\"wpforms-1733-field_16-container\" class=\"wpforms-field wpforms-field-checkbox\" data-field-id=\"16\"><fieldset><legend class=\"wpforms-field-label\">Bedingungen und Konditionen <span class=\"wpforms-required-label\" aria-hidden=\"true\">*<\/span><\/legend><ul id=\"wpforms-1733-field_16\" class=\"wpforms-field-required\"><li class=\"choice-1 depth-1\"><input type=\"checkbox\" id=\"wpforms-1733-field_16_1\" name=\"wpforms[fields][16][]\" value=\"I hereby confirm that I have read and accept the &lt;a target=&quot;_blank&quot; href=&quot;https:\/\/nextcloud.cscp.net\/nextcloud\/index.php\/s\/DpLCwF4nFAw5tmT&quot;&gt;Terms and Conditions&lt;\/a&gt;, including the Cancellation Policy, and agree to be legally bound by them.\" aria-errormessage=\"wpforms-1733-field_16_1-error\" required><label class=\"wpforms-field-label-inline\" for=\"wpforms-1733-field_16_1\">Ich best\u00e4tige hiermit, dass ich die folgenden Informationen gelesen habe und akzeptiere <a target=\"_blank\" href=\"https:\/\/nextcloud.cscp.net\/nextcloud\/index.php\/s\/DpLCwF4nFAw5tmT\">Bedingungen und Konditionen<\/a>einschlie\u00dflich der Widerrufsbelehrung, und erkl\u00e4ren sich damit einverstanden, rechtlich an diese gebunden zu sein.<\/label><\/li><\/ul><\/fieldset><\/div><div id=\"wpforms-1733-field_17-container\" class=\"wpforms-field wpforms-field-checkbox\" data-field-id=\"17\"><fieldset><legend class=\"wpforms-field-label\">Datenschutzbestimmungen <span class=\"wpforms-required-label\" aria-hidden=\"true\">*<\/span><\/legend><ul id=\"wpforms-1733-field_17\" class=\"wpforms-field-required\"><li class=\"choice-1 depth-1\"><input type=\"checkbox\" id=\"wpforms-1733-field_17_1\" name=\"wpforms[fields][17][]\" value=\"I consent to the collection, storage, and processing of my personal data for the purpose of processing my request, in accordance with the &lt;a target=&quot;_blank&quot; href=&quot;https:\/\/www.co-do-lab.org\/privacy-policy\/&quot;&gt;Privacy Policy&lt;\/a&gt;. I understand that I can withdraw my consent at any time.\" aria-errormessage=\"wpforms-1733-field_17_1-error\" required><label class=\"wpforms-field-label-inline\" for=\"wpforms-1733-field_17_1\">Ich stimme der Erhebung, Speicherung und Verarbeitung meiner personenbezogenen Daten zum Zwecke der Bearbeitung meiner Anfrage gem\u00e4\u00df den Bestimmungen der <a target=\"_blank\" href=\"https:\/\/www.co-do-lab.org\/de\/datenschutzbestimmungen\/\">Datenschutzbestimmungen<\/a>. Mir ist bekannt, dass ich meine Einwilligung jederzeit widerrufen kann.<\/label><\/li><\/ul><\/fieldset><\/div><script>\n\t\t\t\t( function() {\n\t\t\t\t\tconst style = document.createElement( 'style' );\n\t\t\t\t\tstyle.appendChild( document.createTextNode( '#wpforms-1733-field_2-container { position: absolute !important; overflow: hidden !important; display: inline !important; height: 1px !important; width: 1px !important; z-index: -1000 !important; padding: 0 !important; } #wpforms-1733-field_2-container input { visibility: hidden; } #wpforms-conversational-form-page #wpforms-1733-field_2-container label { counter-increment: none; }' ) );\n\t\t\t\t\tdocument.head.appendChild( style );\n\t\t\t\t\tdocument.currentScript?.remove();\n\t\t\t\t} )();\n\t\t\t<\/script><\/div><!-- .wpforms-field-container --><div class=\"wpforms-submit-container\" ><input type=\"hidden\" name=\"wpforms[id]\" value=\"1733\"><input type=\"hidden\" name=\"page_title\" value=\"\"><input type=\"hidden\" name=\"page_url\" value=\"https:\/\/www.co-do-lab.org\/de\/wp-json\/wp\/v2\/pages\/1408\"><input type=\"hidden\" name=\"url_referer\" value=\"\"><button type=\"submit\" name=\"wpforms[submit]\" id=\"wpforms-submit-1733\" class=\"wpforms-submit\" data-alt-text=\"Sending\u2026\" data-submit-text=\"Submit\" aria-live=\"assertive\" value=\"wpforms-submit\">Einreichen<\/button><img loading=\"lazy\" decoding=\"async\" src=\"https:\/\/www.co-do-lab.org\/wp-content\/plugins\/wpforms-lite\/assets\/images\/submit-spin.svg\" class=\"wpforms-submit-spinner\" style=\"display: none;\" width=\"26\" height=\"26\" alt=\"Wird geladen\"><\/div><input type=\"hidden\" name=\"trp-form-language\" value=\"de\"\/><\/form><\/div>  <!-- .wpforms-container --><\/div><\/div><\/div><\/div><div class=\"vc_row wpb_row vc_row-fluid\"><div class=\"wpb_column vc_column_container vc_col-sm-12\"><div class=\"vc_column-inner\"><div class=\"wpb_wrapper\"><\/div><\/div><\/div><\/div>\n<\/div>","protected":false},"excerpt":{"rendered":"Hallo Transformation Registration Bitte aktivieren Sie JavaScript in Ihrem Browser, um dieses Formular fertigzustellen.Bitte aktivieren Sie JavaScript [...]","protected":false},"author":6,"featured_media":0,"parent":0,"menu_order":0,"comment_status":"closed","ping_status":"closed","template":"","meta":{"_acf_changed":false,"footnotes":""},"class_list":["post-1408","page","type-page","status-publish","hentry"],"acf":[],"_links":{"self":[{"href":"https:\/\/www.co-do-lab.org\/de\/wp-json\/wp\/v2\/pages\/1408","targetHints":{"allow":["GET"]}}],"collection":[{"href":"https:\/\/www.co-do-lab.org\/de\/wp-json\/wp\/v2\/pages"}],"about":[{"href":"https:\/\/www.co-do-lab.org\/de\/wp-json\/wp\/v2\/types\/page"}],"author":[{"embeddable":true,"href":"https:\/\/www.co-do-lab.org\/de\/wp-json\/wp\/v2\/users\/6"}],"replies":[{"embeddable":true,"href":"https:\/\/www.co-do-lab.org\/de\/wp-json\/wp\/v2\/comments?post=1408"}],"version-history":[{"count":0,"href":"https:\/\/www.co-do-lab.org\/de\/wp-json\/wp\/v2\/pages\/1408\/revisions"}],"wp:attachment":[{"href":"https:\/\/www.co-do-lab.org\/de\/wp-json\/wp\/v2\/media?parent=1408"}],"curies":[{"name":"wp","href":"https:\/\/api.w.org\/{rel}","templated":true}]}}