{"id":1556,"date":"2025-12-08T14:57:18","date_gmt":"2025-12-08T13:57:18","guid":{"rendered":"https:\/\/www.co-do-lab.org\/?page_id=1556"},"modified":"2025-12-11T09:38:57","modified_gmt":"2025-12-11T08:38:57","slug":"100-stimmen-zur-zukunft","status":"publish","type":"page","link":"https:\/\/www.co-do-lab.org\/de\/100-stimmen-zur-zukunft\/","title":{"rendered":"100 Stimmen zur Zukunft"},"content":{"rendered":"<div class=\"wpb-content-wrapper\"><div class=\"vc_row wpb_row vc_row-fluid white-text vc_custom_1764839462367 vc_row-has-fill\"><div class=\"wpb_column vc_column_container vc_col-sm-12\"><div class=\"vc_column-inner\"><div class=\"wpb_wrapper\"><div class=\"vc_row wpb_row vc_inner vc_row-fluid vc_row-o-content-top vc_row-flex\"><div class=\"wpb_column vc_column_container vc_col-sm-12\"><div class=\"vc_column-inner\"><div class=\"wpb_wrapper\">\n\t<div class=\"wpb_text_column wpb_content_element\" >\n\t\t<div class=\"wpb_wrapper\">\n\t\t\t<h1><span style=\"color: #224a4a;\">100 Stimmen zur Zukunft!<\/span><\/h1>\n\n\t\t<\/div>\n\t<\/div>\n\n\t<div class=\"wpb_text_column wpb_content_element bg-text largerParagraphs\" >\n\t\t<div class=\"wpb_wrapper\">\n\t\t\t<p><span style=\"color: #224a4a;\">Wir haben 100 Stimmen, Perspektiven und Visionen zur Zukunft gesammelt. Schau sie dir an!<\/span><\/p>\n\n\t\t<\/div>\n\t<\/div>\n\n\t<div class=\"wpb_text_column wpb_content_element overline largerParagraphs p-t-small\" >\n\t\t<div class=\"wpb_wrapper\">\n\t\t\t<p>Die gro\u00dfe Frage: <strong>Wie gestalten wir heute und in Zukunft eine Welt, in der Nachhaltigkeit selbstverst\u00e4ndlich ist?<\/strong><\/p>\n\n\t\t<\/div>\n\t<\/div>\n<\/div><\/div><\/div><\/div><\/div><\/div><\/div><\/div><div class=\"vc_row wpb_row vc_row-fluid vc_custom_1764689592424 vc_row-has-fill\"><div class=\"wpb_column vc_column_container vc_col-sm-12\"><div class=\"vc_column-inner\"><div class=\"wpb_wrapper\">\n\t<div class=\"wpb_text_column wpb_content_element\" >\n\t\t<div class=\"wpb_wrapper\">\n\t\t\t<p>\"Die Zukunft sieht nicht gut aus, wir waren zu zuversichtlich, dass Systeme Probleme l\u00f6sen werden. Aber es kommt auf jeden einzelnen Menschen an und erfordert, dass sich jeder bewusst ist, was er oder sie tut, wie es sich auf die Au\u00dfenwelt auswirkt und wie das eigene Verhalten ge\u00e4ndert werden muss.<\/p>\n<p>\u2013 Mohamed, 60 (aus dem Englischen \u00fcbersetzt)<\/p>\n\n\t\t<\/div>\n\t<\/div>\n<\/div><\/div><\/div><\/div><div class=\"vc_row wpb_row vc_row-fluid\"><div class=\"wpb_column vc_column_container vc_col-sm-12\"><div class=\"vc_column-inner\"><div class=\"wpb_wrapper\">\n\t<div class=\"wpb_text_column wpb_content_element\" >\n\t\t<div class=\"wpb_wrapper\">\n\t\t\t<p>\"Im Rahmen meiner Masterarbeit habe ich erforscht, wie man Nachhaltigkeit in digitalen R\u00e4umen zum Standard machen kann - also quasi eine \"neue Normalit\u00e4t\" schafft. Die Idee ist, sich nicht mehr auf die Willenskraft des Einzelnen zu verlassen, sondern auf Systemebene Impulse zu geben und digitale Umgebungen so umzugestalten, dass kohlenstoffarme Entscheidungen zur Norm werden. Bei Videoplattformen w\u00fcrde beispielsweise nicht mehr automatisch die h\u00f6chste Qualit\u00e4t voreingestellt, sondern die Einstellungen w\u00fcrden auf die Bed\u00fcrfnisse des Nutzers abgestimmt, um sein Ziel zu erreichen. Dies ist nur ein Beispiel, aber es zeigt, wie selbst kleine \u00c4nderungen im Design einen echten Unterschied bei der Senkung des digitalen Kohlenstoffverbrauchs ausmachen k\u00f6nnen.<\/p>\n<p>\u2013 Sophie-Anne V. (aus dem Englischen \u00fcbersetzt)<\/p>\n\n\t\t<\/div>\n\t<\/div>\n<\/div><\/div><\/div><\/div><div class=\"vc_row wpb_row vc_row-fluid fluid-image head-no-margin vc_custom_1764689613862 vc_row-has-fill\"><div class=\"wpb_column vc_column_container vc_col-sm-12\"><div class=\"vc_column-inner\"><div class=\"wpb_wrapper\"><div class=\"vc_row wpb_row vc_inner vc_row-fluid col_reverse\"><div class=\"wpb_column vc_column_container vc_col-sm-6\"><div class=\"vc_column-inner\"><div class=\"wpb_wrapper\">\n\t<div class=\"wpb_text_column wpb_content_element white-text\" >\n\t\t<div class=\"wpb_wrapper\">\n\t\t\t<p>\"Je mehr wir uns vom Konzeptuellen und Abstrakten zum Greifbaren und Sinnlichen bewegen, desto normaler wird die Nachhaltigkeit werden.<br \/>\nNiemand \"versteht\" den Mobilit\u00e4tswandel, wenn er sich nicht in einem autofreien Raum in einem Superblock Barcelona, in einer Schulstra\u00dfe in Barcelona befindet.<br \/>\nNiemand \"versteht\" die Nachhaltigkeit eines Unternehmens, wenn er nicht die Erfahrung macht, in einem menschlichen, f\u00fcrsorglichen und inspirierenden Umfeld zu arbeiten, in dem Vision und Mission auf der Produktebene und auf der Ebene der Beziehungen zu den Lieferanten erlebbar sind.<br \/>\nNiemand \"versteht\" unsere f\u00fcrsorgliche Gesellschaft, wenn er nicht die Erfahrung des Miteinanders macht, in seiner Nachbarschaft, in seiner Familie (wie auch immer definiert), in seinem Leben.<br \/>\nNiemand \"versteht\" ein neues urbanes Paradigma, wenn er nicht eine Stadt erlebt, die einfach anders funktioniert, und sei es auch nur f\u00fcr einen Tag.<\/p>\n<p>\u2013 Dr. Martin H. (aus dem Englischen \u00fcbersetzt)<\/p>\n\n\t\t<\/div>\n\t<\/div>\n<\/div><\/div><\/div><div class=\"wpb_column vc_column_container vc_col-sm-6\"><div class=\"vc_column-inner\"><div class=\"wpb_wrapper\">\n\t<div  class=\"wpb_single_image wpb_content_element vc_align_left wpb_content_element\">\n\t\t\n\t\t<figure class=\"wpb_wrapper vc_figure\">\n\t\t\t<div class=\"vc_single_image-wrapper   vc_box_border_grey\"><img loading=\"lazy\" decoding=\"async\" width=\"1500\" height=\"938\" src=\"https:\/\/www.co-do-lab.org\/wp-content\/uploads\/2025\/12\/jacob-thomas-OTsugFV-mQY-unsplash-scaled.jpg\" class=\"vc_single_image-img attachment-full\" alt=\"\" title=\"jacob-thomas-OTsugFV-mQY-unsplash\" srcset=\"https:\/\/www.co-do-lab.org\/wp-content\/uploads\/2025\/12\/jacob-thomas-OTsugFV-mQY-unsplash-scaled.jpg 1500w, https:\/\/www.co-do-lab.org\/wp-content\/uploads\/2025\/12\/jacob-thomas-OTsugFV-mQY-unsplash-768x480.jpg 768w, https:\/\/www.co-do-lab.org\/wp-content\/uploads\/2025\/12\/jacob-thomas-OTsugFV-mQY-unsplash-991x619.jpg 991w, https:\/\/www.co-do-lab.org\/wp-content\/uploads\/2025\/12\/jacob-thomas-OTsugFV-mQY-unsplash-1536x960.jpg 1536w, https:\/\/www.co-do-lab.org\/wp-content\/uploads\/2025\/12\/jacob-thomas-OTsugFV-mQY-unsplash-2048x1280.jpg 2048w, https:\/\/www.co-do-lab.org\/wp-content\/uploads\/2025\/12\/jacob-thomas-OTsugFV-mQY-unsplash-18x12.jpg 18w\" sizes=\"auto, (max-width: 1500px) 100vw, 1500px\" \/><\/div>\n\t\t<\/figure>\n\t<\/div>\n<\/div><\/div><\/div><\/div><\/div><\/div><\/div><\/div><div class=\"vc_row wpb_row vc_row-fluid\"><div class=\"wpb_column vc_column_container vc_col-sm-12\"><div class=\"vc_column-inner\"><div class=\"wpb_wrapper\">\n\t<div class=\"wpb_text_column wpb_content_element white-text\" >\n\t\t<div class=\"wpb_wrapper\">\n\t\t\t<p><span style=\"color: #000000;\">\"Die Zukunft des Essens liegt nicht im Verzicht, sondern in intelligenten Standards: Gesundes und nachhaltiges Essen sollte zum Standard werden, z. B. in Kantinen, Superm\u00e4rkten und bei Veranstaltungen. Wenn das, was gut f\u00fcr die Menschen und den Planeten ist, zur einfachsten Wahl wird, findet ein echter Wandel statt.<\/span><\/p>\n<p><span style=\"color: #000000;\">\u2013 Jennifer W. (aus dem Englischen \u00fcbersetzt)<\/span><\/p>\n\n\t\t<\/div>\n\t<\/div>\n<\/div><\/div><\/div><\/div><div class=\"vc_row wpb_row vc_row-fluid vc_custom_1764689828782 vc_row-has-fill\"><div class=\"wpb_column vc_column_container vc_col-sm-12\"><div class=\"vc_column-inner\"><div class=\"wpb_wrapper\">\n\t<div class=\"wpb_text_column wpb_content_element\" >\n\t\t<div class=\"wpb_wrapper\">\n\t\t\t<p><span style=\"color: #ffffff;\">\"Wie sieht die Zukunft aus?<\/span><\/p>\n<p><span style=\"color: #ffffff;\">Ich w\u00fcrde mir w\u00fcnschen, dass die Zukunft so aussieht: Alle gro\u00dfen St\u00e4dte sind frei von individuellen Autos. Es gibt nur noch Wege f\u00fcr \u00e4ltere Menschen und den Transport von Waren. Die St\u00e4dte sind voll von sch\u00f6nen B\u00e4umen und einer gro\u00dfen Vielfalt von V\u00f6geln und anderen kleinen Tieren. Der gewonnene Platz wird f\u00fcr Parks und vielleicht auch f\u00fcr den Gem\u00fcseanbau genutzt. Die Energie stammt nat\u00fcrlich aus erneuerbaren Quellen, und das Regenwasser wird aufgefangen und in gro\u00dfem Umfang genutzt. Der l\u00e4ndliche Raum wird durch eine hervorragende Infrastruktur wie \u00f6ffentliche Verkehrsmittel, gute Schulen und die Erreichbarkeit medizinischer Dienstleistungen attraktiv gemacht. Familien sollten es lieben, in kleinen St\u00e4dten und D\u00f6rfern zu leben.<\/span><\/p>\n<p><span style=\"color: #ffffff;\">Wie gestalten wir heute und in Zukunft eine Welt, in der Nachhaltigkeit selbstverst\u00e4ndlich ist?<\/span><\/p>\n<p><span style=\"color: #ffffff;\">Ich denke, am wichtigsten ist es, eine Vision zu schaffen, dass Nachhaltigkeit kein loses Projekt ist, bei dem jeder am Ende weniger hat. Es geht um einen Gewinn, auch f\u00fcr Menschen, die denken, dass ihr Leben davon abh\u00e4ngt, mit einem gro\u00dfen und schweren 4-Rad-Fahrzeug in einer Stadt wie Berlin zur Arbeit zu fahren. Die Vision muss \u00fcberall, aber insbesondere in den Schulen umgesetzt werden.\"<\/span><\/p>\n<p><span style=\"color: #ffffff;\">\u2013 Verena, 59 (aus dem Englischen \u00fcbersetzt)<\/span><\/p>\n\n\t\t<\/div>\n\t<\/div>\n<\/div><\/div><\/div><\/div><div class=\"vc_row wpb_row vc_row-fluid vc_custom_1764840529063 vc_row-has-fill\"><div class=\"wpb_column vc_column_container vc_col-sm-12\"><div class=\"vc_column-inner\"><div class=\"wpb_wrapper\">\n\t<div class=\"wpb_text_column wpb_content_element\" >\n\t\t<div class=\"wpb_wrapper\">\n\t\t\t<p>&nbsp;<\/p>\n<p>&nbsp;<\/p>\n<p>&nbsp;<\/p>\n<p>&nbsp;<\/p>\n<p>&nbsp;<\/p>\n<p>.<\/p>\n\n\t\t<\/div>\n\t<\/div>\n<\/div><\/div><\/div><\/div><div class=\"vc_row wpb_row vc_row-fluid\"><div class=\"wpb_column vc_column_container vc_col-sm-12\"><div class=\"vc_column-inner\"><div class=\"wpb_wrapper\">\n\t<div class=\"wpb_text_column wpb_content_element\" >\n\t\t<div class=\"wpb_wrapper\">\n\t\t\t<div class=\"pagination-row\">\n<div>\n<nav class=\"navigation pagination\" aria-label=\"Navigation\">\n<h2 class=\"screen-reader-text\">Navigation<\/h2>\n<div class=\"nav-links\"><span class=\"page-numbers current\" aria-current=\"page\">1<\/span><a class=\"page-numbers\" href=\"https:\/\/www.co-do-lab.org\/de\/100-stimmen-zur-zukunft-2\/\">2<\/a><a class=\"page-numbers\" href=\"https:\/\/www.co-do-lab.org\/de\/100-stimmen-zur-zukunft-3\/\">3<\/a><a class=\"page-numbers\" href=\"https:\/\/www.co-do-lab.org\/de\/100-stimmen-zur-zukunft-4\/\">4<\/a><a class=\"page-numbers\" href=\"https:\/\/www.co-do-lab.org\/de\/100-stimmen-zur-zukunft-5\/\">5<\/a><a class=\"page-numbers\" href=\"https:\/\/www.co-do-lab.org\/de\/100-stimmen-zur-zukunft-6\/\">6<\/a><\/div>\n<\/nav>\n<\/div>\n<\/div>\n\n\t\t<\/div>\n\t<\/div>\n<\/div><\/div><\/div><\/div>\n<\/div>","protected":false},"excerpt":{"rendered":"100 Voices on the Future! We collected 100 voices, perspectives and visions on the future. [...]","protected":false},"author":6,"featured_media":0,"parent":0,"menu_order":0,"comment_status":"closed","ping_status":"closed","template":"","meta":{"_acf_changed":false,"footnotes":""},"class_list":["post-1556","page","type-page","status-publish","hentry"],"acf":[],"_links":{"self":[{"href":"https:\/\/www.co-do-lab.org\/de\/wp-json\/wp\/v2\/pages\/1556","targetHints":{"allow":["GET"]}}],"collection":[{"href":"https:\/\/www.co-do-lab.org\/de\/wp-json\/wp\/v2\/pages"}],"about":[{"href":"https:\/\/www.co-do-lab.org\/de\/wp-json\/wp\/v2\/types\/page"}],"author":[{"embeddable":true,"href":"https:\/\/www.co-do-lab.org\/de\/wp-json\/wp\/v2\/users\/6"}],"replies":[{"embeddable":true,"href":"https:\/\/www.co-do-lab.org\/de\/wp-json\/wp\/v2\/comments?post=1556"}],"version-history":[{"count":0,"href":"https:\/\/www.co-do-lab.org\/de\/wp-json\/wp\/v2\/pages\/1556\/revisions"}],"wp:attachment":[{"href":"https:\/\/www.co-do-lab.org\/de\/wp-json\/wp\/v2\/media?parent=1556"}],"curies":[{"name":"wp","href":"https:\/\/api.w.org\/{rel}","templated":true}]}}