{"id":1616,"date":"2025-12-08T14:58:18","date_gmt":"2025-12-08T13:58:18","guid":{"rendered":"https:\/\/www.co-do-lab.org\/?page_id=1616"},"modified":"2025-12-11T09:50:52","modified_gmt":"2025-12-11T08:50:52","slug":"100-stimmen-zur-zukunft-3","status":"publish","type":"page","link":"https:\/\/www.co-do-lab.org\/de\/100-stimmen-zur-zukunft-3\/","title":{"rendered":"100 Stimmen zur Zukunft"},"content":{"rendered":"<div class=\"wpb-content-wrapper\"><div class=\"vc_row wpb_row vc_row-fluid white-text vc_custom_1764839462367 vc_row-has-fill\"><div class=\"wpb_column vc_column_container vc_col-sm-12\"><div class=\"vc_column-inner\"><div class=\"wpb_wrapper\"><div class=\"vc_row wpb_row vc_inner vc_row-fluid vc_row-o-content-top vc_row-flex\"><div class=\"wpb_column vc_column_container vc_col-sm-12\"><div class=\"vc_column-inner\"><div class=\"wpb_wrapper\">\n\t<div class=\"wpb_text_column wpb_content_element\" >\n\t\t<div class=\"wpb_wrapper\">\n\t\t\t<h1><span style=\"color: #224a4a;\">100 Stimmen zur Zukunft!<\/span><\/h1>\n\n\t\t<\/div>\n\t<\/div>\n\n\t<div class=\"wpb_text_column wpb_content_element bg-text largerParagraphs\" >\n\t\t<div class=\"wpb_wrapper\">\n\t\t\t<p><span style=\"color: #224a4a;\">Wir haben 100 Stimmen, Perspektiven und Visionen zur Zukunft gesammelt. Schau sie dir an!<\/span><\/p>\n\n\t\t<\/div>\n\t<\/div>\n\n\t<div class=\"wpb_text_column wpb_content_element overline largerParagraphs p-t-small\" >\n\t\t<div class=\"wpb_wrapper\">\n\t\t\t<p>Die gro\u00dfe Frage: <strong>Wie gestalten wir heute und in Zukunft eine Welt, in der Nachhaltigkeit selbstverst\u00e4ndlich ist?<\/strong><\/p>\n\n\t\t<\/div>\n\t<\/div>\n<\/div><\/div><\/div><\/div><\/div><\/div><\/div><\/div><div class=\"vc_row wpb_row vc_row-fluid vc_custom_1764689592424 vc_row-has-fill\"><div class=\"wpb_column vc_column_container vc_col-sm-12\"><div class=\"vc_column-inner\"><div class=\"wpb_wrapper\">\n\t<div class=\"wpb_text_column wpb_content_element\" >\n\t\t<div class=\"wpb_wrapper\">\n\t\t\t<p>\"Wir alle h\u00e4ngen von der Umwelt ab, in der wir leben. Nachhaltigkeit zur Norm zu machen, beginnt mit unseren t\u00e4glichen Entscheidungen - mit kleinen, durchdachten Ma\u00dfnahmen, die unseren Gemeinschaften und unserem Planeten zugute kommen. Von dort aus k\u00f6nnen wir diese Denkweise in unsere Arbeit einbringen, indem wir Systeme, Anreize und L\u00f6sungen entwickeln, die verantwortungsvolle Entscheidungen einfacher, umfassender und f\u00fcr alle lohnender machen. Es ist ein langfristiges Unterfangen, das viele von uns gestalten m\u00fcssen, aber jeder Schritt hilft uns, in die richtige Richtung zu gehen.\"<\/p>\n<p>\u2013 Britta H., 42, Senior Project Manager (aus dem Englischen \u00fcbersetzt)<\/p>\n\n\t\t<\/div>\n\t<\/div>\n<\/div><\/div><\/div><\/div><div class=\"vc_row wpb_row vc_row-fluid\"><div class=\"wpb_column vc_column_container vc_col-sm-12\"><div class=\"vc_column-inner\"><div class=\"wpb_wrapper\">\n\t<div class=\"wpb_text_column wpb_content_element\" >\n\t\t<div class=\"wpb_wrapper\">\n\t\t\t<p>\"Ver\u00e4nderungen beginnen im Kleinen! Wenn jeder in seinem Alltag einen Teil dazu beitr\u00e4gt und sein t\u00e4gliches Handeln reflektiert, k\u00f6nnen wir eine gro\u00dfe Wirkung entfalten.\"<\/p>\n<p>\u2013 Imke K., 44<\/p>\n\n\t\t<\/div>\n\t<\/div>\n<\/div><\/div><\/div><\/div><div class=\"vc_row wpb_row vc_row-fluid fluid-image head-no-margin vc_custom_1764689613862 vc_row-has-fill\"><div class=\"wpb_column vc_column_container vc_col-sm-12\"><div class=\"vc_column-inner\"><div class=\"wpb_wrapper\"><div class=\"vc_row wpb_row vc_inner vc_row-fluid col_reverse\"><div class=\"wpb_column vc_column_container vc_col-sm-6\"><div class=\"vc_column-inner\"><div class=\"wpb_wrapper\">\n\t<div class=\"wpb_text_column wpb_content_element white-text\" >\n\t\t<div class=\"wpb_wrapper\">\n\t\t\t<p><span style=\"color: #000000;\">\"Nachhaltigkeit, CSR, ESG, Zweckm\u00e4\u00dfigkeit, Vielfalt... Es gibt so viele Schlagworte, und doch spiegeln sie alle langj\u00e4hrige Werte wider, die wir schon immer kannten: andere Standpunkte respektieren, mit Fairness und Integrit\u00e4t handeln und offen und integrativ sein.<\/span><\/p>\n<p><span style=\"color: #000000;\">Wenn wir diese Grunds\u00e4tze in unserem t\u00e4glichen Leben umsetzen - sowohl durch kleine Gesten als auch durch gro\u00dfe Entscheidungen - und uns daran erinnern, dass wir weder besser noch schlechter sind als andere, dass wir nicht grunds\u00e4tzlich mehr oder weniger verdienen als andere, k\u00f6nnen wir die Welt ver\u00e4ndern.<\/span><\/p>\n<p><span style=\"color: #000000;\">Und denken wir auch daran: Unsere Lieben, unsere Gemeinschaften, diejenigen, die so denken wie wir - auch sie haben es nicht mehr verdient als andere. Jeder hat ein gutes Leben und eine hoffnungsvolle Zukunft verdient. In diesem Sinne k\u00f6nnen wir als lokale und globale Gemeinschaft die faire Revolution unterst\u00fctzen und die Welt ver\u00e4ndern.\"<\/span><\/p>\n<p>\u2013 Cristina F. (aus dem Englischen \u00fcbersetzt)<\/p>\n\n\t\t<\/div>\n\t<\/div>\n<\/div><\/div><\/div><div class=\"wpb_column vc_column_container vc_col-sm-6\"><div class=\"vc_column-inner\"><div class=\"wpb_wrapper\">\n\t<div  class=\"wpb_single_image wpb_content_element vc_align_left wpb_content_element\">\n\t\t\n\t\t<figure class=\"wpb_wrapper vc_figure\">\n\t\t\t<div class=\"vc_single_image-wrapper   vc_box_border_grey\"><img loading=\"lazy\" decoding=\"async\" width=\"1500\" height=\"1000\" src=\"https:\/\/www.co-do-lab.org\/wp-content\/uploads\/2025\/12\/2025-05-22_co-do-lab_0589.jpg\" class=\"vc_single_image-img attachment-full\" alt=\"\" title=\"co-do! lab Transformationsreise, Wuppertal\" srcset=\"https:\/\/www.co-do-lab.org\/wp-content\/uploads\/2025\/12\/2025-05-22_co-do-lab_0589.jpg 1500w, https:\/\/www.co-do-lab.org\/wp-content\/uploads\/2025\/12\/2025-05-22_co-do-lab_0589-768x512.jpg 768w, https:\/\/www.co-do-lab.org\/wp-content\/uploads\/2025\/12\/2025-05-22_co-do-lab_0589-991x661.jpg 991w, https:\/\/www.co-do-lab.org\/wp-content\/uploads\/2025\/12\/2025-05-22_co-do-lab_0589-1536x1024.jpg 1536w, https:\/\/www.co-do-lab.org\/wp-content\/uploads\/2025\/12\/2025-05-22_co-do-lab_0589-18x12.jpg 18w\" sizes=\"auto, (max-width: 1500px) 100vw, 1500px\" \/><\/div>\n\t\t<\/figure>\n\t<\/div>\n<\/div><\/div><\/div><\/div><\/div><\/div><\/div><\/div><div class=\"vc_row wpb_row vc_row-fluid\"><div class=\"wpb_column vc_column_container vc_col-sm-12\"><div class=\"vc_column-inner\"><div class=\"wpb_wrapper\">\n\t<div class=\"wpb_text_column wpb_content_element white-text\" >\n\t\t<div class=\"wpb_wrapper\">\n\t\t\t<p><span style=\"color: #000000;\">\"Indem wir uns dezentralisieren \u2013 also den Fokus nicht auf unsere eigenen Bed\u00fcrfnisse richten, sondern uns als der \u201eBed\u00fcrfniserf\u00fcller\u201c der direkten und indirekten Umwelt verstehen.\"<\/span><\/p>\n<p><span style=\"color: #000000;\">\u2013 Barbara M., Nachhaltigkeitsbeauftragte<\/span><\/p>\n\n\t\t<\/div>\n\t<\/div>\n<\/div><\/div><\/div><\/div><div class=\"vc_row wpb_row vc_row-fluid vc_custom_1764689828782 vc_row-has-fill\"><div class=\"wpb_column vc_column_container vc_col-sm-12\"><div class=\"vc_column-inner\"><div class=\"wpb_wrapper\">\n\t<div class=\"wpb_text_column wpb_content_element\" >\n\t\t<div class=\"wpb_wrapper\">\n\t\t\t<p><span style=\"color: #ffffff;\">\"In einer Welt, in der Nachhaltigkeit das neue Normal ist, m\u00fcssen wir<\/span><\/p>\n<p><span style=\"color: #ffffff;\">Setzen Sie auf M\u00e4\u00dfigung: Indem wir unseren Verbrauch, unseren Ressourcenverbrauch und unser Handeln einschr\u00e4nken, k\u00f6nnen wir eine ausgewogenere und regenerative Welt schaffen. Reduzieren wir den \u00dcberfluss und entscheiden wir uns f\u00fcr Suffizienz, um den Weg f\u00fcr eine nachhaltigere Zukunft zu ebnen.<\/span><\/p>\n<p><span style=\"color: #ffffff;\">Handeln Sie fr\u00fchzeitig: Wenn wir heute in die Pr\u00e4vention investieren, k\u00f6nnen wir Katastrophen von morgen vermeiden. Denken wir an die Bed\u00fcrfnisse k\u00fcnftiger Generationen und setzen wir uns f\u00fcr eine gerechtere und ausgewogenere Welt ein.<\/span><\/p>\n<p><span style=\"color: #ffffff;\">Zusammenarbeit f\u00fcr ein gemeinsames Ziel: Wenn Regierungen, Unternehmen und B\u00fcrger zusammenarbeiten, k\u00f6nnen wir Gro\u00dfes erreichen. Indem wir die \u00f6kologischen Grenzen anerkennen und zusammenarbeiten, k\u00f6nnen wir eine bessere Zukunft f\u00fcr alle schaffen. Lassen Sie uns die Natur als lebendige Quelle sch\u00fctzen, nicht nur als Ressource.<\/span><\/p>\n<p><span style=\"color: #ffffff;\">F\u00f6rdern Sie einen Kulturwandel: Bei der Nachhaltigkeit geht es nicht nur um Technologie oder Politik - es geht auch um einen Wandel unserer Kultur und unserer Werte. Lassen Sie uns \u00f6kologisches Denken in Bildung, Medien und Kunst verankern und langfristige Visionen entwickeln, die \u00fcber kurzfristige Zyklen hinausgehen.<\/span><\/p>\n<p><span style=\"color: #ffffff;\">Wenn wir zusammenarbeiten und bewusste Entscheidungen treffen, k\u00f6nnen wir eine neue Normalit\u00e4t schaffen, die von Respekt vor dem Leben und einer tiefen Verbundenheit mit der nat\u00fcrlichen Welt gepr\u00e4gt ist. Lasst uns gemeinsam eine nachhaltige Zukunft gestalten!\"<\/span><\/p>\n<p><span style=\"color: #ffffff;\">\u2013 Johannes K. (aus dem Englischen \u00fcbersetzt)<\/span><\/p>\n\n\t\t<\/div>\n\t<\/div>\n<\/div><\/div><\/div><\/div><div class=\"vc_row wpb_row vc_row-fluid vc_custom_1764843946856 vc_row-has-fill\"><div class=\"wpb_column vc_column_container vc_col-sm-12\"><div class=\"vc_column-inner\"><div class=\"wpb_wrapper\">\n\t<div class=\"wpb_text_column wpb_content_element\" >\n\t\t<div class=\"wpb_wrapper\">\n\t\t\t<p>&nbsp;<\/p>\n<p>&nbsp;<\/p>\n<p>&nbsp;<\/p>\n<p>&nbsp;<\/p>\n<p>&nbsp;<\/p>\n<p>.<\/p>\n\n\t\t<\/div>\n\t<\/div>\n<\/div><\/div><\/div><\/div><div class=\"vc_row wpb_row vc_row-fluid\"><div class=\"wpb_column vc_column_container vc_col-sm-12\"><div class=\"vc_column-inner\"><div class=\"wpb_wrapper\">\n\t<div class=\"wpb_text_column wpb_content_element\" >\n\t\t<div class=\"wpb_wrapper\">\n\t\t\t<div class=\"pagination-row\">\n<div>\n<nav class=\"navigation pagination\" aria-label=\"Navigation\">\n<h2 class=\"screen-reader-text\">Navigation<\/h2>\n<div class=\"nav-links\"><a class=\"page-numbers\" href=\"https:\/\/www.co-do-lab.org\/de\/100-stimmen-zur-zukunft\/\">1<\/a><a class=\"page-numbers\" href=\"https:\/\/www.co-do-lab.org\/de\/100-stimmen-zur-zukunft-2\/\">2<\/a><span class=\"page-numbers current\" aria-current=\"page\">3<\/span><a class=\"page-numbers\" href=\"https:\/\/www.co-do-lab.org\/de\/100-stimmen-zur-zukunft-4\/\">4<\/a><a class=\"page-numbers\" href=\"https:\/\/www.co-do-lab.org\/de\/100-stimmen-zur-zukunft-5\/\">5<\/a><a class=\"page-numbers\" href=\"https:\/\/www.co-do-lab.org\/de\/100-stimmen-zur-zukunft-6\/\">6<\/a><\/div>\n<\/nav>\n<\/div>\n<\/div>\n\n\t\t<\/div>\n\t<\/div>\n<\/div><\/div><\/div><\/div>\n<\/div>","protected":false},"excerpt":{"rendered":"100 Voices on the Future! We collected 100 voices, perspectives and visions on the future. [...]","protected":false},"author":6,"featured_media":0,"parent":0,"menu_order":0,"comment_status":"closed","ping_status":"closed","template":"","meta":{"_acf_changed":false,"footnotes":""},"class_list":["post-1616","page","type-page","status-publish","hentry"],"acf":[],"_links":{"self":[{"href":"https:\/\/www.co-do-lab.org\/de\/wp-json\/wp\/v2\/pages\/1616","targetHints":{"allow":["GET"]}}],"collection":[{"href":"https:\/\/www.co-do-lab.org\/de\/wp-json\/wp\/v2\/pages"}],"about":[{"href":"https:\/\/www.co-do-lab.org\/de\/wp-json\/wp\/v2\/types\/page"}],"author":[{"embeddable":true,"href":"https:\/\/www.co-do-lab.org\/de\/wp-json\/wp\/v2\/users\/6"}],"replies":[{"embeddable":true,"href":"https:\/\/www.co-do-lab.org\/de\/wp-json\/wp\/v2\/comments?post=1616"}],"version-history":[{"count":0,"href":"https:\/\/www.co-do-lab.org\/de\/wp-json\/wp\/v2\/pages\/1616\/revisions"}],"wp:attachment":[{"href":"https:\/\/www.co-do-lab.org\/de\/wp-json\/wp\/v2\/media?parent=1616"}],"curies":[{"name":"wp","href":"https:\/\/api.w.org\/{rel}","templated":true}]}}