{"id":1624,"date":"2025-12-08T14:58:43","date_gmt":"2025-12-08T13:58:43","guid":{"rendered":"https:\/\/www.co-do-lab.org\/?page_id=1624"},"modified":"2025-12-11T09:52:38","modified_gmt":"2025-12-11T08:52:38","slug":"100-stimmen-zur-zukunft-4","status":"publish","type":"page","link":"https:\/\/www.co-do-lab.org\/de\/100-stimmen-zur-zukunft-4\/","title":{"rendered":"100 Stimmen zur Zukunft"},"content":{"rendered":"<div class=\"wpb-content-wrapper\"><div class=\"vc_row wpb_row vc_row-fluid white-text vc_custom_1764839462367 vc_row-has-fill\"><div class=\"wpb_column vc_column_container vc_col-sm-12\"><div class=\"vc_column-inner\"><div class=\"wpb_wrapper\"><div class=\"vc_row wpb_row vc_inner vc_row-fluid vc_row-o-content-top vc_row-flex\"><div class=\"wpb_column vc_column_container vc_col-sm-12\"><div class=\"vc_column-inner\"><div class=\"wpb_wrapper\">\n\t<div class=\"wpb_text_column wpb_content_element\" >\n\t\t<div class=\"wpb_wrapper\">\n\t\t\t<h1><span style=\"color: #224a4a;\">100 Stimmen zur Zukunft!<\/span><\/h1>\n\n\t\t<\/div>\n\t<\/div>\n\n\t<div class=\"wpb_text_column wpb_content_element bg-text largerParagraphs\" >\n\t\t<div class=\"wpb_wrapper\">\n\t\t\t<p><span style=\"color: #224a4a;\">Wir haben 100 Stimmen, Perspektiven und Visionen zur Zukunft gesammelt. Schau sie dir an!<\/span><\/p>\n\n\t\t<\/div>\n\t<\/div>\n\n\t<div class=\"wpb_text_column wpb_content_element overline largerParagraphs p-t-small\" >\n\t\t<div class=\"wpb_wrapper\">\n\t\t\t<p>Die gro\u00dfe Frage: <strong>Wie gestalten wir heute und in Zukunft eine Welt, in der Nachhaltigkeit selbstverst\u00e4ndlich ist?<\/strong><\/p>\n\n\t\t<\/div>\n\t<\/div>\n<\/div><\/div><\/div><\/div><\/div><\/div><\/div><\/div><div class=\"vc_row wpb_row vc_row-fluid vc_custom_1764689592424 vc_row-has-fill\"><div class=\"wpb_column vc_column_container vc_col-sm-12\"><div class=\"vc_column-inner\"><div class=\"wpb_wrapper\">\n\t<div class=\"wpb_text_column wpb_content_element\" >\n\t\t<div class=\"wpb_wrapper\">\n\t\t\t<p>\u201cUm Nachhaltiges denken und handeln als Selbstverst\u00e4ndlich in Gemeinschaften oder der Weltgemeinschaft zu implementieren bedarf es meiner \u00dcberzeugung nach einen grunds\u00e4tzlichen Wertewandel vom Egozentrierten Denken zu einem Wir verst\u00e4ndnuss. Das heisst wir m\u00fcssen alle unterscheidenden und bewertenden Qualit\u00e4ten (Abwertenden) bei allen Lebewesen, ins besondere aber Menschen, als Wert ersetzen durch Wir orientierte und Verbindende (Verbindliche) Werte. Mein gegen\u00fcber ist nicht zu gro\u00df, zu dick, zu \u2026\u2026 sondern, mein gegen\u00fcber lebt, hat Arme und Beine, schaut mich an, m\u00f6chte gl\u00fccklich sein\u2026\u2026genau wie ich, ohne die einzelnen Qualit\u00e4ten nur durch unsere eigene sozialisierte Wertebrille zu sehen sondern der Grundannahme folgend, mein Gegen\u00fcber tut in jedem Moment das beste was er oder sie, oder es, in diesem Moment kann.<\/p>\n<p>Den Moment feiern, die Vergangenheit als Basis und Geschichte nehmen, die Zukunft als Vision und im besten fall als kreative vision und damit als Orientierung verstehen, also Vergangenheit als Wurzeln, Zukunft als Orientierung(Leuchtturm) Vision, und das jetzt, die Gegenwart als den moment begreifen in dem ich meinen freien Willen jeden moment auf die probe stelle in dem ich mich entscheide, Helfen, heilen aufbauen, Pflegen\u2026.. oder  Vernichten zerst\u00f6ren, T\u00f6ten, unterlassene Hilfeleistung\u2026\u2026.<\/p>\n<p>Kurz: Neujustierung des Menschlichen Wertekompass Weltweit einheitlich. Wir sind mit allem und jedem verbunden, jeder zeit.\u201d<\/p>\n<p>\u2013 J\u00fcrgen K.<\/p>\n\n\t\t<\/div>\n\t<\/div>\n<\/div><\/div><\/div><\/div><div class=\"vc_row wpb_row vc_row-fluid\"><div class=\"wpb_column vc_column_container vc_col-sm-12\"><div class=\"vc_column-inner\"><div class=\"wpb_wrapper\">\n\t<div class=\"wpb_text_column wpb_content_element\" >\n\t\t<div class=\"wpb_wrapper\">\n\t\t\t<p>\u201cDie Industrien der Zukunft werden restaurativ und regenerierend sein, um einen biopositiven und gemeinwohlschaffenden Beitrag zu leisten!\u201d<\/p>\n<p>\u2013 Bastian B.<\/p>\n\n\t\t<\/div>\n\t<\/div>\n<\/div><\/div><\/div><\/div><div class=\"vc_row wpb_row vc_row-fluid fluid-image head-no-margin vc_custom_1764689613862 vc_row-has-fill\"><div class=\"wpb_column vc_column_container vc_col-sm-12\"><div class=\"vc_column-inner\"><div class=\"wpb_wrapper\"><div class=\"vc_row wpb_row vc_inner vc_row-fluid col_reverse\"><div class=\"wpb_column vc_column_container vc_col-sm-6\"><div class=\"vc_column-inner\"><div class=\"wpb_wrapper\">\n\t<div class=\"wpb_text_column wpb_content_element white-text\" >\n\t\t<div class=\"wpb_wrapper\">\n\t\t\t<p>\"Ich bin in einer Zeit gro\u00dfgeworden, in der kein \u00dcberfluss war. Wir ern\u00e4hrten uns von den Gem\u00fcsen, die im Garten wuchsen oder die wir selbst eingelagert oder eingeweckt hatten, von den Eiern unsrer H\u00fchner und von selbst gebackenem Brot. Diese fr\u00fchen Lebenserfahrungen eines einfachen Lebens helfen mir heute dabei, meinen Alltag nachhaltiger zu gestalten \u2013 ich kaufe saisonale und regionale Erzeugnisse ohne Verpackungen auf dem Markt ein, esse viel weniger Fleisch als in der Zeit meiner Lebensmitte, gehe auch mehr zu Fu\u00df oder fahre mit dem Fahrrad. Dabei spornen mich Selbstvergleiche an: wie k\u00f6nnte ich mehr Wasser und Strom sparen, unseren M\u00fcll reduzieren, gr\u00f6\u00dfere Strecken zu Fu\u00df statt mit dem Auto zur\u00fccklegen. Unseren Energieverbrauch und die Einsparm\u00f6glichkeiten vergleichen wir im Freundeskreis und mit den Nachbarn, nutzen selten gebrauchte Ger\u00e4te (Rasenm\u00e4her, Maschinen) gemeinsam, tauschen Erfahrungen zu mehr Nachhaltigkeit aus (Weitergabe von Gartenpflanzen, die keine k\u00fcnstliche Bew\u00e4sserung brauchen).<\/p>\n<p>In unserem Verein der Seniorstudierenden setze ich mich daf\u00fcr ein, dass auch unsere Altersgruppe sich mit dem Thema Nachhaltigkeit besch\u00e4ftigt, etwa beim Stadtradeln mitmacht und Vortr\u00e4ge zum Thema Nachhaltigkeit organisiert. Der besondere Beitrag von uns \u00c4lteren kann darin bestehen, dass wir traditionell Erprobtes von fr\u00fcher reflektieren und weiterf\u00fchren, unsere Verantwortung f\u00fcr die Gestaltung der Welt wahrnehmen und uns als Stimme in den gesellschaftlichen Diskurs einbringen.\"<\/p>\n<p>\u2013 Angela, 73, Psychologin im Ruhestand, Seniorstudentin<\/p>\n\n\t\t<\/div>\n\t<\/div>\n<\/div><\/div><\/div><div class=\"wpb_column vc_column_container vc_col-sm-6\"><div class=\"vc_column-inner\"><div class=\"wpb_wrapper\">\n\t<div  class=\"wpb_single_image wpb_content_element vc_align_left wpb_content_element\">\n\t\t\n\t\t<figure class=\"wpb_wrapper vc_figure\">\n\t\t\t<div class=\"vc_single_image-wrapper   vc_box_border_grey\"><img loading=\"lazy\" decoding=\"async\" width=\"1500\" height=\"1000\" src=\"https:\/\/www.co-do-lab.org\/wp-content\/uploads\/2025\/12\/2025-05-22_co-do-lab_0632.jpg\" class=\"vc_single_image-img attachment-full\" alt=\"\" title=\"co-do! lab Transformationsreise, Wuppertal\" srcset=\"https:\/\/www.co-do-lab.org\/wp-content\/uploads\/2025\/12\/2025-05-22_co-do-lab_0632.jpg 1500w, https:\/\/www.co-do-lab.org\/wp-content\/uploads\/2025\/12\/2025-05-22_co-do-lab_0632-768x512.jpg 768w, https:\/\/www.co-do-lab.org\/wp-content\/uploads\/2025\/12\/2025-05-22_co-do-lab_0632-991x661.jpg 991w, https:\/\/www.co-do-lab.org\/wp-content\/uploads\/2025\/12\/2025-05-22_co-do-lab_0632-1536x1024.jpg 1536w, https:\/\/www.co-do-lab.org\/wp-content\/uploads\/2025\/12\/2025-05-22_co-do-lab_0632-18x12.jpg 18w\" sizes=\"auto, (max-width: 1500px) 100vw, 1500px\" \/><\/div>\n\t\t<\/figure>\n\t<\/div>\n<\/div><\/div><\/div><\/div><\/div><\/div><\/div><\/div><div class=\"vc_row wpb_row vc_row-fluid\"><div class=\"wpb_column vc_column_container vc_col-sm-12\"><div class=\"vc_column-inner\"><div class=\"wpb_wrapper\">\n\t<div class=\"wpb_text_column wpb_content_element white-text\" >\n\t\t<div class=\"wpb_wrapper\">\n\t\t\t<p><span style=\"color: #000000;\">\"Wir gestalten eine Welt in der Nachhaltigkeit selbstverst\u00e4ndlich ist, indem wir das Thema von Kindesalter behandeln und vermitteln, warum es wichtig ist. Es soll also ein elementarer Bestandteil der Schulbildung werden. Dar\u00fcber hinaus sollte es zu Beginn monet\u00e4re Anreize f\u00fcr ein nachhaltiges Verhalten geben, bzw. Strafen f\u00fcr nicht nachhaltiges.\"<\/span><\/p>\n<p><span style=\"color: #000000;\">\u2013 Sven, 21, Student<\/span><\/p>\n\n\t\t<\/div>\n\t<\/div>\n<\/div><\/div><\/div><\/div><div class=\"vc_row wpb_row vc_row-fluid vc_custom_1764689828782 vc_row-has-fill\"><div class=\"wpb_column vc_column_container vc_col-sm-12\"><div class=\"vc_column-inner\"><div class=\"wpb_wrapper\">\n\t<div class=\"wpb_text_column wpb_content_element\" >\n\t\t<div class=\"wpb_wrapper\">\n\t\t\t<p><span style=\"color: #ffffff;\">\"Um eine Welt zu schaffen, in der Nachhaltigkeit die neue Normalit\u00e4t ist, m\u00fcssen wir pr\u00e4senter sein, Wissen und Ressourcen offen teilen und bewusster und verantwortungsvoller mit dem umgehen, was die Natur uns bietet. Jede Handlung z\u00e4hlt, und wenn wir zusammenarbeiten, k\u00f6nnen wir einen sinnvollen und dauerhaften Wandel herbeif\u00fchren. \"<\/span><\/p>\n<p><span style=\"color: #ffffff;\">\u2013 Regina F., 35, Project Manager (aus dem Englischen \u00fcbersetzt)\u00a0<\/span><\/p>\n\n\t\t<\/div>\n\t<\/div>\n<\/div><\/div><\/div><\/div><div class=\"vc_row wpb_row vc_row-fluid vc_custom_1764840529063 vc_row-has-fill\"><div class=\"wpb_column vc_column_container vc_col-sm-12\"><div class=\"vc_column-inner\"><div class=\"wpb_wrapper\">\n\t<div class=\"wpb_text_column wpb_content_element\" >\n\t\t<div class=\"wpb_wrapper\">\n\t\t\t<p>&nbsp;<\/p>\n<p>&nbsp;<\/p>\n<p>&nbsp;<\/p>\n<p>&nbsp;<\/p>\n<p>&nbsp;<\/p>\n<p>.<\/p>\n\n\t\t<\/div>\n\t<\/div>\n<\/div><\/div><\/div><\/div><div class=\"vc_row wpb_row vc_row-fluid\"><div class=\"wpb_column vc_column_container vc_col-sm-12\"><div class=\"vc_column-inner\"><div class=\"wpb_wrapper\">\n\t<div class=\"wpb_text_column wpb_content_element\" >\n\t\t<div class=\"wpb_wrapper\">\n\t\t\t<div class=\"pagination-row\">\n<div>\n<nav class=\"navigation pagination\" aria-label=\"Navigation\">\n<h2 class=\"screen-reader-text\">Navigation<\/h2>\n<div class=\"nav-links\"><a class=\"page-numbers\" href=\"https:\/\/www.co-do-lab.org\/de\/100-stimmen-zur-zukunft\/\">1<\/a><a class=\"page-numbers\" href=\"https:\/\/www.co-do-lab.org\/de\/100-stimmen-zur-zukunft-2\/\">2<\/a><a class=\"page-numbers\" href=\"https:\/\/www.co-do-lab.org\/de\/100-stimmen-zur-zukunft-3\/\">3<\/a><span class=\"page-numbers current\" aria-current=\"page\">4<\/span><a class=\"page-numbers\" href=\"https:\/\/www.co-do-lab.org\/de\/100-stimmen-zur-zukunft-5\/\">5<\/a><a class=\"page-numbers\" href=\"https:\/\/www.co-do-lab.org\/de\/100-stimmen-zur-zukunft-6\/\">6<\/a><\/div>\n<\/nav>\n<\/div>\n<\/div>\n\n\t\t<\/div>\n\t<\/div>\n<\/div><\/div><\/div><\/div>\n<\/div>","protected":false},"excerpt":{"rendered":"100 Voices on the Future! We collected 100 voices, perspectives and visions on the future. [...]","protected":false},"author":6,"featured_media":0,"parent":0,"menu_order":0,"comment_status":"closed","ping_status":"closed","template":"","meta":{"_acf_changed":false,"footnotes":""},"class_list":["post-1624","page","type-page","status-publish","hentry"],"acf":[],"_links":{"self":[{"href":"https:\/\/www.co-do-lab.org\/de\/wp-json\/wp\/v2\/pages\/1624","targetHints":{"allow":["GET"]}}],"collection":[{"href":"https:\/\/www.co-do-lab.org\/de\/wp-json\/wp\/v2\/pages"}],"about":[{"href":"https:\/\/www.co-do-lab.org\/de\/wp-json\/wp\/v2\/types\/page"}],"author":[{"embeddable":true,"href":"https:\/\/www.co-do-lab.org\/de\/wp-json\/wp\/v2\/users\/6"}],"replies":[{"embeddable":true,"href":"https:\/\/www.co-do-lab.org\/de\/wp-json\/wp\/v2\/comments?post=1624"}],"version-history":[{"count":0,"href":"https:\/\/www.co-do-lab.org\/de\/wp-json\/wp\/v2\/pages\/1624\/revisions"}],"wp:attachment":[{"href":"https:\/\/www.co-do-lab.org\/de\/wp-json\/wp\/v2\/media?parent=1624"}],"curies":[{"name":"wp","href":"https:\/\/api.w.org\/{rel}","templated":true}]}}