{"id":1633,"date":"2025-12-08T14:59:07","date_gmt":"2025-12-08T13:59:07","guid":{"rendered":"https:\/\/www.co-do-lab.org\/?page_id=1633"},"modified":"2025-12-11T09:56:53","modified_gmt":"2025-12-11T08:56:53","slug":"100-stimmen-zur-zukunft-5","status":"publish","type":"page","link":"https:\/\/www.co-do-lab.org\/de\/100-stimmen-zur-zukunft-5\/","title":{"rendered":"100 Stimmen zur Zukunft"},"content":{"rendered":"<div class=\"wpb-content-wrapper\"><div class=\"vc_row wpb_row vc_row-fluid white-text vc_custom_1764839462367 vc_row-has-fill\"><div class=\"wpb_column vc_column_container vc_col-sm-12\"><div class=\"vc_column-inner\"><div class=\"wpb_wrapper\"><div class=\"vc_row wpb_row vc_inner vc_row-fluid vc_row-o-content-top vc_row-flex\"><div class=\"wpb_column vc_column_container vc_col-sm-12\"><div class=\"vc_column-inner\"><div class=\"wpb_wrapper\">\n\t<div class=\"wpb_text_column wpb_content_element\" >\n\t\t<div class=\"wpb_wrapper\">\n\t\t\t<h1><span style=\"color: #224a4a;\">100 Stimmen zur Zukunft!<\/span><\/h1>\n\n\t\t<\/div>\n\t<\/div>\n\n\t<div class=\"wpb_text_column wpb_content_element bg-text largerParagraphs\" >\n\t\t<div class=\"wpb_wrapper\">\n\t\t\t<p><span style=\"color: #224a4a;\">Wir haben 100 Stimmen, Perspektiven und Visionen zur Zukunft gesammelt. Schau sie dir an!<\/span><\/p>\n\n\t\t<\/div>\n\t<\/div>\n\n\t<div class=\"wpb_text_column wpb_content_element overline largerParagraphs p-t-small\" >\n\t\t<div class=\"wpb_wrapper\">\n\t\t\t<p>Die gro\u00dfe Frage: <strong>Wie gestalten wir heute und in Zukunft eine Welt, in der Nachhaltigkeit selbstverst\u00e4ndlich ist?<\/strong><\/p>\n\n\t\t<\/div>\n\t<\/div>\n<\/div><\/div><\/div><\/div><\/div><\/div><\/div><\/div><div class=\"vc_row wpb_row vc_row-fluid vc_custom_1764689592424 vc_row-has-fill\"><div class=\"wpb_column vc_column_container vc_col-sm-12\"><div class=\"vc_column-inner\"><div class=\"wpb_wrapper\">\n\t<div class=\"wpb_text_column wpb_content_element\" >\n\t\t<div class=\"wpb_wrapper\">\n\t\t\t<p><span style=\"color: #000000;\">\"Wir Menschen haben doch schon alles was es braucht um gleich viele lebenswerte Zuk\u00fcnfte auf unserer blauen Murmel zu bauen. Wenn wir unsere menschliche Empathie und Kreativit\u00e4t mit k\u00fcnstlicher Intelligenz und  bereits existierenden Techniken - neue wie auch seit Jahrtausenden bew\u00e4hrte, nutzen: dann geht das klar mit dem Weltretten. Und wer soll das bezahlen wenn dauernd von den Grenzen des Wachstums die Rede ist? Naja, der Markt f\u00fcr regenerative Energien, Produkte ist doch noch immer in der Entwicklung, also wird er wachsen. Nur eben ohne dem Leben auf unserem Planeten zu schaden.\"<\/span><\/p>\n<p>\u2013 Esther H.<\/p>\n\n\t\t<\/div>\n\t<\/div>\n<\/div><\/div><\/div><\/div><div class=\"vc_row wpb_row vc_row-fluid\"><div class=\"wpb_column vc_column_container vc_col-sm-12\"><div class=\"vc_column-inner\"><div class=\"wpb_wrapper\">\n\t<div class=\"wpb_text_column wpb_content_element\" >\n\t\t<div class=\"wpb_wrapper\">\n\t\t\t<p>\"Nachhaltigkeit hei\u00dft f\u00fcr mich: Verantwortung, die Kreise zieht.<\/p>\n<p>Nicht nur \u00f6kologisch \u2013 sondern vor allem zwischenmenschlich, sozial, digital und wirtschaftlich. Ich denke Systeme so, dass sie sich nicht ersch\u00f6pfen, sondern tragen: im Pflegealltag, im Demenzprojekt, im Umgang mit KI \u2013 und in meiner Vorstellung von Wirtschaft als lebendigem, zirkul\u00e4rem Organismus. Ich glaube an Prinzipien, die auf Verbindung statt Verschlei\u00df setzen \u2013 auf Weitergabe, Gemeinschaft und generations\u00fcbergreifende Verantwortung. Meine Projekte sollen nicht beeindrucken, sondern Bestand haben. F\u00fcr mich. F\u00fcr andere. F\u00fcr morgen.<\/p>\n<p>Nachhaltigkeit hei\u00dft f\u00fcr mich auch: der eigenen Ersch\u00f6pfung mit Achtsamkeit zu begegnen. Und Kommunikation so zu gestalten Methoden zu entwickeln., dass sie tr\u00e4gt \u2013 klar, funktional, verbindend. Im Zentrum all dessen steht f\u00fcr mich: Nachbarschaft. Nicht als romantische Idee, sondern als konkret gelebte Verbindung \u2013 als kleinster, wirksamster Baustein f\u00fcr ein resilientes Miteinander. Sie ist mein Ausgangspunkt f\u00fcr echten Systemwandel: Weil sie Denken und Handeln ver\u00e4ndert \u2013 und Nachhaltigkeit im Sozialen verankert, wo sie beginnt, Wirkung entfaltet und Ressourcenschonung selbstverst\u00e4ndlich wird.\"<\/p>\n<p>\u2013 Wilma S.<\/p>\n\n\t\t<\/div>\n\t<\/div>\n<\/div><\/div><\/div><\/div><div class=\"vc_row wpb_row vc_row-fluid fluid-image head-no-margin vc_custom_1764689613862 vc_row-has-fill\"><div class=\"wpb_column vc_column_container vc_col-sm-12\"><div class=\"vc_column-inner\"><div class=\"wpb_wrapper\"><div class=\"vc_row wpb_row vc_inner vc_row-fluid col_reverse\"><div class=\"wpb_column vc_column_container vc_col-sm-6\"><div class=\"vc_column-inner\"><div class=\"wpb_wrapper\">\n\t<div class=\"wpb_text_column wpb_content_element white-text\" >\n\t\t<div class=\"wpb_wrapper\">\n\t\t\t<p>\"Hallo, ich bin Marie, 28 Jahre alt, komme aus Frankreich und lebe seit f\u00fcnf Jahren in Deutschland.\nIch w\u00fcrde mich nicht als Expertin f\u00fcr Nachhaltigkeit bezeichnen, aber das Thema besch\u00e4ftigt mich, und ich versuche, mein Verhalten Schritt f\u00fcr Schritt bewusster zu gestalten.<\/p>\n<p>F\u00fcr mich hei\u00dft das: z.B. weniger konsumieren, auf regionale und saisonale Produkte achten, Plastik vermeiden und wenn m\u00f6glich auf Flugreisen. Auch wenn es nur kleine Ver\u00e4nderungen sind, glaube ich, dass sie etwas bewirken k\u00f6nnen. Und wenn wir alle so handeln, kann das eine starke Wirkung haben.<\/p>\n<p>Es braucht auch klare politische Ma\u00dfnahmen, Investitionen in nachhaltige Technologien und Bildung. Junge Menschen sollten fr\u00fch lernen, was verantwortungsvolles Handeln f\u00fcr die Umwelt bedeutet. Deshalb braucht es auch Menschen, die als Vorbilder und Sprachrohr f\u00fcr alle Menschen fungieren. Wenn sie fr\u00fch verstehen, worum es geht, k\u00f6nnen sie das Gelernte weitergeben und langfristig etwas ver\u00e4ndern.<br \/>\nAuch Unternehmen spielen dabei eine zentrale Rolle \u2013 zum Beispiel, indem sie nicht nur dar\u00fcber sprechen, sondern konkret handeln: durch umweltfreundliche Produktionsprozesse oder klimaneutrale Lieferketten.<\/p>\n<p>Nachhaltigkeit bedeutet f\u00fcr mich auch Respekt gegen\u00fcber den Ressourcen und den kommenden Generationen. Ich habe zwar keine Kinder, aber eine Nichte \u2013 und manchmal macht mir die Zukunft Angst. Trotzdem hoffe ich, ihr eine Welt zu hinterlassen, in der sie gut leben kann.<br \/>\nDanke, dass wir unsere Meinung sagen d\u00fcrfen. Ich bin gespannt auf die n\u00e4chsten Schritte.\"<\/p>\n<p>\u2013 Marie, 28<\/p>\n\n\t\t<\/div>\n\t<\/div>\n<\/div><\/div><\/div><div class=\"wpb_column vc_column_container vc_col-sm-6\"><div class=\"vc_column-inner\"><div class=\"wpb_wrapper\">\n\t<div  class=\"wpb_single_image wpb_content_element vc_align_left wpb_content_element\">\n\t\t\n\t\t<figure class=\"wpb_wrapper vc_figure\">\n\t\t\t<div class=\"vc_single_image-wrapper   vc_box_border_grey\"><img loading=\"lazy\" decoding=\"async\" width=\"1184\" height=\"1094\" src=\"https:\/\/www.co-do-lab.org\/wp-content\/uploads\/2025\/12\/Screenshot-2025-12-10-at-11.12.15.png\" class=\"vc_single_image-img attachment-full\" alt=\"\" title=\"Bildschirmfoto 2025-12-10 um 11.12.15\" srcset=\"https:\/\/www.co-do-lab.org\/wp-content\/uploads\/2025\/12\/Screenshot-2025-12-10-at-11.12.15.png 1184w, https:\/\/www.co-do-lab.org\/wp-content\/uploads\/2025\/12\/Screenshot-2025-12-10-at-11.12.15-768x710.png 768w, https:\/\/www.co-do-lab.org\/wp-content\/uploads\/2025\/12\/Screenshot-2025-12-10-at-11.12.15-991x916.png 991w, https:\/\/www.co-do-lab.org\/wp-content\/uploads\/2025\/12\/Screenshot-2025-12-10-at-11.12.15-13x12.png 13w\" sizes=\"auto, (max-width: 1184px) 100vw, 1184px\" \/><\/div>\n\t\t<\/figure>\n\t<\/div>\n<\/div><\/div><\/div><\/div><\/div><\/div><\/div><\/div><div class=\"vc_row wpb_row vc_row-fluid\"><div class=\"wpb_column vc_column_container vc_col-sm-12\"><div class=\"vc_column-inner\"><div class=\"wpb_wrapper\">\n\t<div class=\"wpb_text_column wpb_content_element white-text\" >\n\t\t<div class=\"wpb_wrapper\">\n\t\t\t<p><span style=\"color: #000000;\">\"Als IDG (Inner Development Goals) Ambassador und Achtsamkeits-Coach wei\u00df aus ich auch aus eigener Erfahrung, das Ver\u00e4nderung den meisten Menschen nicht leicht f\u00e4llt, vor allem wenn daf\u00fcr lieb gewonnene Dinge losgelassen werden m\u00fcssen.\nVer\u00e4nderungen hat immer zun\u00e4chst etwas mit mir selbst zu tun, meinem \u201emir Bewusstsein\u201c, meiner Rolle, meiner inneren Bereitschaft einen Beitrag leisten zu wollen. Globale Herausforderungen, einschlie\u00dflich der Nachhaltigkeit, erfordern eine innere Entwicklung,  um externe L\u00f6sungen zu erg\u00e4nzen, da es sich nicht um technische, sondern um \"adaptive Herausforderungen\" handelt.<\/span><\/p>\n<p><span style=\"color: #000000;\">Der schleppende Fortschritt zur Erreichung der Nachhaltigkeitsziele der UN (SDG\u2019s) zeigt, das wir derzeit nicht in der Lage sind die \"adaptiven Probleme\" der Welt, wirksam und zeitnah anzugehen, auch weil uns die notwendigen individuellen und kollektiven inneren F\u00e4higkeiten und Fertigkeiten fehlen. Verwandte Forschungen haben gezeigt, dass die inneren Dimensionen des Menschen, zu denen unsere individuellen und kollektiven \u00dcberzeugungen, Werte, Weltanschauungen und die damit verbundenen inneren F\u00e4higkeiten und Fertigkeiten geh\u00f6ren, tiefe Hebel f\u00fcr Ver\u00e4nderungen sind. Sie hat gezeigt, dass die Bedrohungen und Krisen, mit denen wir konfrontiert sind, in Wirklichkeit ein Spiegelbild einer inneren, menschlichen Krise sind. Sie hat deutlich gemacht, dass diese innere Krise auf einer zunehmenden Trennung von sich selbst, anderen und der Natur beruht und dass diese Trennung ein integraler Bestandteil des modernen Lebens ist.<\/span><\/p>\n<p><span style=\"color: #000000;\">Das hei\u00dft wir m\u00fcssen wieder mehr \u00fcber uns selbst erfahren, in Verbindung treten mit der Natur und Anderen die uns neue Perspektiven er\u00f6ffnen, Dinge neu zu entdecken oder mit neuen Augen und vor allem auch mit dem Herzen zu sehen. Naturbasiertes Lernen kann hier ein Schl\u00fcssel sein, von L\u00f6sungen die die Natur in ihren Selbstheilungskr\u00e4ften und ihrer Regenerierung seit Jahrtausenden praktiziert auf unser eigenes Leben und Handeln zu \u00fcbertragen.<\/span><\/p>\n<p><span style=\"color: #000000;\">Es gibt eine wachsende Gemeinschaft von Wissenschaftler*innen, die zusammen mit P\u00e4dagog*innen und Praktiker*innen ein Feld des Wandels und Praxisgemeinschaften geschaffen haben, die einen Wandel hin zu einer neuen Nachhaltigkeitsgeschichte\/einem neuen Paradigma unterst\u00fctzen. Die Inner Development Goals Organisation ist in diesem Zusammenhang ein wichtiger Akteur.<\/span><br \/>\n<span style=\"color: #000000;\">Inner Development Goals (IDGs) ist eine Organisation, die sich darauf konzentriert, die Pers\u00f6nlichkeits-  Entwicklung zu f\u00f6rdern. Wir erforschen, sammeln, kommunizieren und moderieren in Events zu wissenschaftlich fundierten F\u00e4higkeiten und Qualit\u00e4ten, die uns helfen, ein zielgerichtetes, nachhaltiges und produktives Leben zu f\u00fchren. Wir freuen uns gemeinsam mit Dir einen Beitrag zu leisten.\"<\/span><\/p>\n<p><span style=\"color: #000000;\">\u2013 Klaus M., IDG K\u00f6ln\/Bonn<\/span><\/p>\n\n\t\t<\/div>\n\t<\/div>\n<\/div><\/div><\/div><\/div><div class=\"vc_row wpb_row vc_row-fluid vc_custom_1764689828782 vc_row-has-fill\"><div class=\"wpb_column vc_column_container vc_col-sm-12\"><div class=\"vc_column-inner\"><div class=\"wpb_wrapper\">\n\t<div class=\"wpb_text_column wpb_content_element\" >\n\t\t<div class=\"wpb_wrapper\">\n\t\t\t<p><span style=\"color: #ffffff;\">Um eine nachhaltige und integrative Zukunft zu gestalten, m\u00fcssen wir uns st\u00e4rker daf\u00fcr einsetzen, Nachhaltigkeit f\u00fcr alle zug\u00e4nglich zu machen. Das bedeutet, dass wir Prozesse entwickeln m\u00fcssen, bei denen jede Stimme wirklich z\u00e4hlt und bei denen die Gemeinschaften die Macht und die Mittel haben, die L\u00f6sungen zu gestalten, die ihr Leben betreffen.<\/span><\/p>\n<p><span style=\"color: #ffffff;\">In der Praxis bedeutet es, R\u00e4ume zu schaffen, in denen Menschen zusammenkommen k\u00f6nnen, um ihre Sichtweisen offen und ehrlich auszutauschen - auch wenn sie unterschiedlicher Meinung sind -, ohne Angst vor Verurteilung oder Herablassung. Es bedeutet, Fragen mit Neugier statt mit Annahmen zu stellen, zuzuh\u00f6ren, um zu verstehen, und das Wissen und die Erfahrung anzuerkennen, die jede Person mitbringt.<\/span><\/p>\n<p><span style=\"color: #ffffff;\">Es bedeutet auch, die Menschen dort abzuholen, wo sie sind: ihre t\u00e4gliche Realit\u00e4t, ihre Werte und das, was sie realistischerweise beitragen k\u00f6nnen, zu verstehen.<\/span><\/p>\n<p><span style=\"color: #ffffff;\">- Flandra S. (aus dem Englischen \u00fcbersetzt)<\/span><\/p>\n\n\t\t<\/div>\n\t<\/div>\n<\/div><\/div><\/div><\/div><div class=\"vc_row wpb_row vc_row-fluid vc_custom_1764840529063 vc_row-has-fill\"><div class=\"wpb_column vc_column_container vc_col-sm-12\"><div class=\"vc_column-inner\"><div class=\"wpb_wrapper\">\n\t<div class=\"wpb_text_column wpb_content_element\" >\n\t\t<div class=\"wpb_wrapper\">\n\t\t\t<p>&nbsp;<\/p>\n<p>&nbsp;<\/p>\n<p>&nbsp;<\/p>\n<p>&nbsp;<\/p>\n<p>&nbsp;<\/p>\n<p>.<\/p>\n\n\t\t<\/div>\n\t<\/div>\n<\/div><\/div><\/div><\/div><div class=\"vc_row wpb_row vc_row-fluid\"><div class=\"wpb_column vc_column_container vc_col-sm-12\"><div class=\"vc_column-inner\"><div class=\"wpb_wrapper\">\n\t<div class=\"wpb_text_column wpb_content_element\" >\n\t\t<div class=\"wpb_wrapper\">\n\t\t\t<div class=\"pagination-row\">\n<div>\n<nav class=\"navigation pagination\" aria-label=\"Navigation\">\n<h2 class=\"screen-reader-text\">Navigation<\/h2>\n<div class=\"nav-links\"><a class=\"page-numbers\" href=\"https:\/\/www.co-do-lab.org\/de\/100-stimmen-zur-zukunft\/\">1<\/a><a class=\"page-numbers\" href=\"https:\/\/www.co-do-lab.org\/de\/100-stimmen-zur-zukunft-2\/\">2<\/a><a class=\"page-numbers\" href=\"https:\/\/www.co-do-lab.org\/de\/100-stimmen-zur-zukunft-3\/\">3<\/a><a class=\"page-numbers\" href=\"https:\/\/www.co-do-lab.org\/de\/100-stimmen-zur-zukunft-4\/\">4<\/a><span class=\"page-numbers current\" aria-current=\"page\">5<\/span><a class=\"page-numbers\" href=\"https:\/\/www.co-do-lab.org\/de\/100-stimmen-zur-zukunft-6\/\">6<\/a><\/div>\n<\/nav>\n<\/div>\n<\/div>\n\n\t\t<\/div>\n\t<\/div>\n<\/div><\/div><\/div><\/div>\n<\/div>","protected":false},"excerpt":{"rendered":"100 Voices on the Future! We collected 100 voices, perspectives and visions on the future. [...]","protected":false},"author":6,"featured_media":0,"parent":0,"menu_order":0,"comment_status":"closed","ping_status":"closed","template":"","meta":{"_acf_changed":false,"footnotes":""},"class_list":["post-1633","page","type-page","status-publish","hentry"],"acf":[],"_links":{"self":[{"href":"https:\/\/www.co-do-lab.org\/de\/wp-json\/wp\/v2\/pages\/1633","targetHints":{"allow":["GET"]}}],"collection":[{"href":"https:\/\/www.co-do-lab.org\/de\/wp-json\/wp\/v2\/pages"}],"about":[{"href":"https:\/\/www.co-do-lab.org\/de\/wp-json\/wp\/v2\/types\/page"}],"author":[{"embeddable":true,"href":"https:\/\/www.co-do-lab.org\/de\/wp-json\/wp\/v2\/users\/6"}],"replies":[{"embeddable":true,"href":"https:\/\/www.co-do-lab.org\/de\/wp-json\/wp\/v2\/comments?post=1633"}],"version-history":[{"count":0,"href":"https:\/\/www.co-do-lab.org\/de\/wp-json\/wp\/v2\/pages\/1633\/revisions"}],"wp:attachment":[{"href":"https:\/\/www.co-do-lab.org\/de\/wp-json\/wp\/v2\/media?parent=1633"}],"curies":[{"name":"wp","href":"https:\/\/api.w.org\/{rel}","templated":true}]}}