{"id":1636,"date":"2025-12-08T14:59:28","date_gmt":"2025-12-08T13:59:28","guid":{"rendered":"https:\/\/www.co-do-lab.org\/?page_id=1636"},"modified":"2025-12-11T10:01:57","modified_gmt":"2025-12-11T09:01:57","slug":"100-stimmen-zur-zukunft-6","status":"publish","type":"page","link":"https:\/\/www.co-do-lab.org\/de\/100-stimmen-zur-zukunft-6\/","title":{"rendered":"100 Stimmen zur Zukunft"},"content":{"rendered":"<div class=\"wpb-content-wrapper\"><div class=\"vc_row wpb_row vc_row-fluid white-text vc_custom_1764839462367 vc_row-has-fill\"><div class=\"wpb_column vc_column_container vc_col-sm-12\"><div class=\"vc_column-inner\"><div class=\"wpb_wrapper\"><div class=\"vc_row wpb_row vc_inner vc_row-fluid vc_row-o-content-top vc_row-flex\"><div class=\"wpb_column vc_column_container vc_col-sm-12\"><div class=\"vc_column-inner\"><div class=\"wpb_wrapper\">\n\t<div class=\"wpb_text_column wpb_content_element\" >\n\t\t<div class=\"wpb_wrapper\">\n\t\t\t<h1><span style=\"color: #224a4a;\">100 Stimmen zur Zukunft!<\/span><\/h1>\n\n\t\t<\/div>\n\t<\/div>\n\n\t<div class=\"wpb_text_column wpb_content_element bg-text largerParagraphs\" >\n\t\t<div class=\"wpb_wrapper\">\n\t\t\t<p><span style=\"color: #224a4a;\">Wir haben 100 Stimmen, Perspektiven und Visionen zur Zukunft gesammelt. Schau sie dir an!<\/span><\/p>\n\n\t\t<\/div>\n\t<\/div>\n\n\t<div class=\"wpb_text_column wpb_content_element overline largerParagraphs p-t-small\" >\n\t\t<div class=\"wpb_wrapper\">\n\t\t\t<p>Die gro\u00dfe Frage: <strong>Wie gestalten wir heute und in Zukunft eine Welt, in der Nachhaltigkeit selbstverst\u00e4ndlich ist?<\/strong><\/p>\n\n\t\t<\/div>\n\t<\/div>\n<\/div><\/div><\/div><\/div><\/div><\/div><\/div><\/div><div class=\"vc_row wpb_row vc_row-fluid vc_custom_1764689592424 vc_row-has-fill\"><div class=\"wpb_column vc_column_container vc_col-sm-12\"><div class=\"vc_column-inner\"><div class=\"wpb_wrapper\">\n\t<div class=\"wpb_text_column wpb_content_element\" >\n\t\t<div class=\"wpb_wrapper\">\n\t\t\t<p><span style=\"color: #000000;\">\"Ich denke, wir haben in den letzten Jahren einen sehr erfolgreichen \u00dcbergang zu erneuerbaren Energien erlebt, der die Erwartungen \u00fcbertroffen hat. Jetzt gibt es starken Widerstand von Seiten der nicht-erneuerbaren Energien und der rechten Parteien, um den Kurs zu \u00e4ndern. Ich denke, wir m\u00fcssen mutig sein und den Kurs beibehalten und d\u00fcrfen uns als Menschen, als B\u00fcrger und in unserer Arbeit nicht einfach zum Schweigen bringen lassen. Ich denke, diese Haltung gilt f\u00fcr alle Bereiche der Nachhaltigkeit. Es ist oft ein Kampf und kein reibungsloser \u00dcbergang.<\/span><\/p>\n<p><span style=\"color: #000000;\">\u2013 Nikola B. (aus dem Englischen \u00fcbersetzt)<\/span><\/p>\n\n\t\t<\/div>\n\t<\/div>\n<\/div><\/div><\/div><\/div><div class=\"vc_row wpb_row vc_row-fluid\"><div class=\"wpb_column vc_column_container vc_col-sm-12\"><div class=\"vc_column-inner\"><div class=\"wpb_wrapper\">\n\t<div class=\"wpb_text_column wpb_content_element\" >\n\t\t<div class=\"wpb_wrapper\">\n\t\t\t<p>\u201cIch mache es ganz einfach und klaue ganz dreist die CSCP-Organisationsbeschreibung: think and do!!! Denken ist eh keine schlechte Eigenschaft \u2013 und mit \u201emachen\u201c bekommt sie auch eine T\u00e4tigkeitskomponente, die dringend n\u00f6tig ist. Dazu noch ein weiterer CSCP-Kernaspekt: kontinuierliche Kollaboration mit ver\u00e4nderungswilligen Organisationen und Menschen. Eine one-size-fits-all-L\u00f6sung gibt es leider nicht. Zwei letzte wichtige Komponenten: Geduld und Hartn\u00e4ckigkeit. Und bitte am Ende nicht vergessen: (try to) have fun!\u201d<\/p>\n<p>\u2013 Patrik E.<\/p>\n\n\t\t<\/div>\n\t<\/div>\n<\/div><\/div><\/div><\/div><div class=\"vc_row wpb_row vc_row-fluid fluid-image head-no-margin vc_custom_1764689613862 vc_row-has-fill\"><div class=\"wpb_column vc_column_container vc_col-sm-12\"><div class=\"vc_column-inner\"><div class=\"wpb_wrapper\"><div class=\"vc_row wpb_row vc_inner vc_row-fluid col_reverse\"><div class=\"wpb_column vc_column_container vc_col-sm-6\"><div class=\"vc_column-inner\"><div class=\"wpb_wrapper\">\n\t<div class=\"wpb_text_column wpb_content_element white-text\" >\n\t\t<div class=\"wpb_wrapper\">\n\t\t\t<p><span style=\"color: #000000;\">\"Wir k\u00f6nnen Nachhaltigkeit zur neuen Normalit\u00e4t machen, indem wir den Menschen die Wahrheit \u00fcber die Folgen unseres Lebens und Wirtschaftens schonungslos offen, klar und mitf\u00fchlend darlegen. Gleichzeitig m\u00fcssen wir ein neues, gro\u00dfes, positives Narrativ finden, das den Menschen zeigt, dass es sich nicht nur lohnt, sondern auch m\u00f6glich ist, ein erf\u00fclltes und gemeinsames Leben zu f\u00fchren - innerhalb der planetarischen Grenzen.\"<\/span><\/p>\n<p>\u2013 Marc B.<\/p>\n\n\t\t<\/div>\n\t<\/div>\n<\/div><\/div><\/div><div class=\"wpb_column vc_column_container vc_col-sm-6\"><div class=\"vc_column-inner\"><div class=\"wpb_wrapper\">\n\t<div  class=\"wpb_single_image wpb_content_element vc_align_left wpb_content_element\">\n\t\t\n\t\t<figure class=\"wpb_wrapper vc_figure\">\n\t\t\t<div class=\"vc_single_image-wrapper   vc_box_border_grey\"><img loading=\"lazy\" decoding=\"async\" width=\"1500\" height=\"1000\" src=\"https:\/\/www.co-do-lab.org\/wp-content\/uploads\/2025\/12\/CSCP-051023-0555_\u00a9MarcWessendarp-scaled.jpg\" class=\"vc_single_image-img attachment-full\" alt=\"\" title=\"CSCP-051023-0555_\u00a9MarcWessendarp\" srcset=\"https:\/\/www.co-do-lab.org\/wp-content\/uploads\/2025\/12\/CSCP-051023-0555_\u00a9MarcWessendarp-scaled.jpg 1500w, https:\/\/www.co-do-lab.org\/wp-content\/uploads\/2025\/12\/CSCP-051023-0555_\u00a9MarcWessendarp-768x512.jpg 768w, https:\/\/www.co-do-lab.org\/wp-content\/uploads\/2025\/12\/CSCP-051023-0555_\u00a9MarcWessendarp-991x661.jpg 991w, https:\/\/www.co-do-lab.org\/wp-content\/uploads\/2025\/12\/CSCP-051023-0555_\u00a9MarcWessendarp-1536x1024.jpg 1536w, https:\/\/www.co-do-lab.org\/wp-content\/uploads\/2025\/12\/CSCP-051023-0555_\u00a9MarcWessendarp-2048x1365.jpg 2048w, https:\/\/www.co-do-lab.org\/wp-content\/uploads\/2025\/12\/CSCP-051023-0555_\u00a9MarcWessendarp-18x12.jpg 18w\" sizes=\"auto, (max-width: 1500px) 100vw, 1500px\" \/><\/div>\n\t\t<\/figure>\n\t<\/div>\n<\/div><\/div><\/div><\/div><\/div><\/div><\/div><\/div><div class=\"vc_row wpb_row vc_row-fluid\"><div class=\"wpb_column vc_column_container vc_col-sm-12\"><div class=\"vc_column-inner\"><div class=\"wpb_wrapper\">\n\t<div class=\"wpb_text_column wpb_content_element white-text\" >\n\t\t<div class=\"wpb_wrapper\">\n\t\t\t<p><span style=\"color: #000000;\">\"Wir setzen das Thema Nachhaltigkeit in einen k\u00fcnstlerischen Kontext, um mit Menschen dazu in einen Austausch zu kommen, die sich sonst nicht mit dem Thema besch\u00e4ftigen.\"<\/span><\/p>\n<p><span style=\"color: #000000;\">\u2013 Martin R., 49, Sinfonieorchester Wuppertal \/ Orchester des Wandels e.V.<\/span><\/p>\n\n\t\t<\/div>\n\t<\/div>\n<\/div><\/div><\/div><\/div><div class=\"vc_row wpb_row vc_row-fluid vc_custom_1764689828782 vc_row-has-fill\"><div class=\"wpb_column vc_column_container vc_col-sm-12\"><div class=\"vc_column-inner\"><div class=\"wpb_wrapper\">\n\t<div class=\"wpb_text_column wpb_content_element\" >\n\t\t<div class=\"wpb_wrapper\">\n\t\t\t<p><span style=\"color: #ffffff;\">\"Eine Welt, in der Nachhaltigkeit selbstverst\u00e4ndlich ist, beginnt mit Bildung, bewussten Konsumentscheidungen und klaren politischen Rahmenbedingungen. Im Bezug auf Meeresm\u00fcllvermeidung bedeutet das: Produkte m\u00fcssen so gestaltet werden, dass sie wiederverwendbar oder vollst\u00e4ndig recycelbar sind, Verpackungen reduziert werden und Einwegplastik konsequent vermieden wird. Gleichzeitig braucht es globale Zusammenarbeit, Investitionen in innovative Materialien und funktionierende Abfallwirtschaft \u2013 damit nachhaltiges Handeln zur Normalit\u00e4t wird, nicht zur Ausnahme.\"<\/span><\/p>\n<p><span style=\"color: #ffffff;\">\u2013 Lena Mai L.<\/span><\/p>\n\n\t\t<\/div>\n\t<\/div>\n<\/div><\/div><\/div><\/div><div class=\"vc_row wpb_row vc_row-fluid vc_custom_1765201056102 vc_row-has-fill\"><div class=\"wpb_column vc_column_container vc_col-sm-12\"><div class=\"vc_column-inner\"><div class=\"wpb_wrapper\">\n\t<div class=\"wpb_text_column wpb_content_element\" >\n\t\t<div class=\"wpb_wrapper\">\n\t\t\t<p>&nbsp;<\/p>\n<p>&nbsp;<\/p>\n<p>&nbsp;<\/p>\n<p>&nbsp;<\/p>\n<p>&nbsp;<\/p>\n<p>.<\/p>\n\n\t\t<\/div>\n\t<\/div>\n<\/div><\/div><\/div><\/div><div class=\"vc_row wpb_row vc_row-fluid\"><div class=\"wpb_column vc_column_container vc_col-sm-12\"><div class=\"vc_column-inner\"><div class=\"wpb_wrapper\">\n\t<div class=\"wpb_text_column wpb_content_element\" >\n\t\t<div class=\"wpb_wrapper\">\n\t\t\t<div class=\"pagination-row\">\n<div>\n<nav class=\"navigation pagination\" aria-label=\"Navigation\">\n<h2 class=\"screen-reader-text\">Navigation<\/h2>\n<div class=\"nav-links\"><a class=\"page-numbers\" href=\"https:\/\/www.co-do-lab.org\/de\/100-stimmen-zur-zukunft\/\">1<\/a><a class=\"page-numbers\" href=\"https:\/\/www.co-do-lab.org\/de\/100-stimmen-zur-zukunft-2\/\">2<\/a><a class=\"page-numbers\" href=\"https:\/\/www.co-do-lab.org\/de\/100-stimmen-zur-zukunft-3\/\">3<\/a><a class=\"page-numbers\" href=\"https:\/\/www.co-do-lab.org\/de\/100-stimmen-zur-zukunft-4\/\">4<\/a><a class=\"page-numbers\" href=\"https:\/\/www.co-do-lab.org\/de\/100-stimmen-zur-zukunft-5\/\">5<\/a><span class=\"page-numbers current\" aria-current=\"page\">6<\/span><\/div>\n<\/nav>\n<\/div>\n<\/div>\n\n\t\t<\/div>\n\t<\/div>\n<\/div><\/div><\/div><\/div>\n<\/div>","protected":false},"excerpt":{"rendered":"100 Voices on the Future! We collected 100 voices, perspectives and visions on the future. [...]","protected":false},"author":6,"featured_media":0,"parent":0,"menu_order":0,"comment_status":"closed","ping_status":"closed","template":"","meta":{"_acf_changed":false,"footnotes":""},"class_list":["post-1636","page","type-page","status-publish","hentry"],"acf":[],"_links":{"self":[{"href":"https:\/\/www.co-do-lab.org\/de\/wp-json\/wp\/v2\/pages\/1636","targetHints":{"allow":["GET"]}}],"collection":[{"href":"https:\/\/www.co-do-lab.org\/de\/wp-json\/wp\/v2\/pages"}],"about":[{"href":"https:\/\/www.co-do-lab.org\/de\/wp-json\/wp\/v2\/types\/page"}],"author":[{"embeddable":true,"href":"https:\/\/www.co-do-lab.org\/de\/wp-json\/wp\/v2\/users\/6"}],"replies":[{"embeddable":true,"href":"https:\/\/www.co-do-lab.org\/de\/wp-json\/wp\/v2\/comments?post=1636"}],"version-history":[{"count":0,"href":"https:\/\/www.co-do-lab.org\/de\/wp-json\/wp\/v2\/pages\/1636\/revisions"}],"wp:attachment":[{"href":"https:\/\/www.co-do-lab.org\/de\/wp-json\/wp\/v2\/media?parent=1636"}],"curies":[{"name":"wp","href":"https:\/\/api.w.org\/{rel}","templated":true}]}}