{"id":1690,"date":"2025-12-10T15:55:58","date_gmt":"2025-12-10T14:55:58","guid":{"rendered":"https:\/\/www.co-do-lab.org\/?page_id=1690"},"modified":"2025-12-23T10:35:31","modified_gmt":"2025-12-23T09:35:31","slug":"unser-inspirierendes-zuhause-gut-einern","status":"publish","type":"page","link":"https:\/\/www.co-do-lab.org\/de\/unser-inspirierendes-zuhause-gut-einern\/","title":{"rendered":"Unser inspirierendes Zuhause - Gut Einern"},"content":{"rendered":"<div class=\"wpb-content-wrapper\"><div class=\"vc_row wpb_row vc_row-fluid vc_custom_1765444753572 vc_row-has-fill\"><div class=\"wpb_column vc_column_container vc_col-sm-12\"><div class=\"vc_column-inner\"><div class=\"wpb_wrapper\">\n\t<div class=\"wpb_text_column wpb_content_element\" >\n\t\t<div class=\"wpb_wrapper\">\n\t\t\t<p>.<\/p>\n\n\t\t<\/div>\n\t<\/div>\n\n\t<div class=\"wpb_text_column wpb_content_element\" >\n\t\t<div class=\"wpb_wrapper\">\n\t\t\t<h1><span style=\"color: #ffffff;\">Unser inspirierendes Zuhause - Gut Einern<\/span><\/h1>\n\n\t\t<\/div>\n\t<\/div>\n\n\t<div class=\"wpb_text_column wpb_content_element bg-text largerParagraphs\" >\n\t\t<div class=\"wpb_wrapper\">\n\t\t\t<p>Ein Ort der M\u00f6glichkeiten.<\/p>\n\n\t\t<\/div>\n\t<\/div>\n\n\t<div class=\"wpb_text_column wpb_content_element\" >\n\t\t<div class=\"wpb_wrapper\">\n\t\t\t<p>.<\/p>\n\n\t\t<\/div>\n\t<\/div>\n<\/div><\/div><\/div><\/div><div class=\"vc_row wpb_row vc_row-fluid vc_custom_1765444334263 vc_row-has-fill\"><div class=\"wpb_column vc_column_container vc_col-sm-12\"><div class=\"vc_column-inner\"><div class=\"wpb_wrapper\">\n\t<div class=\"wpb_text_column wpb_content_element\" >\n\t\t<div class=\"wpb_wrapper\">\n\t\t\t<p><strong>Suchst du neue Impulse und Inspiration f\u00fcr dein Team?<\/strong> Wollt ihr Kraft tanken in der Natur und gleichzeitig kreativ sein? Braucht ihr eine ungezwungene Atmosph\u00e4re, um schwierige Themen offen und kontrovers zu diskutieren? Gilt es, Mut und Zusammenhalt f\u00fcr kommende Herausforderungen zu st\u00e4rken?<\/p>\n<p><strong>M\u00f6chtet ihr wichtige Kunden und Partner wirksam in Richtung Nachhaltigkeit mitnehmen?<\/strong> Sich und seine Ideen in einem ungew\u00f6hnlichen Rahmen pr\u00e4sentieren? Und den Tag mit Stockbrot am Lagerfeuer oder einem Abendessen mit Michelin-Stern abrunden?<\/p>\n\n\t\t<\/div>\n\t<\/div>\n<\/div><\/div><\/div><\/div><div class=\"vc_row wpb_row vc_row-fluid\"><div class=\"wpb_column vc_column_container vc_col-sm-12\"><div class=\"vc_column-inner\"><div class=\"wpb_wrapper\">\n\t<div class=\"wpb_text_column wpb_content_element\" >\n\t\t<div class=\"wpb_wrapper\">\n\t\t\t<h2>Orte des Wandels auf Gut Einern<\/h2>\n<p>Einen \u00dcberblick \u00fcber die vielf\u00e4ltigen Angebote auf Gut Einern finden Sie im untenstehenden Flyer. Wie sieht Ihre Transformationsreise aus?<\/p>\n\n\t\t<\/div>\n\t<\/div>\n<div class=\"vc_separator wpb_content_element vc_separator_align_center vc_sep_width_100 vc_sep_pos_align_center vc_separator_no_text vc_sep_color_white wpb_content_element  wpb_content_element\" ><span class=\"vc_sep_holder vc_sep_holder_l\"><span class=\"vc_sep_line\"><\/span><\/span><span class=\"vc_sep_holder vc_sep_holder_r\"><span class=\"vc_sep_line\"><\/span><\/span>\n<\/div>\n\t<div class=\"wpb_text_column wpb_content_element\" >\n\t\t<div class=\"wpb_wrapper\">\n\t\t\t<div class=\"_df_book df-lite\" id=\"df_1686\"  _slug=\"our-inspiring-home-gut-einern\" data-title=\"our-inspiring-home-gut-einern\" wpoptions=\"true\" thumbtype=\"\" ><\/div><script class=\"df-shortcode-script\" nowprocket type=\"application\/javascript\">window.option_df_1686 = {\"outline\":[],\"backgroundColor\":\"000000\",\"autoEnableOutline\":\"false\",\"autoEnableThumbnail\":\"false\",\"overwritePDFOutline\":\"false\",\"direction\":\"1\",\"pageSize\":\"0\",\"source\":\"https:\\\/\\\/www.co-do-lab.org\\\/wp-content\\\/uploads\\\/2025\\\/12\\\/cdlab_inspirational_places_A5.pdf\",\"wpOptions\":\"true\"}; if(window.DFLIP && window.DFLIP.parseBooks){window.DFLIP.parseBooks();}<\/script>\n\n\t\t<\/div>\n\t<\/div>\n<\/div><\/div><\/div><\/div><div class=\"vc_row wpb_row vc_row-fluid\"><div class=\"wpb_column vc_column_container vc_col-sm-12\"><div class=\"vc_column-inner\"><div class=\"wpb_wrapper\">\n\t<div class=\"wpb_text_column wpb_content_element\" >\n\t\t<div class=\"wpb_wrapper\">\n\t\t\t<h2>Gemeinsam Transformation erleben<\/h2>\n<p>Gut Einern ist ein Ort der Innovation, Transformation und Gegens\u00e4tze: zwischen lebendigem Permakulturgarten und digital gesteuerter vertikaler Farm treffen sich Tradition und Moderne, Gesch\u00e4ftsmodelle und Ehrenamt, Artenvielfalt und Kreislaufwirtschaft, Inspiration, Strategie und Vision.<\/p>\n<p>Ob in der Co-creation K\u00fcche, am Lagerfeuer, auf dem Feld oder im co-do! Mobil: Gut Einern ist ein Ort f\u00fcr Menschen, die gemeinsam Neues ausprobieren, klarer entscheiden und inspiriert ins Handeln kommen wollen, zum Beispiel bei einem Teamtag, einem Strategy- Workshop oder gemeinsam mit Kunden und Partnern. Hier entstehen Ideen, die wachsen d\u00fcrfen \u2013 im Gespr\u00e4ch, im Tun, im Erleben. Und so wird aus Austausch Wirkung: neugierig, mutig, wirksam.<\/p>\n\n\t\t<\/div>\n\t<\/div>\n<\/div><\/div><\/div><\/div>\n<\/div>","protected":false},"excerpt":{"rendered":". Our inspiring home \u2013\u00a0Gut Einern A place of possibilities. . Are you looking for [...]","protected":false},"author":6,"featured_media":0,"parent":0,"menu_order":0,"comment_status":"closed","ping_status":"closed","template":"","meta":{"_acf_changed":false,"footnotes":""},"class_list":["post-1690","page","type-page","status-publish","hentry"],"acf":[],"_links":{"self":[{"href":"https:\/\/www.co-do-lab.org\/de\/wp-json\/wp\/v2\/pages\/1690","targetHints":{"allow":["GET"]}}],"collection":[{"href":"https:\/\/www.co-do-lab.org\/de\/wp-json\/wp\/v2\/pages"}],"about":[{"href":"https:\/\/www.co-do-lab.org\/de\/wp-json\/wp\/v2\/types\/page"}],"author":[{"embeddable":true,"href":"https:\/\/www.co-do-lab.org\/de\/wp-json\/wp\/v2\/users\/6"}],"replies":[{"embeddable":true,"href":"https:\/\/www.co-do-lab.org\/de\/wp-json\/wp\/v2\/comments?post=1690"}],"version-history":[{"count":0,"href":"https:\/\/www.co-do-lab.org\/de\/wp-json\/wp\/v2\/pages\/1690\/revisions"}],"wp:attachment":[{"href":"https:\/\/www.co-do-lab.org\/de\/wp-json\/wp\/v2\/media?parent=1690"}],"curies":[{"name":"wp","href":"https:\/\/api.w.org\/{rel}","templated":true}]}}