{"id":1722,"date":"2026-01-21T15:17:45","date_gmt":"2026-01-21T14:17:45","guid":{"rendered":"https:\/\/www.co-do-lab.org\/?page_id=1722"},"modified":"2026-01-29T12:57:19","modified_gmt":"2026-01-29T11:57:19","slug":"geschichtenerzahlen","status":"publish","type":"page","link":"https:\/\/www.co-do-lab.org\/de\/geschichtenerzahlen\/","title":{"rendered":"Storytelling f\u00fcr Innovation"},"content":{"rendered":"<div class=\"wpb-content-wrapper\"><div class=\"vc_row wpb_row vc_row-fluid white-text vc_custom_1769687830844 vc_row-has-fill\"><div class=\"wpb_column vc_column_container vc_col-sm-12\"><div class=\"vc_column-inner\"><div class=\"wpb_wrapper\"><div class=\"vc_row wpb_row vc_inner vc_row-fluid vc_row-o-content-top vc_row-flex\"><div class=\"wpb_column vc_column_container vc_col-sm-12\"><div class=\"vc_column-inner\"><div class=\"wpb_wrapper\">\n\t<div class=\"wpb_text_column wpb_content_element\" >\n\t\t<div class=\"wpb_wrapper\">\n\t\t\t<h1><span style=\"color: #ffffff;\">Storytelling f\u00fcr Innovation<\/span><\/h1>\n\n\t\t<\/div>\n\t<\/div>\n\n\t<div class=\"wpb_text_column wpb_content_element bg-text largerParagraphs\" >\n\t\t<div class=\"wpb_wrapper\">\n\t\t\t<p>Wir verwandeln Komplexit\u00e4t in gemeinsame Bedeutung - und Ideen in Taten.<\/p>\n\n\t\t<\/div>\n\t<\/div>\n<\/div><\/div><\/div><\/div><\/div><\/div><\/div><\/div><div class=\"vc_row wpb_row vc_row-fluid vc_custom_1733829960192 vc_row-has-fill\"><div class=\"wpb_column vc_column_container vc_col-sm-12\"><div class=\"vc_column-inner\"><div class=\"wpb_wrapper\"><div class=\"vc_row wpb_row vc_inner vc_row-fluid\"><div class=\"wpb_column vc_column_container vc_col-sm-1\"><div class=\"vc_column-inner\"><div class=\"wpb_wrapper\"><\/div><\/div><\/div><div class=\"wpb_column vc_column_container vc_col-sm-10\"><div class=\"vc_column-inner\"><div class=\"wpb_wrapper\">\n\t<div class=\"wpb_text_column wpb_content_element largerParagraphs\" >\n\t\t<div class=\"wpb_wrapper\">\n\t\t\t<p><strong>Werden deine Strategien zwar verstanden, aber noch nicht in der gesamten Organisation gelebt?<\/strong><\/p>\n<p><strong>Hast du starke Ideen, aber Schwierigkeiten, deine Mitarbeitenden auf eine gemeinsame Richtung und ein gemeinsames Ziel auszurichten?<\/strong><\/p>\n<p><strong>Willst du eine Transformation einleiten, die von Anfang an Klarheit, Eigenverantwortung und Schwung mitbringt?<\/strong><\/p>\n\n\t\t<\/div>\n\t<\/div>\n<\/div><\/div><\/div><div class=\"wpb_column vc_column_container vc_col-sm-1\"><div class=\"vc_column-inner\"><div class=\"wpb_wrapper\"><\/div><\/div><\/div><\/div><\/div><\/div><\/div><\/div><div class=\"vc_row wpb_row vc_row-fluid\"><div class=\"wpb_column vc_column_container vc_col-sm-12\"><div class=\"vc_column-inner\"><div class=\"wpb_wrapper\"><div class=\"vc_row wpb_row vc_inner vc_row-fluid\"><div class=\"wpb_column vc_column_container vc_col-sm-1\"><div class=\"vc_column-inner\"><div class=\"wpb_wrapper\"><\/div><\/div><\/div><div class=\"wpb_column vc_column_container vc_col-sm-10\"><div class=\"vc_column-inner\"><div class=\"wpb_wrapper\">\n\t<div class=\"wpb_text_column wpb_content_element vc_custom_1765898146943\" >\n\t\t<div class=\"wpb_wrapper\">\n\t\t\t<h4>Informationen in Geschichten verwandeln, die Menschen bewegen<\/h4>\n\n\t\t<\/div>\n\t<\/div>\n\n\t<div class=\"wpb_text_column wpb_content_element\" >\n\t\t<div class=\"wpb_wrapper\">\n\t\t\t<p>Storytelling f\u00fcr Innovation ist ein ko-kreatives Workshop-Format, das Organisationen, St\u00e4dten und Teams hilft, gemeinsame Erz\u00e4hlungen f\u00fcr den Wandel zu entwickeln. Es geht \u00fcber die Kommunikation hinaus: Storytelling wird zu einem strategischen Instrument, um aufzuzeigen, wo die Menschen heute stehen, wo sie hinwollen - und warum.<\/p>\n<p>Mithilfe von Werkzeugen wie dem Storytelling Canvas und Storyboards \u00fcbersetzen die Teilnehmer komplexe Herausforderungen, Daten und Ziele in Geschichten, die Bedeutung und emotionale Bindung schaffen. Dieser Prozess bringt unterschiedliche Perspektiven zusammen, legt Spannungen und Priorit\u00e4ten offen und schafft ein gemeinsames Verst\u00e4ndnis, das die Zusammenarbeit st\u00e4rkt und die Richtung vorgibt. Dies ist besonders zu Beginn von Projekten, Innovationsprozessen oder Transformationsreisen wichtig.<\/p>\n\n\t\t<\/div>\n\t<\/div>\n<\/div><\/div><\/div><div class=\"wpb_column vc_column_container vc_col-sm-1\"><div class=\"vc_column-inner\"><div class=\"wpb_wrapper\"><\/div><\/div><\/div><\/div><div class=\"vc_row wpb_row vc_inner vc_row-fluid p-t-small p-b-small\"><div class=\"wpb_column vc_column_container vc_col-sm-1\"><div class=\"vc_column-inner\"><div class=\"wpb_wrapper\"><\/div><\/div><\/div><div class=\"wpb_column vc_column_container vc_col-sm-10\"><div class=\"vc_column-inner\"><div class=\"wpb_wrapper\">\n\t<div  class=\"wpb_single_image wpb_content_element vc_align_left wpb_content_element  no-marginbottom-mobile\">\n\t\t\n\t\t<figure class=\"wpb_wrapper vc_figure\">\n\t\t\t<div class=\"vc_single_image-wrapper   vc_box_border_grey\"><img loading=\"lazy\" decoding=\"async\" width=\"977\" height=\"541\" src=\"https:\/\/www.co-do-lab.org\/wp-content\/uploads\/2026\/01\/Storytelling_2025-05-22_co-do-lab_0263.jpg\" class=\"vc_single_image-img attachment-full\" alt=\"\" title=\"co-do! lab Transformationsreise, Wuppertal\" srcset=\"https:\/\/www.co-do-lab.org\/wp-content\/uploads\/2026\/01\/Storytelling_2025-05-22_co-do-lab_0263.jpg 977w, https:\/\/www.co-do-lab.org\/wp-content\/uploads\/2026\/01\/Storytelling_2025-05-22_co-do-lab_0263-768x425.jpg 768w, https:\/\/www.co-do-lab.org\/wp-content\/uploads\/2026\/01\/Storytelling_2025-05-22_co-do-lab_0263-18x10.jpg 18w\" sizes=\"auto, (max-width: 977px) 100vw, 977px\" \/><\/div>\n\t\t<\/figure>\n\t<\/div>\n<\/div><\/div><\/div><div class=\"wpb_column vc_column_container vc_col-sm-1\"><div class=\"vc_column-inner\"><div class=\"wpb_wrapper\"><\/div><\/div><\/div><\/div><div class=\"vc_row wpb_row vc_inner vc_row-fluid\"><div class=\"wpb_column vc_column_container vc_col-sm-1\"><div class=\"vc_column-inner\"><div class=\"wpb_wrapper\"><\/div><\/div><\/div><div class=\"wpb_column vc_column_container vc_col-sm-10\"><div class=\"vc_column-inner\"><div class=\"wpb_wrapper\">\n\t<div class=\"wpb_text_column wpb_content_element vc_custom_1765898305189\" >\n\t\t<div class=\"wpb_wrapper\">\n\t\t\t<h4>Warum Geschichten den Wandel erm\u00f6glichen<\/h4>\n\n\t\t<\/div>\n\t<\/div>\n\n\t<div class=\"wpb_text_column wpb_content_element\" >\n\t\t<div class=\"wpb_wrapper\">\n\t\t\t<p>Geschichten verbinden, wo Fakten allein zu kurz kommen. Sie machen Komplexit\u00e4t greifbar, erzeugen emotionale Resonanz und bieten Bilder von der Zukunft, mit denen sich die Menschen identifizieren und nach denen sie handeln k\u00f6nnen. Storytelling f\u00fcr Innovation hilft, die Ausrichtung zu verbessern, blinde Flecken fr\u00fchzeitig aufzudecken und abstrakte Ziele in motivierende Erz\u00e4hlungen zu verwandeln, die die Menschen mitrei\u00dfen. Die Ergebnisse k\u00f6nnen in die Strategie, in Ver\u00e4nderungsprozesse, in die interne Kommunikation oder in die Innovationsarbeit einflie\u00dfen - ihr gr\u00f6\u00dfter Wert liegt jedoch in der Verbindung: zwischen Menschen, Ideen und Zielen.<\/p>\n<p>Wenn du eine Transformationsreise mit Klarheit und Schwung beginnen willst, ist Storytelling ein guter Ausgangspunkt. Lass uns herausfinden, welche Geschichte dein Unternehmen erz\u00e4hlen kann und will - und wie diese Innovationen vorantreiben kann.<\/p>\n\n\t\t<\/div>\n\t<\/div>\n<\/div><\/div><\/div><div class=\"wpb_column vc_column_container vc_col-sm-1\"><div class=\"vc_column-inner\"><div class=\"wpb_wrapper\"><\/div><\/div><\/div><\/div><\/div><\/div><\/div><\/div>\n<\/div>","protected":false},"excerpt":{"rendered":"<p>Wir schaffen Raum f\u00fcr innovative L\u00f6sungen und begleiten dich dabei, jene zu prototypisieren, die Skalierungspotenzial haben.<\/p>","protected":false},"author":6,"featured_media":1724,"parent":0,"menu_order":0,"comment_status":"closed","ping_status":"closed","template":"","meta":{"_acf_changed":false,"footnotes":""},"class_list":["post-1722","page","type-page","status-publish","hentry"],"acf":[],"_links":{"self":[{"href":"https:\/\/www.co-do-lab.org\/de\/wp-json\/wp\/v2\/pages\/1722","targetHints":{"allow":["GET"]}}],"collection":[{"href":"https:\/\/www.co-do-lab.org\/de\/wp-json\/wp\/v2\/pages"}],"about":[{"href":"https:\/\/www.co-do-lab.org\/de\/wp-json\/wp\/v2\/types\/page"}],"author":[{"embeddable":true,"href":"https:\/\/www.co-do-lab.org\/de\/wp-json\/wp\/v2\/users\/6"}],"replies":[{"embeddable":true,"href":"https:\/\/www.co-do-lab.org\/de\/wp-json\/wp\/v2\/comments?post=1722"}],"version-history":[{"count":0,"href":"https:\/\/www.co-do-lab.org\/de\/wp-json\/wp\/v2\/pages\/1722\/revisions"}],"wp:featuredmedia":[{"embeddable":true,"href":"https:\/\/www.co-do-lab.org\/de\/wp-json\/wp\/v2\/media\/1724"}],"wp:attachment":[{"href":"https:\/\/www.co-do-lab.org\/de\/wp-json\/wp\/v2\/media?parent=1722"}],"curies":[{"name":"wp","href":"https:\/\/api.w.org\/{rel}","templated":true}]}}