{"id":2,"date":"2022-11-17T15:01:28","date_gmt":"2022-11-17T14:01:28","guid":{"rendered":"https:\/\/www.co-do-lab.org\/?page_id=2"},"modified":"2025-08-20T11:07:45","modified_gmt":"2025-08-20T09:07:45","slug":"impressum","status":"publish","type":"page","link":"https:\/\/www.co-do-lab.org\/de\/impressum\/","title":{"rendered":"Impressum"},"content":{"rendered":"<div class=\"wpb-content-wrapper\"><div class=\"vc_row wpb_row vc_row-fluid\"><div class=\"wpb_column vc_column_container vc_col-sm-12\"><div class=\"vc_column-inner\"><div class=\"wpb_wrapper\"><div class=\"vc_row wpb_row vc_inner vc_row-fluid\"><div class=\"wpb_column vc_column_container vc_col-sm-12\"><div class=\"vc_column-inner\"><div class=\"wpb_wrapper\">\n\t<div class=\"wpb_text_column wpb_content_element\" >\n\t\t<div class=\"wpb_wrapper\">\n\t\t\t<h1>Hinweis zur Website<\/h1>\n<h2>Informationen nach \u00a7 5 Telemediengesetz (TMG)<\/h2>\n<p>co-do! lab GmbH<br \/>\nEinern 120<br \/>\n42279 Wuppertal<\/p>\n<p>Handelsregister: HRB 33095<br \/>\nRegistergericht: Amtsgericht Wuppertal<\/p>\n<p><strong>Vertreten durch:<\/strong><br \/>\nMichael Kuhndt<\/p>\n<h2>Kontakt<\/h2>\n<p>Telefon: +49 202 45958 - 10<br \/>\nE-Mail: info@co-do-lab.org<\/p>\n<h2>UMSATZSTEUERIDENTIFIKATIONSNUMMER<\/h2>\n<p>Umsatzsteuer-Identifikationsnummer gem\u00e4\u00df \u00a7 27 a Umsatzsteuergesetz:<br \/>\nDE356425127<\/p>\n<h2>Verantwortliche Person f\u00fcr die Redaktion<\/h2>\n<p>Michael Kuhndt<\/p>\n<h2>EU-Streitbeilegung<\/h2>\n<p>Die Europ\u00e4ische Kommission stellt eine Plattform f\u00fcr die Online-Streitbeilegung (ODR) zur Verf\u00fcgung: <a href=\"https:\/\/ec.europa.eu\/consumers\/odr\/\" target=\"_blank\" rel=\"noopener noreferrer\">https:\/\/ec.europa.eu\/consumers\/odr\/<\/a>.<br \/>\nUnsere E-Mail-Adresse finden Sie oben im Impressum der Website.<\/p>\n<h2>Streitbeilegungsverfahren vor einer Verbraucherschlichtungsstelle<\/h2>\n<p>Wir sind nicht bereit oder verpflichtet, an einem Streitbeilegungsverfahren vor einer Verbraucherschlichtungsstelle teilzunehmen.<\/p>\n<h2>Urheberrecht<\/h2>\n<p>Die durch die Seitenbetreiber erstellten Inhalte und Werke auf diesen Seiten unterliegen dem deutschen Urheberrecht. Die Vervielf\u00e4ltigung, Bearbeitung, Verbreitung und jede Art der Verwertung au\u00dferhalb der Grenzen des Urheberrechtes bed\u00fcrfen der schriftlichen Zustimmung des jeweiligen Autors bzw. Erstellers.<\/p>\n<p>Die kommerzielle Nutzung unserer Inhalte ohne Genehmigung des Urhebers ist untersagt.<\/p>\n<p>Soweit die Inhalte auf dieser Seite nicht vom Betreiber erstellt wurden, werden die Urheberrechte Dritter beachtet. Beitr\u00e4ge Dritter sind auf dieser Seite als solche gekennzeichnet. Sollten Sie trotzdem auf eine Urheberrechtsverletzung aufmerksam werden, bitten wir um einen entsprechenden Hinweis. Derartige Inhalte werden dann umgehend entfernt.<\/p>\n<h2>Allgemeine Gesch\u00e4ftsbedingungen der co-do! lab GmbH<\/h2>\n<p><a href=\"https:\/\/www.co-do-lab.org\/wp-content\/uploads\/2025\/08\/AGB_co-do-lab.pdf\">Hier<\/a> finden Sie die Allgemeinen Gesch\u00e4ftsbedingungen der co-do! lab GmbH<\/p>\n<p>Fotografie: Marc Wessendarp | <a href=\"http:\/\/marcwessendarp.com\/\" target=\"_blank\" rel=\"noopener\">marcwessendarp.com<\/a><\/p>\n<p>Entwurf: Eva Rudolf und Nikola Berger (CSCP)<\/p>\n\n\t\t<\/div>\n\t<\/div>\n<\/div><\/div><\/div><\/div><\/div><\/div><\/div><\/div>\n<\/div>","protected":false},"excerpt":{"rendered":"Impressum Informationen gem\u00e4\u00df \u00a7 5 Telemediengesetz (TMG) co-do! lab GmbH Einern [...]","protected":false},"author":4,"featured_media":0,"parent":0,"menu_order":0,"comment_status":"closed","ping_status":"open","template":"","meta":{"_acf_changed":false,"footnotes":""},"class_list":["post-2","page","type-page","status-publish","hentry"],"acf":[],"_links":{"self":[{"href":"https:\/\/www.co-do-lab.org\/de\/wp-json\/wp\/v2\/pages\/2","targetHints":{"allow":["GET"]}}],"collection":[{"href":"https:\/\/www.co-do-lab.org\/de\/wp-json\/wp\/v2\/pages"}],"about":[{"href":"https:\/\/www.co-do-lab.org\/de\/wp-json\/wp\/v2\/types\/page"}],"author":[{"embeddable":true,"href":"https:\/\/www.co-do-lab.org\/de\/wp-json\/wp\/v2\/users\/4"}],"replies":[{"embeddable":true,"href":"https:\/\/www.co-do-lab.org\/de\/wp-json\/wp\/v2\/comments?post=2"}],"version-history":[{"count":0,"href":"https:\/\/www.co-do-lab.org\/de\/wp-json\/wp\/v2\/pages\/2\/revisions"}],"wp:attachment":[{"href":"https:\/\/www.co-do-lab.org\/de\/wp-json\/wp\/v2\/media?parent=2"}],"curies":[{"name":"wp","href":"https:\/\/api.w.org\/{rel}","templated":true}]}}