{"id":719,"date":"2024-12-10T13:01:09","date_gmt":"2024-12-10T12:01:09","guid":{"rendered":"https:\/\/www.co-do-lab.org\/?page_id=719"},"modified":"2026-03-11T12:48:01","modified_gmt":"2026-03-11T11:48:01","slug":"hallo-transformation","status":"publish","type":"page","link":"https:\/\/www.co-do-lab.org\/de\/hallo-transformation\/","title":{"rendered":"Hello transformation!"},"content":{"rendered":"<div class=\"wpb-content-wrapper\"><div class=\"vc_row wpb_row vc_row-fluid white-text vc_custom_1734086881177 vc_row-has-fill\"><div class=\"wpb_column vc_column_container vc_col-sm-12\"><div class=\"vc_column-inner\"><div class=\"wpb_wrapper\"><div class=\"vc_row wpb_row vc_inner vc_row-fluid vc_row-o-content-top vc_row-flex\"><div class=\"wpb_column vc_column_container vc_col-sm-9\"><div class=\"vc_column-inner\"><div class=\"wpb_wrapper\">\n\t<div class=\"wpb_text_column wpb_content_element\" >\n\t\t<div class=\"wpb_wrapper\">\n\t\t\t<h1>Hello Transformation!<\/h1>\n\n\t\t<\/div>\n\t<\/div>\n\n\t<div class=\"wpb_text_column wpb_content_element bg-text largerParagraphs\" >\n\t\t<div class=\"wpb_wrapper\">\n\t\t\t<p>Unsere naturbasierte Lernerfahrung f\u00fcr k\u00fcnftige Transformation Leader<\/p>\n\n\t\t<\/div>\n\t<\/div>\n\n\t<div class=\"wpb_text_column wpb_content_element overline largerParagraphs p-t-small\" >\n\t\t<div class=\"wpb_wrapper\">\n\t\t\t<p>Workshop | 4 Tage<\/p>\n\n\t\t<\/div>\n\t<\/div>\n<\/div><\/div><\/div><div class=\"wpb_column vc_column_container vc_col-sm-3 vc_col-xs-6\"><div class=\"vc_column-inner\"><div class=\"wpb_wrapper\">\n\t<div  class=\"wpb_single_image wpb_content_element vc_align_left wpb_content_element  badge\">\n\t\t\n\t\t<figure class=\"wpb_wrapper vc_figure\">\n\t\t\t<a href=\"https:\/\/www.co-do-lab.org\/de\/hallo-transformationsregistrierung\/\" target=\"_blank\" class=\"vc_single_image-wrapper   vc_box_border_grey\"><img decoding=\"async\" src=\"https:\/\/www.co-do-lab.org\/wp-content\/uploads\/2024\/12\/Enroll-Now-CTA.svg\" class=\"vc_single_image-img attachment-full\" alt=\"\" title=\"Jetzt anmelden - CTA\" \/><\/a>\n\t\t<\/figure>\n\t<\/div>\n<\/div><\/div><\/div><\/div><\/div><\/div><\/div><\/div><div class=\"vc_row wpb_row vc_row-fluid vc_custom_1733829960192 vc_row-has-fill\"><div class=\"wpb_column vc_column_container vc_col-sm-12\"><div class=\"vc_column-inner\"><div class=\"wpb_wrapper\"><div class=\"vc_row wpb_row vc_inner vc_row-fluid\"><div class=\"wpb_column vc_column_container vc_col-sm-1\"><div class=\"vc_column-inner\"><div class=\"wpb_wrapper\"><\/div><\/div><\/div><div class=\"wpb_column vc_column_container vc_col-sm-10\"><div class=\"vc_column-inner\"><div class=\"wpb_wrapper\">\n\t<div class=\"wpb_text_column wpb_content_element largerParagraphs\" >\n\t\t<div class=\"wpb_wrapper\">\n\t\t\t<p><strong>Bist du bereit f\u00fcr eine Reise, die nicht nur deine Organisation, sondern auch dich selbst ver\u00e4ndert und dein Potenzial freisetzt, um nachhaltige Transformation von innen heraus herbeizuf\u00fchren?<\/strong><\/p>\n<p><a href=\"https:\/\/www.co-do-lab.org\/wp-content\/uploads\/2026\/03\/co-do_lab_Hello_Transformation_Info-3.pdf\">&gt;&gt; Download des digitalen Flyers<\/a><\/p>\n\n\t\t<\/div>\n\t<\/div>\n<\/div><\/div><\/div><div class=\"wpb_column vc_column_container vc_col-sm-1\"><div class=\"vc_column-inner\"><div class=\"wpb_wrapper\"><\/div><\/div><\/div><\/div><\/div><\/div><\/div><\/div><div class=\"vc_row wpb_row vc_row-fluid\"><div class=\"wpb_column vc_column_container vc_col-sm-12\"><div class=\"vc_column-inner\"><div class=\"wpb_wrapper\"><div class=\"vc_row wpb_row vc_inner vc_row-fluid\"><div class=\"wpb_column vc_column_container vc_col-sm-1\"><div class=\"vc_column-inner\"><div class=\"wpb_wrapper\"><\/div><\/div><\/div><div class=\"wpb_column vc_column_container vc_col-sm-10\"><div class=\"vc_column-inner\"><div class=\"wpb_wrapper\">\n\t<div class=\"wpb_text_column wpb_content_element vc_custom_1734359975661\" >\n\t\t<div class=\"wpb_wrapper\">\n\t\t\t<h4>Praktische Erfahrung in der Natur trifft auf theoretisches Fachwissen<\/h4>\n\n\t\t<\/div>\n\t<\/div>\n\n\t<div class=\"wpb_text_column wpb_content_element\" >\n\t\t<div class=\"wpb_wrapper\">\n\t\t\t<p>\"Hello Transformation\" ist eine einzigartige viert\u00e4gige Workshop-Reihe, die k\u00fcnftige F\u00fchrungskr\u00e4fte f\u00fcr eine nachhaltige Transformation bef\u00e4higt. In der atmosph\u00e4rischen Umgebung von Gut Einern - einem inspirierenden Ort f\u00fcr Nachhaltigkeit - verbindet dieses Programm theoretische Erkenntnisse mit tiefgreifenden, praktischen Erfahrungen in der Natur. Du wirst dich mit Schl\u00fcsselthemen wie Biodiversit\u00e4t, Klimawandel, Kreislaufwirtschaft und Organisationsentwicklung befassen. Gleichzeitig entwickeln wir pers\u00f6nliche F\u00e4higkeiten, die auf die Ziele der Inneren Entwicklung (IDGs) ausgerichtet sind, einer globalen Initiative, die das pers\u00f6nliche Wachstum in Bereichen wie Sein, Denken, Beziehung, Zusammenarbeit und Handeln f\u00f6rdert.<\/p>\n\n\t\t<\/div>\n\t<\/div>\n<\/div><\/div><\/div><div class=\"wpb_column vc_column_container vc_col-sm-1\"><div class=\"vc_column-inner\"><div class=\"wpb_wrapper\"><\/div><\/div><\/div><\/div><\/div><\/div><\/div><\/div><div class=\"vc_row wpb_row vc_row-fluid fluid-image head-no-margin vc_custom_1734087048087 vc_row-has-fill\"><div class=\"wpb_column vc_column_container vc_col-sm-12\"><div class=\"vc_column-inner\"><div class=\"wpb_wrapper\"><div class=\"vc_row wpb_row vc_inner vc_row-fluid col_reverse\"><div class=\"wpb_column vc_column_container vc_col-sm-6\"><div class=\"vc_column-inner\"><div class=\"wpb_wrapper\">\n\t<div class=\"wpb_text_column wpb_content_element white-text\" >\n\t\t<div class=\"wpb_wrapper\">\n\t\t\t<h2>Tage 1 &amp; 2<\/h2>\n<p><strong>Themen:<\/strong> Verhaltens\u00e4nderung, biologische Vielfalt und innere Entwicklung<\/p>\n<p><strong>Ziele f\u00fcr die innere Entwicklung:<\/strong> Sein, Denken, Beziehung<\/p>\n<h2>Tage 3 &amp; 4<\/h2>\n<p><strong>Themen:<\/strong> Kreislaufwirtschaft, Klimawandel, Organisationsentwicklung und innere Entwicklung<\/p>\n<p><strong>Ziele f\u00fcr die innere Entwicklung:<\/strong> Zusammenarbeit, Handeln<\/p>\n\n\t\t<\/div>\n\t<\/div>\n<\/div><\/div><\/div><div class=\"wpb_column vc_column_container vc_col-sm-6\"><div class=\"vc_column-inner\"><div class=\"wpb_wrapper\">\n\t<div  class=\"wpb_single_image wpb_content_element vc_align_left wpb_content_element\">\n\t\t\n\t\t<figure class=\"wpb_wrapper vc_figure\">\n\t\t\t<div class=\"vc_single_image-wrapper   vc_box_border_grey\"><img loading=\"lazy\" decoding=\"async\" width=\"1310\" height=\"1241\" src=\"https:\/\/www.co-do-lab.org\/wp-content\/uploads\/2024\/09\/Hello-transformation-02.jpg\" class=\"vc_single_image-img attachment-full\" alt=\"\" title=\"Hallo-Transformation-02\" srcset=\"https:\/\/www.co-do-lab.org\/wp-content\/uploads\/2024\/09\/Hello-transformation-02.jpg 1310w, https:\/\/www.co-do-lab.org\/wp-content\/uploads\/2024\/09\/Hello-transformation-02-768x728.jpg 768w, https:\/\/www.co-do-lab.org\/wp-content\/uploads\/2024\/09\/Hello-transformation-02-991x939.jpg 991w, https:\/\/www.co-do-lab.org\/wp-content\/uploads\/2024\/09\/Hello-transformation-02-300x284.jpg 300w, https:\/\/www.co-do-lab.org\/wp-content\/uploads\/2024\/09\/Hello-transformation-02-1024x970.jpg 1024w\" sizes=\"auto, (max-width: 1310px) 100vw, 1310px\" \/><\/div>\n\t\t<\/figure>\n\t<\/div>\n<\/div><\/div><\/div><\/div><\/div><\/div><\/div><\/div><div class=\"vc_row wpb_row vc_row-fluid\"><div class=\"wpb_column vc_column_container vc_col-sm-12\"><div class=\"vc_column-inner\"><div class=\"wpb_wrapper\"><div class=\"vc_row wpb_row vc_inner vc_row-fluid\"><div class=\"wpb_column vc_column_container vc_col-sm-1\"><div class=\"vc_column-inner\"><div class=\"wpb_wrapper\"><\/div><\/div><\/div><div class=\"wpb_column vc_column_container vc_col-sm-10\"><div class=\"vc_column-inner\"><div class=\"wpb_wrapper\">\n\t<div class=\"wpb_text_column wpb_content_element vc_custom_1734360120211\" >\n\t\t<div class=\"wpb_wrapper\">\n\t\t\t<h4>Fokus auf Wirkung und tiefe Verbundenheit<\/h4>\n\n\t\t<\/div>\n\t<\/div>\n\n\t<div class=\"wpb_text_column wpb_content_element\" >\n\t\t<div class=\"wpb_wrapper\">\n\t\t\t<div class=\"wpb_text_column wpb_content_element\">\n<div class=\"wpb_wrapper\">\n<p>Unsere Workshop-Reihe vertieft nicht nur dein Verst\u00e4ndnis von Nachhaltigkeit, sondern gibt dir auch umsetzbare Strategien, mit denen du in deiner Organisation echte Transformation herbeif\u00fchren kannst. Nach dieser naturbasierten Lernerfahrung wirst du mit einer klaren Vision, praktischen Werkzeugen, einem unvergesslichen Erlebnis und einem Netzwerk von Gleichgesinnten, die dein Engagement f\u00fcr Nachhaltigkeit teilen, nach Hause gehen. Bist du bereit, den n\u00e4chsten Schritt auf deinem Weg zur F\u00fchrungskraft zu machen? Melde dich noch heute an, um dir deinen Platz zu sichern und deine Organisation in Richtung einer nachhaltigen Zukunft zu ver\u00e4ndern!<\/p>\n<\/div>\n<\/div>\n\n\t\t<\/div>\n\t<\/div>\n<div class=\"vc_btn3-container vc_btn3-inline vc_do_btn\" ><a onmouseleave=\"this.style.borderColor='#0a0a0a'; this.style.backgroundColor='transparent'; this.style.color='#0a0a0a'\" onmouseenter=\"this.style.borderColor='#f4e914'; this.style.backgroundColor='#f4e914'; this.style.color='#0a0a0a';\" style=\"border-color:#0a0a0a; color:#0a0a0a;\" class=\"vc_general vc_btn3 vc_btn3-size-md vc_btn3-shape-square vc_btn3-style-outline-custom\" href=\"https:\/\/www.co-do-lab.org\/de\/hallo-transformationsregistrierung\/\" title=\"\" target=\"_blank\">Jetzt anmelden<\/a><\/div><\/div><\/div><\/div><div class=\"wpb_column vc_column_container vc_col-sm-1\"><div class=\"vc_column-inner\"><div class=\"wpb_wrapper\"><\/div><\/div><\/div><\/div><div class=\"vc_separator wpb_content_element vc_separator_align_center vc_sep_width_100 vc_sep_pos_align_center vc_separator_no_text vc_sep_color_grey wpb_content_element  wpb_content_element\" ><span class=\"vc_sep_holder vc_sep_holder_l\"><span class=\"vc_sep_line\"><\/span><\/span><span class=\"vc_sep_holder vc_sep_holder_r\"><span class=\"vc_sep_line\"><\/span><\/span>\n<\/div><div class=\"vc_row wpb_row vc_inner vc_row-fluid p-t-large p-b-small vc_custom_1734360509003 vc_row-has-fill\"><div class=\"wpb_column vc_column_container vc_col-sm-6\"><div class=\"vc_column-inner\"><div class=\"wpb_wrapper\">\n\t<div  class=\"wpb_single_image wpb_content_element vc_align_left wpb_content_element  no-marginbottom-mobile\">\n\t\t\n\t\t<figure class=\"wpb_wrapper vc_figure\">\n\t\t\t<div class=\"vc_single_image-wrapper   vc_box_border_grey\"><img loading=\"lazy\" decoding=\"async\" width=\"1400\" height=\"795\" src=\"https:\/\/www.co-do-lab.org\/wp-content\/uploads\/2024\/09\/Hello-transformation-03.jpg\" class=\"vc_single_image-img attachment-full\" alt=\"\" title=\"Hallo-Transformation-03\" srcset=\"https:\/\/www.co-do-lab.org\/wp-content\/uploads\/2024\/09\/Hello-transformation-03.jpg 1400w, https:\/\/www.co-do-lab.org\/wp-content\/uploads\/2024\/09\/Hello-transformation-03-768x436.jpg 768w, https:\/\/www.co-do-lab.org\/wp-content\/uploads\/2024\/09\/Hello-transformation-03-991x563.jpg 991w, https:\/\/www.co-do-lab.org\/wp-content\/uploads\/2024\/09\/Hello-transformation-03-300x170.jpg 300w, https:\/\/www.co-do-lab.org\/wp-content\/uploads\/2024\/09\/Hello-transformation-03-1024x581.jpg 1024w\" sizes=\"auto, (max-width: 1400px) 100vw, 1400px\" \/><\/div>\n\t\t<\/figure>\n\t<\/div>\n<\/div><\/div><\/div><div class=\"wpb_column vc_column_container vc_col-sm-6\"><div class=\"vc_column-inner\"><div class=\"wpb_wrapper\">\n\t<div class=\"wpb_text_column wpb_content_element\" >\n\t\t<div class=\"wpb_wrapper\">\n\t\t\t<p><strong>Du willst mehr erfahren? Komm zu einer unserer Infosveranstaltungen.<\/strong><\/p>\n<p>Donnerstag, 19. Februar 2026, 11 - 12 Uhr - <a href=\"https:\/\/co-do-lab-org.zoom.us\/meeting\/register\/pPPcAA1FSVm-0A1C3QzvaA\">Hier anmelden<\/a><br \/>\nDonnerstag, 05. M\u00e4rz 2026, 12 - 01 Uhr - <a href=\"https:\/\/co-do-lab-org.zoom.us\/meeting\/register\/2rA7o5HhR_yLh9lisio0gQ\">Hier anmelden<\/a><br \/>\nFreitag, 20. M\u00e4rz 2026, 9 - 10 Uhr <a href=\"https:\/\/co-do-lab-org.zoom.us\/meeting\/register\/rDWjC2lxQjyX28PgGLBUDw\">Hier anmelden<\/a><br \/>\nFreitag, 24. April 2026, 9 - 10 Uhr <a href=\"https:\/\/co-do-lab-org.zoom.us\/meeting\/register\/5Wj2hXhqTqys7t_nzLroag\">Hier anmelden<\/a><br \/>\nMittwoch, 20. Mai 2026, 16 - 17 Uhr - <a href=\"https:\/\/co-do-lab-org.zoom.us\/meeting\/register\/uB7Raz9vQXqMeH5qKmwa9g\">Hier anmelden<\/a><\/p>\n<p>&gt;&gt; Oder\u00a0<strong><a href=\"mailto:hello@co-do-lab.org\" target=\"_blank\" rel=\"noopener\">kontaktiere uns<\/a> um mit uns \u00fcber deine Bed\u00fcrfnisse zu sprechen.<\/strong><\/p>\n\n\t\t<\/div>\n\t<\/div>\n<\/div><\/div><\/div><\/div><\/div><\/div><\/div><\/div><div class=\"vc_row wpb_row vc_row-fluid fluid-image head-no-margin vc_custom_1734087048087 vc_row-has-fill\"><div class=\"wpb_column vc_column_container vc_col-sm-12\"><div class=\"vc_column-inner\"><div class=\"wpb_wrapper\"><div class=\"vc_row wpb_row vc_inner vc_row-fluid col_reverse\"><div class=\"wpb_column vc_column_container vc_col-sm-6\"><div class=\"vc_column-inner\"><div class=\"wpb_wrapper\">\n\t<div class=\"wpb_text_column wpb_content_element\" >\n\t\t<div class=\"wpb_wrapper\">\n\t\t\t<h3><span style=\"color: #ffffff;\"><strong>Lerne, wie<\/strong><\/span><\/h3>\n<p>&nbsp;<\/p>\n<p><span style=\"color: #ffffff;\">du die Nachhaltigkeitstransformation in deinem Unternehmen oder deiner Kommune effektiv vorantreiben kannst<\/span><\/p>\n<p><span style=\"color: #ffffff;\">du dein Team durch die Komplexit\u00e4t des Wandels hin zu einer nachhaltigeren Zukunft f\u00fchren kannst<\/span><\/p>\n<p><span style=\"color: #ffffff;\">du anhand von realen Beispielen und praktischen Erfahrungen wirkungsvolle Entscheidungen treffen kannst.<\/span><\/p>\n\n\t\t<\/div>\n\t<\/div>\n<\/div><\/div><\/div><div class=\"wpb_column vc_column_container vc_col-sm-6\"><div class=\"vc_column-inner\"><div class=\"wpb_wrapper\">\n\t<div  class=\"wpb_single_image wpb_content_element vc_align_left wpb_content_element  no-marginbottom-mobile\">\n\t\t\n\t\t<figure class=\"wpb_wrapper vc_figure\">\n\t\t\t<div class=\"vc_single_image-wrapper   vc_box_border_grey\"><img loading=\"lazy\" decoding=\"async\" width=\"1400\" height=\"795\" src=\"https:\/\/www.co-do-lab.org\/wp-content\/uploads\/2024\/09\/Hello-transformation-04.jpg\" class=\"vc_single_image-img attachment-full\" alt=\"\" title=\"Hallo-Transformation-04\" srcset=\"https:\/\/www.co-do-lab.org\/wp-content\/uploads\/2024\/09\/Hello-transformation-04.jpg 1400w, https:\/\/www.co-do-lab.org\/wp-content\/uploads\/2024\/09\/Hello-transformation-04-768x436.jpg 768w, https:\/\/www.co-do-lab.org\/wp-content\/uploads\/2024\/09\/Hello-transformation-04-991x563.jpg 991w, https:\/\/www.co-do-lab.org\/wp-content\/uploads\/2024\/09\/Hello-transformation-04-300x170.jpg 300w, https:\/\/www.co-do-lab.org\/wp-content\/uploads\/2024\/09\/Hello-transformation-04-1024x581.jpg 1024w\" sizes=\"auto, (max-width: 1400px) 100vw, 1400px\" \/><\/div>\n\t\t<\/figure>\n\t<\/div>\n<\/div><\/div><\/div><\/div><\/div><\/div><\/div><\/div><div class=\"vc_row wpb_row vc_row-fluid\"><div class=\"wpb_column vc_column_container vc_col-sm-12\"><div class=\"vc_column-inner\"><div class=\"wpb_wrapper\">\n\t<div class=\"wpb_text_column wpb_content_element\" >\n\t\t<div class=\"wpb_wrapper\">\n\t\t\t<h3>Wann?<\/h3>\n<p>Die n\u00e4chsten Durchl\u00e4ufe finden an diesen vier Tagen statt:<\/p>\n<p>01. &amp; 02. Juli 2026 und 09. &amp; 10. September 2026 (mittwochs &amp; donnerstags)<\/p>\n<p>Exklusive Termine f\u00fcr Organisationsteams auf Anfrage.<\/p>\n<p>&nbsp;<\/p>\n<h3><strong>Kosten<\/strong><\/h3>\n<ul>\n<li>Unternehmen: 750\u20ac pro Tag, insgesamt 3.000 \u20ac<\/li>\n<li>NGOs: 650 \u20ac pro Tag, insgesamt 2.600 \u20ac<\/li>\n<li>Einzelpersonen: 550\u20ac pro Tag, insgesamt 2.200 \u20ac<\/li>\n<\/ul>\n<p>Im Preis inbegriffen sind Essen und Getr\u00e4nke, naturbasierte Gruppen-Coachings, fachkundige Nachhaltigkeitsexperten des CSCP, professionelle Moderatoren, ein Kursbuch, ein Teilnahmezertifikat und mehr.<\/p>\n<p>Sichere dir deinen Fr\u00fchbucherrabatt!<\/p>\n<p>20% bis 31. M\u00e4rz und 10% bis 31. Mai<\/p>\n<p>&nbsp;<\/p>\n<h3><strong>FAQs<\/strong><\/h3>\n\n\t\t<\/div>\n\t<\/div>\n<div  class=\"vc_do_toggle vc_toggle vc_toggle_default vc_toggle_color_default  vc_toggle_size_md\"><div class=\"vc_toggle_title\"><h4>Was ist, wenn ich an einem der vier Tage nicht teilnehmen kann?<\/h4><i class=\"vc_toggle_icon\"><\/i><\/div><div class=\"vc_toggle_content\"><div class=\"message-body normal-message-body\" data-v-16f46db6=\"\">\n<div class=\"message-main\" data-v-58fbaeb6=\"\" data-v-16f46db6=\"\">\n<div class=\"message-main__text markdown-message\" data-v-58fbaeb6=\"\">\n<div class=\"rich-text--wrapper rich-text--wrapper-markdown\" dir=\"auto\" data-v-4eb997e3=\"\" data-v-58fbaeb6=\"\">\n<div data-v-4eb997e3=\"\">\n<p data-v-4eb997e3=\"\">Keine Sorge - Hello Transformation wird immer noch von gro\u00dfem Wert f\u00fcr Sie sein, da die Tage immer noch vollgepackt sind mit Einsichten und Erfahrungen, die f\u00fcr sich alleine stehen. Kontaktieren Sie uns und wir finden eine L\u00f6sung!<\/p>\n<\/div>\n<\/div>\n<\/div>\n<\/div>\n<\/div>\n<div class=\"message-body__scroll\" data-v-16f46db6=\"\">\n<div class=\"message-buttons-bar\" data-v-5536cd4b=\"\" data-v-16f46db6=\"\"><\/div>\n<\/div>\n<div class=\"message-main\" data-v-58fbaeb6=\"\" data-v-16f46db6=\"\">\n<div class=\"message-main__text markdown-message\" data-v-58fbaeb6=\"\"><\/div>\n<\/div>\n<\/div><\/div><div  class=\"vc_do_toggle vc_toggle vc_toggle_default vc_toggle_color_default  vc_toggle_size_md\"><div class=\"vc_toggle_title\"><h4>Was bekomme ich von Hello Transformation?<\/h4><i class=\"vc_toggle_icon\"><\/i><\/div><div class=\"vc_toggle_content\"><div class=\"message-body normal-message-body\" data-v-16f46db6=\"\">\n<div class=\"message-main\" data-v-58fbaeb6=\"\" data-v-16f46db6=\"\">\n<div class=\"message-main__text markdown-message\" data-v-58fbaeb6=\"\">\n<div class=\"rich-text--wrapper rich-text--wrapper-markdown\" dir=\"auto\" data-v-4eb997e3=\"\" data-v-58fbaeb6=\"\">\n<div data-v-4eb997e3=\"\">\n<div class=\"message-body normal-message-body\" data-v-16f46db6=\"\">\n<div class=\"message-main\" data-v-58fbaeb6=\"\" data-v-16f46db6=\"\">\n<div class=\"message-main__text markdown-message\" data-v-58fbaeb6=\"\">\n<div class=\"rich-text--wrapper rich-text--wrapper-markdown\" dir=\"auto\" data-v-4eb997e3=\"\" data-v-58fbaeb6=\"\">\n<div data-v-4eb997e3=\"\">\n<p data-v-4eb997e3=\"\">Experteninput zu zentralen Nachhaltigkeitsthemen | Vier Tage an einem inspirierenden Ort f\u00fcr Nachhaltigkeit | Profitieren Sie von (Outdoor-)Coaching-Methoden | Eine Gemeinschaft von Gleichgesinnten | Entdecken Sie Ihre Rolle als F\u00fchrungskraft f\u00fcr nachhaltige Transformation | Erhalten Sie ein Zertifikat<\/p>\n<\/div>\n<\/div>\n<\/div>\n<\/div>\n<\/div>\n<\/div>\n<\/div>\n<\/div>\n<\/div>\n<\/div>\n<\/div><\/div><div class=\"vc_separator wpb_content_element vc_separator_align_center vc_sep_width_100 vc_sep_pos_align_center vc_separator_no_text vc_sep_color_grey wpb_content_element  wpb_content_element\" ><span class=\"vc_sep_holder vc_sep_holder_l\"><span class=\"vc_sep_line\"><\/span><\/span><span class=\"vc_sep_holder vc_sep_holder_r\"><span class=\"vc_sep_line\"><\/span><\/span>\n<\/div><\/div><\/div><\/div><\/div><div class=\"vc_row wpb_row vc_row-fluid vc_custom_1734361148204 vc_row-has-fill\"><div class=\"wpb_column vc_column_container vc_col-sm-12\"><div class=\"vc_column-inner\"><div class=\"wpb_wrapper\">\n\t<div class=\"wpb_text_column wpb_content_element vc_custom_1734361269080\" >\n\t\t<div class=\"wpb_wrapper\">\n\t\t\t<h3><span style=\"color: #ffffff;\"><strong>Referenzen &amp; Testimonials<\/strong><\/span><\/h3>\n\n\t\t<\/div>\n\t<\/div>\n\n\t<div class=\"wpb_text_column wpb_content_element\" >\n\t\t<div class=\"wpb_wrapper\">\n\t\t\t<p><span style=\"color: #ffffff;\">\u201eMir hat Hello Transformation super gefallen. Die N\u00e4he zur Natur, nicht im Meetingraum zu sitzen und dadurch den Kopf ganz anders zu bedienen - aber auch Hand und Herz mit dazu zu nehmen fand ich super. Tolle, tolle Tage.\u201d<\/span><\/p>\n<p><span style=\"color: #ffffff;\">- Jessica Siepmann, Nachhaltigkeitsspezialistin, Sparkasse Wuppertal<\/span><\/p>\n\n\t\t<\/div>\n\t<\/div>\n<div class=\"vc_separator wpb_content_element vc_separator_align_center vc_sep_width_100 vc_sep_pos_align_center vc_separator_no_text vc_sep_color_grey wpb_content_element  wpb_content_element\" ><span class=\"vc_sep_holder vc_sep_holder_l\"><span class=\"vc_sep_line\"><\/span><\/span><span class=\"vc_sep_holder vc_sep_holder_r\"><span class=\"vc_sep_line\"><\/span><\/span>\n<\/div>\n\t<div class=\"wpb_text_column wpb_content_element\" >\n\t\t<div class=\"wpb_wrapper\">\n\t\t\t<p><span style=\"color: #ffffff;\">\u201eIch h\u00e4tte nie damit gerechnet, dass das Programm so einen Impact auf mich pers\u00f6nlich hat und ich so viel draus mitnehme.\u201d<\/span><\/p>\n<p><span style=\"color: #ffffff;\">- Carsten Vo\u00dfk\u00fchler, Vertriebsleiter, Live Sport L\u00f6sungen, RIEDEL Communications<\/span><\/p>\n\n\t\t<\/div>\n\t<\/div>\n<\/div><\/div><\/div><\/div>\n<\/div>","protected":false},"excerpt":{"rendered":"<p>Unsere naturbasierte Lernerfahrung f\u00fcr k\u00fcnftige Transformation Leader<\/p>","protected":false},"author":4,"featured_media":811,"parent":0,"menu_order":0,"comment_status":"closed","ping_status":"closed","template":"","meta":{"_acf_changed":false,"footnotes":""},"class_list":["post-719","page","type-page","status-publish","hentry"],"acf":[],"_links":{"self":[{"href":"https:\/\/www.co-do-lab.org\/de\/wp-json\/wp\/v2\/pages\/719","targetHints":{"allow":["GET"]}}],"collection":[{"href":"https:\/\/www.co-do-lab.org\/de\/wp-json\/wp\/v2\/pages"}],"about":[{"href":"https:\/\/www.co-do-lab.org\/de\/wp-json\/wp\/v2\/types\/page"}],"author":[{"embeddable":true,"href":"https:\/\/www.co-do-lab.org\/de\/wp-json\/wp\/v2\/users\/4"}],"replies":[{"embeddable":true,"href":"https:\/\/www.co-do-lab.org\/de\/wp-json\/wp\/v2\/comments?post=719"}],"version-history":[{"count":0,"href":"https:\/\/www.co-do-lab.org\/de\/wp-json\/wp\/v2\/pages\/719\/revisions"}],"wp:featuredmedia":[{"embeddable":true,"href":"https:\/\/www.co-do-lab.org\/de\/wp-json\/wp\/v2\/media\/811"}],"wp:attachment":[{"href":"https:\/\/www.co-do-lab.org\/de\/wp-json\/wp\/v2\/media?parent=719"}],"curies":[{"name":"wp","href":"https:\/\/api.w.org\/{rel}","templated":true}]}}