{"id":773,"date":"2024-12-11T09:49:57","date_gmt":"2024-12-11T08:49:57","guid":{"rendered":"https:\/\/www.co-do-lab.org\/?page_id=773"},"modified":"2025-02-03T16:23:12","modified_gmt":"2025-02-03T15:23:12","slug":"unser-ansatz","status":"publish","type":"page","link":"https:\/\/www.co-do-lab.org\/de\/unser-ansatz\/","title":{"rendered":"Unser Ansatz"},"content":{"rendered":"<div class=\"wpb-content-wrapper\"><div class=\"vc_row wpb_row vc_row-fluid white-text head-no-margin vc_custom_1734078971326 vc_row-has-fill vc_row-o-content-middle vc_row-flex\"><div class=\"wpb_column vc_column_container vc_col-sm-12\"><div class=\"vc_column-inner\"><div class=\"wpb_wrapper\"><div class=\"vc_row wpb_row vc_inner vc_row-fluid p-b-small vc_row-o-content-top vc_row-flex\"><div class=\"wpb_column vc_column_container vc_col-sm-12\"><div class=\"vc_column-inner\"><div class=\"wpb_wrapper\">\n\t<div class=\"wpb_text_column wpb_content_element head-bg head-bg-pink\" >\n\t\t<div class=\"wpb_wrapper\">\n\t\t\t<h1>Warum beim co-do! lab mitmachen? Der richtige Partner f\u00fcr deine Transformationsreise!<\/h1>\n\n\t\t<\/div>\n\t<\/div>\n<\/div><\/div><\/div><\/div><\/div><\/div><\/div><\/div><div data-vc-full-width=\"true\" data-vc-full-width-temp=\"true\" data-vc-full-width-init=\"false\" data-vc-stretch-content=\"true\" class=\"vc_row wpb_row vc_row-fluid full-width-image-spacer vc_custom_1736326615232 vc_row-has-fill vc_row-o-content-middle vc_row-flex\"><div class=\"wpb_column vc_column_container vc_col-sm-12\"><div class=\"vc_column-inner\"><div class=\"wpb_wrapper\"><\/div><\/div><\/div><\/div><div class=\"vc_row-full-width vc_clearfix\"><\/div><div class=\"vc_row wpb_row vc_row-fluid p-b-0 p-t-0 vc_custom_1733913264392 vc_row-has-fill\"><div class=\"wpb_column vc_column_container vc_col-sm-12\"><div class=\"vc_column-inner\"><div class=\"wpb_wrapper\"><div class=\"vc_row wpb_row vc_inner vc_row-fluid bg-image-row p-b-large p-t-large row-spacer vc_custom_1733913270605 vc_row-has-fill\"><div class=\"wpb_column vc_column_container vc_col-sm-1\"><div class=\"vc_column-inner\"><div class=\"wpb_wrapper\"><\/div><\/div><\/div><div class=\"wpb_column vc_column_container vc_col-sm-10\"><div class=\"vc_column-inner\"><div class=\"wpb_wrapper\">\n\t<div class=\"wpb_text_column wpb_content_element largerParagraphs\" >\n\t\t<div class=\"wpb_wrapper\">\n\t\t\t<p>Die St\u00e4rke des co-do lab liegt in unseren Netzwerken und unserem kollaborativen Ansatz. In unserer Zusammenarbeit erh\u00e4ltst du Zugang zu 20 Jahren Nachhaltigkeitsexpertise des CSCP, zu innovativen Communities von Transformation Leadern und zu praktischen Ressourcen. Alles mit dem Ziel, deine nachhaltige Transformation voranzutreiben.<\/p>\n\n\t\t<\/div>\n\t<\/div>\n<\/div><\/div><\/div><div class=\"wpb_column vc_column_container vc_col-sm-1\"><div class=\"vc_column-inner\"><div class=\"wpb_wrapper\"><\/div><\/div><\/div><\/div><\/div><\/div><\/div><\/div><div id=\"transformation-journey\" class=\"vc_row wpb_row vc_row-fluid\"><div class=\"wpb_column vc_column_container vc_col-sm-12\"><div class=\"vc_column-inner\"><div class=\"wpb_wrapper\"><div class=\"vc_row wpb_row vc_inner vc_row-fluid\"><div class=\"wpb_column vc_column_container vc_col-sm-1\"><div class=\"vc_column-inner\"><div class=\"wpb_wrapper\"><\/div><\/div><\/div><div class=\"wpb_column vc_column_container vc_col-sm-10\"><div class=\"vc_column-inner\"><div class=\"wpb_wrapper\">\n\t<div class=\"wpb_text_column wpb_content_element head-bg head-bg-pink h1\" >\n\t\t<div class=\"wpb_wrapper\">\n\t\t\t<h2>Der Ansatz einer Transformationsreise<\/h2>\n\n\t\t<\/div>\n\t<\/div>\n\n\t<div class=\"wpb_text_column wpb_content_element\" >\n\t\t<div class=\"wpb_wrapper\">\n\t\t\t<p>Im co-do lab sind wir uns bewusst, dass der Weg zur Nachhaltigkeit kein einzelner Schritt ist, sondern eine kontinuierliche Reise. Hast du gerade die ersten Schritte gemacht? Oder bist du schon weiter auf deiner Transformationsreise?<\/p>\n<p>Wir haben L\u00f6sungen f\u00fcr Organisationen in jeder Phase. Ob dein Team Inspiration, Motivation, Trainings oder Unterst\u00fctzung bei der Umsetzung von L\u00f6sungen ben\u00f6tigt, wir helfen dir, deinen eigenen Weg zu finden. Wir planen nicht nur \u2013 wir setzen auch um und sorgen daf\u00fcr, dass jeder Schritt mit deinen Nachhaltigkeitszielen \u00fcbereinstimmt.<\/p>\n<p>Als dein kompetenter Experte f\u00fcr Nachhaltigkeit und mit unserem umfangreichen Pool an Expert:innen und Ressourcen, auf den wir zur\u00fcckgreifen k\u00f6nnen, helfen wir dir dabei, die Komplexit\u00e4t der nachhaltigen Transformation zu bew\u00e4ltigen und deine Vision durch praktische und skalierbare L\u00f6sungen zu verwirklichen.<\/p>\n\n\t\t<\/div>\n\t<\/div>\n<\/div><\/div><\/div><div class=\"wpb_column vc_column_container vc_col-sm-1\"><div class=\"vc_column-inner\"><div class=\"wpb_wrapper\"><\/div><\/div><\/div><\/div><\/div><\/div><\/div><\/div><div class=\"vc_row wpb_row vc_row-fluid p-b-small p-t-small head-no-margin vc_custom_1733941392411 vc_row-has-fill\"><div class=\"wpb_column vc_column_container vc_col-sm-12\"><div class=\"vc_column-inner\"><div class=\"wpb_wrapper\"><div class=\"vc_row wpb_row vc_inner vc_row-fluid\"><div class=\"wpb_column vc_column_container vc_col-sm-11\"><div class=\"vc_column-inner\"><div class=\"wpb_wrapper\">\n\t<div class=\"wpb_text_column wpb_content_element white-text medium-head\" >\n\t\t<div class=\"wpb_wrapper\">\n\t\t\t<h2>Bist du neugierig, warum wir so arbeiten, wie wir es tun? Hier ist unser Ansatz, um Nachhaltigkeit aus der Nische in den Mainstream zu bringen!<\/h2>\n\n\t\t<\/div>\n\t<\/div>\n<\/div><\/div><\/div><\/div><\/div><\/div><\/div><\/div><div id=\"10-percent-approach\" class=\"vc_row wpb_row vc_row-fluid p-b-small head-no-margin\"><div class=\"wpb_column vc_column_container vc_col-sm-12\"><div class=\"vc_column-inner\"><div class=\"wpb_wrapper\"><div class=\"vc_row wpb_row vc_inner vc_row-fluid\"><div class=\"wpb_column vc_column_container vc_col-sm-1\"><div class=\"vc_column-inner\"><div class=\"wpb_wrapper\"><\/div><\/div><\/div><div class=\"wpb_column vc_column_container vc_col-sm-10\"><div class=\"vc_column-inner\"><div class=\"wpb_wrapper\">\n\t<div class=\"wpb_text_column wpb_content_element head-bg head-bg-pink h1\" >\n\t\t<div class=\"wpb_wrapper\">\n\t\t\t<h2>Der 10%-Ansatz - erreiche, inspiriere und bef\u00e4hige 10%<\/h2>\n\n\t\t<\/div>\n\t<\/div>\n<\/div><\/div><\/div><div class=\"wpb_column vc_column_container vc_col-sm-1\"><div class=\"vc_column-inner\"><div class=\"wpb_wrapper\"><\/div><\/div><\/div><\/div><div class=\"vc_row wpb_row vc_inner vc_row-fluid vc_custom_1733913190499\"><div class=\"wpb_column vc_column_container vc_col-sm-11\"><div class=\"vc_column-inner\"><div class=\"wpb_wrapper\">\n\t<div  class=\"wpb_single_image wpb_content_element vc_align_left wpb_content_element vc_custom_1733941560481\">\n\t\t\n\t\t<figure class=\"wpb_wrapper vc_figure\">\n\t\t\t<div class=\"vc_single_image-wrapper   vc_box_border_grey\"><img loading=\"lazy\" decoding=\"async\" width=\"1500\" height=\"617\" src=\"https:\/\/www.co-do-lab.org\/wp-content\/uploads\/2024\/12\/10-Percent-Approach_co-do-lab.jpg\" class=\"vc_single_image-img attachment-full\" alt=\"\" title=\"10-Prozent-Ansatz_Co-do-lab\" srcset=\"https:\/\/www.co-do-lab.org\/wp-content\/uploads\/2024\/12\/10-Percent-Approach_co-do-lab.jpg 1500w, https:\/\/www.co-do-lab.org\/wp-content\/uploads\/2024\/12\/10-Percent-Approach_co-do-lab-768x316.jpg 768w, https:\/\/www.co-do-lab.org\/wp-content\/uploads\/2024\/12\/10-Percent-Approach_co-do-lab-991x408.jpg 991w, https:\/\/www.co-do-lab.org\/wp-content\/uploads\/2024\/12\/10-Percent-Approach_co-do-lab-1536x632.jpg 1536w, https:\/\/www.co-do-lab.org\/wp-content\/uploads\/2024\/12\/10-Percent-Approach_co-do-lab-300x123.jpg 300w, https:\/\/www.co-do-lab.org\/wp-content\/uploads\/2024\/12\/10-Percent-Approach_co-do-lab-1024x421.jpg 1024w\" sizes=\"auto, (max-width: 1500px) 100vw, 1500px\" \/><\/div>\n\t\t<\/figure>\n\t<\/div>\n<\/div><\/div><\/div><\/div><div class=\"vc_row wpb_row vc_inner vc_row-fluid\"><div class=\"wpb_column vc_column_container vc_col-sm-1\"><div class=\"vc_column-inner\"><div class=\"wpb_wrapper\"><\/div><\/div><\/div><div class=\"wpb_column vc_column_container vc_col-sm-10\"><div class=\"vc_column-inner\"><div class=\"wpb_wrapper\">\n\t<div class=\"wpb_text_column wpb_content_element\" >\n\t\t<div class=\"wpb_wrapper\">\n\t\t\t<ul>\n<li>Wir inspirieren und bef\u00e4higen 10% eines Unternehmens oder einer Organisation<\/li>\n<li>Wir statten die 10% mit Tools, Prozessen und Know-how aus, um Skalierung zu erm\u00f6glichen<\/li>\n<li>Wir unterst\u00fctzen die 10% weiter auf dem Weg, die Ziele der Organisation zu erreichen<\/li>\n<\/ul>\n\n\t\t<\/div>\n\t<\/div>\n<\/div><\/div><\/div><div class=\"wpb_column vc_column_container vc_col-sm-1\"><div class=\"vc_column-inner\"><div class=\"wpb_wrapper\"><\/div><\/div><\/div><\/div><\/div><\/div><\/div><\/div><div data-vc-full-width=\"true\" data-vc-full-width-temp=\"true\" data-vc-full-width-init=\"false\" data-vc-stretch-content=\"true\" class=\"vc_row wpb_row vc_row-fluid full-width-image-spacer vc_custom_1736326586196 vc_row-has-fill vc_row-o-content-middle vc_row-flex\"><div class=\"wpb_column vc_column_container vc_col-sm-12\"><div class=\"vc_column-inner\"><div class=\"wpb_wrapper\"><\/div><\/div><\/div><\/div><div class=\"vc_row-full-width vc_clearfix\"><\/div><div id=\"co-do-lab-principles\" class=\"vc_row wpb_row vc_row-fluid head-no-margin\"><div class=\"wpb_column vc_column_container vc_col-sm-12\"><div class=\"vc_column-inner\"><div class=\"wpb_wrapper\"><div class=\"vc_row wpb_row vc_inner vc_row-fluid\"><div class=\"wpb_column vc_column_container vc_col-sm-1\"><div class=\"vc_column-inner\"><div class=\"wpb_wrapper\"><\/div><\/div><\/div><div class=\"wpb_column vc_column_container vc_col-sm-10\"><div class=\"vc_column-inner\"><div class=\"wpb_wrapper\">\n\t<div class=\"wpb_text_column wpb_content_element head-bg head-bg-pink h1\" >\n\t\t<div class=\"wpb_wrapper\">\n\t\t\t<h2>Die co-do lab Prinzipien<\/h2>\n\n\t\t<\/div>\n\t<\/div>\n<\/div><\/div><\/div><div class=\"wpb_column vc_column_container vc_col-sm-1\"><div class=\"vc_column-inner\"><div class=\"wpb_wrapper\"><\/div><\/div><\/div><\/div><\/div><\/div><\/div><\/div><div class=\"vc_row wpb_row vc_row-fluid white-text vc_custom_1733907309477 vc_row-has-fill\"><div class=\"wpb_column vc_column_container vc_col-sm-12\"><div class=\"vc_column-inner\"><div class=\"wpb_wrapper\"><div class=\"vc_tta-container\" data-vc-action=\"collapseAll\"><div class=\"vc_general vc_tta vc_tta-accordion vc_tta-color-grey vc_tta-style-flat vc_tta-shape-rounded vc_tta-o-shape-group vc_tta-controls-align-left vc_tta-o-no-fill vc_tta-o-all-clickable  inner-acc acc white-text\"><div class=\"vc_tta-panels-container\"><div class=\"vc_tta-panels\"><div class=\"vc_tta-panel\" id=\"1732709108942-d151cd47-e72f\" data-vc-content=\".vc_tta-panel-body\"><div class=\"vc_tta-panel-heading\"><h3 class=\"vc_tta-panel-title vc_tta-controls-icon-position-right\"><a href=\"#1732709108942-d151cd47-e72f\" data-vc-accordion data-vc-container=\".vc_tta-container\"><span class=\"vc_tta-title-text\">CO = kollaborative Gemeinschaften<\/span><i class=\"vc_tta-controls-icon vc_tta-controls-icon-plus\"><\/i><\/a><\/h3><\/div><div class=\"vc_tta-panel-body\">\n\t<div class=\"wpb_text_column wpb_content_element\" >\n\t\t<div class=\"wpb_wrapper\">\n\t\t\t<ul>\n<li>Wir stellen den Menschen in den Mittelpunkt unseres Handelns und f\u00f6rdern Gemeinschaften und die Zusammenarbeit innerhalb und zwischen Organisationen.<\/li>\n<li>Wir beziehen alle relevanten Stakeholder aktiv ein, um gemeinsam wirkungsvolle L\u00f6sungen zu schaffen.<\/li>\n<\/ul>\n\n\t\t<\/div>\n\t<\/div>\n<\/div><\/div><div class=\"vc_tta-panel\" id=\"1732709108950-7136a279-fcdf\" data-vc-content=\".vc_tta-panel-body\"><div class=\"vc_tta-panel-heading\"><h3 class=\"vc_tta-panel-title vc_tta-controls-icon-position-right\"><a href=\"#1732709108950-7136a279-fcdf\" data-vc-accordion data-vc-container=\".vc_tta-container\"><span class=\"vc_tta-title-text\">DO = handlungsorientierte L\u00f6sungen<\/span><i class=\"vc_tta-controls-icon vc_tta-controls-icon-plus\"><\/i><\/a><\/h3><\/div><div class=\"vc_tta-panel-body\">\n\t<div class=\"wpb_text_column wpb_content_element\" >\n\t\t<div class=\"wpb_wrapper\">\n\t\t\t<ul>\n<li>Wir setzen nicht nur auf Ideen, sondern auf reale Erfahrungen.<\/li>\n<li>Wir verwandeln innovative Ideen in umsetzbare Prototypen, die zu greifbaren Ergebnissen f\u00fchren.<\/li>\n<\/ul>\n\n\t\t<\/div>\n\t<\/div>\n<\/div><\/div><div class=\"vc_tta-panel\" id=\"1732709168467-82d09077-e3bf\" data-vc-content=\".vc_tta-panel-body\"><div class=\"vc_tta-panel-heading\"><h3 class=\"vc_tta-panel-title vc_tta-controls-icon-position-right\"><a href=\"#1732709168467-82d09077-e3bf\" data-vc-accordion data-vc-container=\".vc_tta-container\"><span class=\"vc_tta-title-text\">LAB = innovatives Experimentieren<\/span><i class=\"vc_tta-controls-icon vc_tta-controls-icon-plus\"><\/i><\/a><\/h3><\/div><div class=\"vc_tta-panel-body\">\n\t<div class=\"wpb_text_column wpb_content_element\" >\n\t\t<div class=\"wpb_wrapper\">\n\t\t\t<ul>\n<li>Wir testen und verfeinern Ideen und experimentieren mit potenziellen L\u00f6sungen, um den besten Weg zu finden.<\/li>\n<\/ul>\n\n\t\t<\/div>\n\t<\/div>\n<\/div><\/div><\/div><\/div><\/div><\/div><\/div><\/div><\/div><\/div>\n<\/div>","protected":false},"excerpt":{"rendered":"Warum zum co-do! Team? Der richtige Partner f\u00fcr Ihre eigene Transformationsreise! Auf der [...]","protected":false},"author":2,"featured_media":0,"parent":0,"menu_order":0,"comment_status":"closed","ping_status":"closed","template":"","meta":{"_acf_changed":false,"footnotes":""},"class_list":["post-773","page","type-page","status-publish","hentry"],"acf":[],"_links":{"self":[{"href":"https:\/\/www.co-do-lab.org\/de\/wp-json\/wp\/v2\/pages\/773","targetHints":{"allow":["GET"]}}],"collection":[{"href":"https:\/\/www.co-do-lab.org\/de\/wp-json\/wp\/v2\/pages"}],"about":[{"href":"https:\/\/www.co-do-lab.org\/de\/wp-json\/wp\/v2\/types\/page"}],"author":[{"embeddable":true,"href":"https:\/\/www.co-do-lab.org\/de\/wp-json\/wp\/v2\/users\/2"}],"replies":[{"embeddable":true,"href":"https:\/\/www.co-do-lab.org\/de\/wp-json\/wp\/v2\/comments?post=773"}],"version-history":[{"count":0,"href":"https:\/\/www.co-do-lab.org\/de\/wp-json\/wp\/v2\/pages\/773\/revisions"}],"wp:attachment":[{"href":"https:\/\/www.co-do-lab.org\/de\/wp-json\/wp\/v2\/media?parent=773"}],"curies":[{"name":"wp","href":"https:\/\/api.w.org\/{rel}","templated":true}]}}