{"id":85,"date":"2022-11-18T17:41:35","date_gmt":"2022-11-18T16:41:35","guid":{"rendered":"https:\/\/www.co-do-lab.org\/?page_id=85"},"modified":"2025-06-03T16:12:45","modified_gmt":"2025-06-03T14:12:45","slug":"datenschutzbestimmungen","status":"publish","type":"page","link":"https:\/\/www.co-do-lab.org\/de\/datenschutzbestimmungen\/","title":{"rendered":"Datenschutzbestimmungen"},"content":{"rendered":"<div class=\"wpb-content-wrapper\"><div class=\"vc_row wpb_row vc_row-fluid\"><div class=\"wpb_column vc_column_container vc_col-sm-12\"><div class=\"vc_column-inner\"><div class=\"wpb_wrapper\"><div class=\"vc_row wpb_row vc_inner vc_row-fluid\"><div class=\"wpb_column vc_column_container vc_col-sm-12\"><div class=\"vc_column-inner\"><div class=\"wpb_wrapper\">\n\t<div class=\"wpb_text_column wpb_content_element\" >\n\t\t<div class=\"wpb_wrapper\">\n\t\t\t<h1>Datenschutzbestimmungen<\/h1>\n<h2>1. Ein \u00dcberblick \u00fcber den Datenschutz<\/h2>\n<h3>Allgemeine Informationen<\/h3>\n<p>Die folgenden Informationen geben Ihnen einen leicht verst\u00e4ndlichen \u00dcberblick dar\u00fcber, was mit Ihren personenbezogenen Daten passiert, wenn Sie diese Website besuchen. Der Begriff \"personenbezogene Daten\" umfasst alle Daten, mit denen Sie pers\u00f6nlich identifiziert werden k\u00f6nnen. Ausf\u00fchrliche Informationen zum Thema Datenschutz finden Sie in unserer Datenschutzerkl\u00e4rung, die wir Ihnen im Anschluss an dieses Exemplar zur Verf\u00fcgung stellen.<\/p>\n<h3>Datenerfassung auf dieser Website<\/h3>\n<h4>Wer ist der Verantwortliche f\u00fcr die Erfassung von Daten auf dieser Website (d.h. der \"f\u00fcr die Verarbeitung Verantwortliche\")?<\/h4>\n<p>Die Daten auf dieser Website werden vom Betreiber der Website verarbeitet, dessen Kontaktdaten im Abschnitt \"Informationen \u00fcber die verantwortliche Stelle (in der DSGVO als \"f\u00fcr die Verarbeitung Verantwortlicher\" bezeichnet)\" in dieser Datenschutzrichtlinie zu finden sind.<\/p>\n<h4>Wie erfassen wir Ihre Daten?<\/h4>\n<p>Wir erheben Ihre Daten, wenn Sie uns Ihre Daten zur Verf\u00fcgung stellen. Dies k\u00f6nnen z. B. Informationen sein, die Sie in unser Kontaktformular eingeben.<\/p>\n<p>Andere Daten werden von unseren IT-Systemen automatisch oder mit Ihrer Zustimmung w\u00e4hrend Ihres Besuchs der Website erfasst. Bei diesen Daten handelt es sich in erster Linie um technische Informationen (z. B. Webbrowser, Betriebssystem oder Zeitpunkt des Zugriffs auf die Website). Diese Informationen werden automatisch erfasst, wenn Sie auf diese Website zugreifen.<\/p>\n<h4>F\u00fcr welche Zwecke verwenden wir Ihre Daten?<\/h4>\n<p>Ein Teil der Informationen wird generiert, um die fehlerfreie Bereitstellung der Website zu gew\u00e4hrleisten. Andere Daten k\u00f6nnen verwendet werden, um Ihr Nutzungsverhalten zu analysieren.<\/p>\n<h4>Welche Rechte haben Sie in Bezug auf Ihre Daten?<\/h4>\n<p>Sie haben das Recht, jederzeit Auskunft \u00fcber Herkunft, Empf\u00e4nger und Verwendungszweck Ihrer archivierten personenbezogenen Daten zu erhalten, ohne dass hierf\u00fcr eine Geb\u00fchr anf\u00e4llt. Sie haben auch das Recht, die Berichtigung oder L\u00f6schung Ihrer Daten zu verlangen. Wenn Sie in die Datenverarbeitung eingewilligt haben, haben Sie die M\u00f6glichkeit, diese Einwilligung jederzeit zu widerrufen, mit Wirkung f\u00fcr die Zukunft. Au\u00dferdem haben Sie das Recht zu verlangen, dass die Verarbeitung Ihrer Daten unter bestimmten Umst\u00e4nden eingeschr\u00e4nkt wird. Dar\u00fcber hinaus haben Sie das Recht, bei der zust\u00e4ndigen Aufsichtsbeh\u00f6rde eine Beschwerde einzureichen.<\/p>\n<p>Bitte z\u00f6gern Sie nicht, uns jederzeit zu kontaktieren, wenn Sie Fragen zu diesem oder anderen datenschutzrelevanten Themen haben.<\/p>\n<h3>Analysetools und von Dritten bereitgestellte Tools<\/h3>\n<p>Es besteht die M\u00f6glichkeit, dass Ihr Surfverhalten bei Ihrem Besuch auf dieser Website statistisch ausgewertet wird. Solche Analysen werden in erster Linie mit so genannten Analyseprogrammen durchgef\u00fchrt.<\/p>\n<p>Ausf\u00fchrliche Informationen zu diesen Analyseprogrammen finden Sie in unserer unten stehenden Erkl\u00e4rung zum Datenschutz.<\/p>\n<h2>2. Hosting<\/h2>\n<p>Wir hosten die Inhalte unserer Website bei folgendem Provider:<\/p>\n<h3>Externes Hosting<\/h3>\n<p>Diese Website wird extern gehostet. Die auf dieser Website erhobenen personenbezogenen Daten werden auf den Servern des Hosts gespeichert. Dazu k\u00f6nnen unter anderem IP-Adressen, Kontaktanfragen, Metadaten und Mitteilungen, Vertragsinformationen, Kontaktinformationen, Namen, Webseiten-Zugriffe und andere \u00fcber eine Website generierte Daten geh\u00f6ren.<\/p>\n<p>Das externe Hosting dient dem Zweck der Vertragserf\u00fcllung mit unseren potentiellen und bestehenden Kunden (Art. 6(1)(b) GDPR) und im Interesse einer sicheren, schnellen und effizienten Bereitstellung unserer Online-Dienste durch einen professionellen Anbieter (Art. 6(1)(f) GDPR). Liegt eine entsprechende Einwilligung vor, erfolgt die Verarbeitung ausschlie\u00dflich auf der Grundlage von Art. 6 Abs. 1 lit. a) DSGVO und \u00a7 25 Abs. 1 TTDSG, soweit die Einwilligung die Speicherung von Cookies oder den Zugriff auf Informationen im Endger\u00e4t des Nutzers (z.B. Device Fingerprinting) im Sinne des TTDSG umfasst. Diese Einwilligung kann jederzeit widerrufen werden.<\/p>\n<p>Unser(e) Host(s) wird (werden) Ihre Daten nur in dem Ma\u00dfe verarbeiten, wie es zur Erf\u00fcllung seiner Leistungsverpflichtungen und zur Befolgung unserer Anweisungen in Bezug auf diese Daten erforderlich ist.<\/p>\n<p>Wir verwenden folgende(n) Host(s):<\/p>\n<p>OVH GmbH<br \/>\nChristophstra\u00dfe 19<br \/>\n50670 K\u00f6ln<\/p>\n<h4>Datenverarbeitung<\/h4>\n<p>F\u00fcr die Nutzung des oben genannten Dienstes haben wir einen Datenverarbeitungsvertrag (DPA) abgeschlossen. Dabei handelt es sich um einen Vertrag, der durch Datenschutzgesetze vorgeschrieben ist und garantiert, dass sie personenbezogene Daten unserer Website-Besucher nur auf der Grundlage unserer Anweisungen und in \u00dcbereinstimmung mit der DSGVO verarbeiten.<\/p>\n<h2>3. Allgemeine Informationen und Pflichtangaben<\/h2>\n<h3>Datenschutz<\/h3>\n<p>Die Betreiber dieser Website und ihrer Seiten nehmen den Schutz Ihrer pers\u00f6nlichen Daten sehr ernst. Deshalb behandeln wir Ihre personenbezogenen Daten vertraulich und entsprechend der gesetzlichen Datenschutzvorschriften sowie dieser Datenschutzerkl\u00e4rung.<\/p>\n<p>Wenn Sie diese Website nutzen, werden verschiedene personenbezogene Daten erhoben. Personenbezogene Daten sind Daten, mit denen Sie pers\u00f6nlich identifiziert werden k\u00f6nnen. Diese Datenschutzerkl\u00e4rung erl\u00e4utert, welche Daten wir erheben und zu welchen Zwecken wir diese Daten verwenden. Sie erkl\u00e4rt auch, wie und zu welchem Zweck die Daten erhoben werden.<\/p>\n<p>Wir weisen Sie darauf hin, dass die Daten\u00fcbertragung im Internet (z.B. bei der Kommunikation per E-Mail) Sicherheitsl\u00fccken aufweisen kann. Ein l\u00fcckenloser Schutz der Daten vor dem Zugriff durch Dritte ist nicht m\u00f6glich.<\/p>\n<h3>Informationen \u00fcber die verantwortliche Partei (in der DSGVO als \"f\u00fcr die Verarbeitung Verantwortlicher\" bezeichnet)<\/h3>\n<p>Der f\u00fcr die Datenverarbeitung auf dieser Website Verantwortliche ist:<\/p>\n<p>co-do! lab GmbH (haftungsbeschr\u00e4nkt)<br \/>\nEinern 120<br \/>\n42279 Wuppertal<\/p>\n<p>Telefon: +49 202 45958 - 10<br \/>\nE-Mail: info@co-do-lab.org<\/p>\n<p>Der f\u00fcr die Verarbeitung Verantwortliche ist die nat\u00fcrliche oder juristische Person, die allein oder gemeinsam mit anderen \u00fcber die Zwecke und Mittel der Verarbeitung personenbezogener Daten (z. B. Namen, E-Mail-Adressen usw.) entscheidet.<\/p>\n<h3>Dauer der Speicherung<\/h3>\n<p>Sofern in dieser Datenschutzerkl\u00e4rung keine genauere Aufbewahrungsfrist angegeben ist, verbleiben Ihre personenbezogenen Daten bei uns, bis der Zweck, zu dem sie erhoben wurden, entf\u00e4llt. Wenn Sie einen begr\u00fcndeten Antrag auf L\u00f6schung stellen oder Ihre Einwilligung zur Datenverarbeitung widerrufen, werden Ihre Daten gel\u00f6scht, es sei denn, wir haben andere gesetzlich zul\u00e4ssige Gr\u00fcnde f\u00fcr die Speicherung Ihrer personenbezogenen Daten (z. B. steuer- oder handelsrechtliche Aufbewahrungsfristen); im letzteren Fall erfolgt die L\u00f6schung nach Wegfall dieser Gr\u00fcnde.<\/p>\n<h3>Allgemeine Informationen \u00fcber die Rechtsgrundlage f\u00fcr die Datenverarbeitung auf dieser Website<\/h3>\n<p>Wenn Sie in die Datenverarbeitung eingewilligt haben, verarbeiten wir Ihre personenbezogenen Daten auf der Grundlage von Art. 6(1)(a) GDPR oder Art. 9 (2)(a) GDPR, wenn besondere Kategorien von Daten gem\u00e4\u00df Art. 9 (1) DSGVO. Im Falle einer ausdr\u00fccklichen Einwilligung in die \u00dcbermittlung personenbezogener Daten in Drittstaaten beruht die Datenverarbeitung auch auf Art. 49 (1)(a) DSGVO. Wenn Sie in die Speicherung von Cookies oder in den Zugriff auf Informationen in Ihrem Endger\u00e4t (z.B. \u00fcber Device Fingerprinting) eingewilligt haben, beruht die Datenverarbeitung zus\u00e4tzlich auf \u00a7 25 (1) TTDSG. Die Einwilligung kann jederzeit widerrufen werden. Soweit Ihre Daten zur Erf\u00fcllung eines Vertrages oder zur Durchf\u00fchrung vorvertraglicher Ma\u00dfnahmen erforderlich sind, verarbeiten wir Ihre Daten auf der Grundlage von Art. 6(1)(b) GDPR. Sind Ihre Daten dar\u00fcber hinaus f\u00fcr die Erf\u00fcllung einer rechtlichen Verpflichtung erforderlich, verarbeiten wir sie auf der Grundlage von Art. 6(1)(c) GDPR. Dar\u00fcber hinaus kann die Datenverarbeitung auf der Grundlage unseres berechtigten Interesses gem\u00e4\u00df Art. 6(1)(f) GDPR erfolgen. Informationen zu den jeweiligen Rechtsgrundlagen im Einzelfall finden Sie in den folgenden Abschnitten dieser Datenschutzerkl\u00e4rung.<\/p>\n<h3>Widerruf der Einwilligung in die Datenverarbeitung<\/h3>\n<p>Eine Vielzahl von Datenverarbeitungsvorg\u00e4ngen ist nur mit Ihrer ausdr\u00fccklichen Zustimmung m\u00f6glich. Auch eine bereits erteilte Einwilligung k\u00f6nnen Sie jederzeit widerrufen. Die Rechtm\u00e4\u00dfigkeit der bis zum Widerruf erfolgten Datenerhebung bleibt hiervon unber\u00fchrt.<\/p>\n<h3>Recht auf Widerspruch gegen die Datenerhebung in besonderen F\u00e4llen; Recht auf Widerspruch gegen Direktwerbung (Art. 21 GDPR)<\/h3>\n<p>F\u00dcR DEN FALL, DASS DATEN AUF DER GRUNDLAGE VON ART. 6(1)(E) ODER (F) GDPR VERARBEITET WERDEN, HABEN SIE DAS RECHT, AUS GR\u00dcNDEN, DIE SICH AUS IHRER BESONDEREN SITUATION ERGEBEN, JEDERZEIT GEGEN DIE VERARBEITUNG IHRER PERSONENBEZOGENEN DATEN WIDERSPRUCH EINZULEGEN. DIES GILT AUCH F\u00dcR EIN AUF DIESE BESTIMMUNGEN GEST\u00dcTZTES PROFILING. DIE RECHTSGRUNDLAGE, AUF DIE SICH EINE DATENVERARBEITUNG ST\u00dcTZT, K\u00d6NNEN SIE IN DIESER DATENSCHUTZERKL\u00c4RUNG NACHLESEN. WENN SIE WIDERSPRUCH EINLEGEN, WERDEN WIR IHRE BETROFFENEN PERSONENBEZOGENEN DATEN NICHT MEHR VERARBEITEN, ES SEI DENN, WIR K\u00d6NNEN ZWINGENDE SCHUTZW\u00dcRDIGE GR\u00dcNDE F\u00dcR DIE VERARBEITUNG IHRER DATEN DARLEGEN, DIE IHRE INTERESSEN, RECHTE UND FREIHEITEN \u00dcBERWIEGEN, ODER DIE VERARBEITUNG DIENT DER GELTENDMACHUNG, AUS\u00dcBUNG ODER VERTEIDIGUNG VON RECHTSANSPR\u00dcCHEN (WIDERSPRUCH GEM\u00c4SS ART. 21(1) GDPR).<\/p>\n<p>WERDEN IHRE PERSONENBEZOGENEN DATEN VERARBEITET, UM DIREKTWERBUNG ZU BETREIBEN, SO HABEN SIE DAS RECHT, JEDERZEIT WIDERSPRUCH GEGEN DIE VERARBEITUNG DER SIE BETREFFENDEN PERSONENBEZOGENEN DATEN ZUM ZWECKE DERARTIGER WERBUNG EINZULEGEN. DIES GILT AUCH F\u00dcR DAS PROFILING, SOWEIT ES MIT SOLCHER DIREKTWERBUNG IN VERBINDUNG STEHT. WENN SIE WIDERSPRECHEN, WERDEN IHRE PERSONENBEZOGENEN DATEN IN DER FOLGE NICHT MEHR F\u00dcR ZWECKE DER DIREKTWERBUNG GENUTZT (WIDERSPRUCH GEM. ART. 21(2) GDPR).<\/p>\n<h3>Recht auf Einreichung einer Beschwerde bei der zust\u00e4ndigen Aufsichtsbeh\u00f6rde<\/h3>\n<p>Im Falle von Verst\u00f6\u00dfen gegen die DSGVO haben betroffene Personen das Recht, eine Beschwerde bei einer Aufsichtsbeh\u00f6rde einzureichen, insbesondere in dem Mitgliedstaat, in dem sie gew\u00f6hnlich ihren Wohnsitz, ihren Arbeitsplatz oder den Ort haben, an dem der mutma\u00dfliche Versto\u00df stattgefunden hat. Das Recht, eine Beschwerde einzureichen, gilt unabh\u00e4ngig von allen anderen Verwaltungs- oder Gerichtsverfahren, die als Rechtsmittel zur Verf\u00fcgung stehen.<\/p>\n<h3>Recht auf Daten\u00fcbertragbarkeit<\/h3>\n<p>Sie haben das Recht zu verlangen, dass wir Ihnen oder einem Dritten die Daten, die wir aufgrund Ihrer Einwilligung oder zur Erf\u00fcllung eines Vertrages automatisiert verarbeiten, in einem g\u00e4ngigen, maschinenlesbaren Format aush\u00e4ndigen. Sollten Sie die direkte \u00dcbermittlung der Daten an einen anderen f\u00fcr die Verarbeitung Verantwortlichen verlangen, wird dies nur geschehen, wenn es technisch machbar ist.<\/p>\n<h3>Auskunft \u00fcber, Berichtigung und L\u00f6schung von Daten<\/h3>\n<p>Sie haben im Rahmen der geltenden gesetzlichen Bestimmungen das Recht, jederzeit Auskunft \u00fcber Ihre archivierten personenbezogenen Daten, deren Herkunft und Empf\u00e4nger sowie den Zweck der Verarbeitung Ihrer Daten zu verlangen. Dar\u00fcber hinaus haben Sie gegebenenfalls ein Recht auf Berichtigung oder L\u00f6schung Ihrer Daten. Wenn Sie Fragen zu diesem Thema oder andere Fragen zum Thema personenbezogene Daten haben, k\u00f6nnen Sie sich jederzeit an uns wenden.<\/p>\n<h3>Recht auf Einschr\u00e4nkung der Verarbeitung<\/h3>\n<p>Sie haben das Recht, die Einschr\u00e4nkung der Verarbeitung Ihrer personenbezogenen Daten zu verlangen. Zu diesem Zweck k\u00f6nnen Sie sich jederzeit an uns wenden. Das Recht, die Einschr\u00e4nkung der Verarbeitung zu verlangen, gilt in den folgenden F\u00e4llen:<\/p>\n<ul>\n<li>Sollten Sie die Richtigkeit Ihrer bei uns gespeicherten Daten bestreiten, ben\u00f6tigen wir in der Regel eine gewisse Zeit, um diese Behauptung zu \u00fcberpr\u00fcfen. W\u00e4hrend dieser Pr\u00fcfung haben Sie das Recht zu verlangen, dass wir die Verarbeitung Ihrer personenbezogenen Daten einschr\u00e4nken.<\/li>\n<li>Wenn die Verarbeitung Ihrer personenbezogenen Daten in unrechtm\u00e4\u00dfiger Weise erfolgte\/erfolgt, haben Sie die M\u00f6glichkeit, anstelle der L\u00f6schung dieser Daten die Einschr\u00e4nkung der Verarbeitung Ihrer Daten zu verlangen.<\/li>\n<li>Wenn wir Ihre personenbezogenen Daten nicht mehr ben\u00f6tigen und Sie diese zur Aus\u00fcbung, Verteidigung oder Geltendmachung von Rechtsanspr\u00fcchen ben\u00f6tigen, haben Sie das Recht, anstelle der L\u00f6schung die Einschr\u00e4nkung der Verarbeitung Ihrer personenbezogenen Daten zu verlangen.<\/li>\n<li>Wenn Sie einen Widerspruch gem\u00e4\u00df Art. 21(1) DSGVO eingelegt haben, m\u00fcssen Ihre Rechte und unsere Rechte gegeneinander abgewogen werden. Solange noch nicht feststeht, wessen Interessen \u00fcberwiegen, haben Sie das Recht, eine Einschr\u00e4nkung der Verarbeitung Ihrer personenbezogenen Daten zu verlangen.<\/li>\n<\/ul>\n<p>Wenn Sie die Verarbeitung Ihrer personenbezogenen Daten eingeschr\u00e4nkt haben, d\u00fcrfen diese Daten - mit Ausnahme ihrer Archivierung - nur mit Ihrer Einwilligung oder zur Geltendmachung, Aus\u00fcbung oder Verteidigung von Rechtsanspr\u00fcchen oder zum Schutz der Rechte anderer nat\u00fcrlicher oder juristischer Personen oder aus wichtigen Gr\u00fcnden des \u00f6ffentlichen Interesses, die von der Europ\u00e4ischen Union oder einem Mitgliedstaat der EU angef\u00fchrt werden, verarbeitet werden.<\/p>\n<h3>SSL- und\/oder TLS-Verschl\u00fcsselung<\/h3>\n<p>Aus Sicherheitsgr\u00fcnden und zum Schutz der \u00dcbertragung vertraulicher Inhalte, wie z.B. Bestellungen oder Anfragen, die Sie an uns als Betreiber der Website richten, verwendet diese Website entweder ein SSL- oder ein TLS-Verschl\u00fcsselungsprogramm. Eine verschl\u00fcsselte Verbindung erkennen Sie daran, dass die Adresszeile des Browsers von \"http:\/\/\" auf \"https:\/\/\" wechselt und das Schloss-Symbol in der Browserzeile erscheint.<\/p>\n<p>Wenn die SSL- oder TLS-Verschl\u00fcsselung aktiviert ist, k\u00f6nnen Daten, die Sie an uns \u00fcbermitteln, nicht von Dritten gelesen werden.<\/p>\n<h2>4. Aufzeichnung von Daten auf dieser Website<\/h2>\n<h3>Cookies<\/h3>\n<p>Unsere Websites und Seiten verwenden so genannte \"Cookies\". Cookies sind kleine Datenpakete, die keinen Schaden auf Ihrem Ger\u00e4t anrichten. Sie werden entweder vor\u00fcbergehend f\u00fcr die Dauer einer Sitzung gespeichert (Session-Cookies) oder sie werden dauerhaft auf Ihrem Ger\u00e4t archiviert (permanente Cookies). Session-Cookies werden automatisch gel\u00f6scht, sobald Sie Ihren Besuch beenden. Permanente Cookies bleiben auf Ihrem Ger\u00e4t archiviert, bis Sie sie aktiv l\u00f6schen oder sie von Ihrem Webbrowser automatisch gel\u00f6scht werden.<\/p>\n<p>In einigen F\u00e4llen ist es m\u00f6glich, dass Cookies von Dritten auf Ihrem Ger\u00e4t gespeichert werden, sobald Sie unsere Website betreten (Cookies von Dritten). Diese Cookies erm\u00f6glichen es Ihnen oder uns, bestimmte von dem Dritten angebotene Dienste zu nutzen (z. B. Cookies f\u00fcr die Abwicklung von Zahlungsdiensten).<\/p>\n<p>Cookies haben eine Vielzahl von Funktionen. Viele Cookies sind technisch unerl\u00e4sslich, da bestimmte Funktionen der Website ohne sie nicht funktionieren w\u00fcrden (z. B. die Warenkorbfunktion oder die Anzeige von Videos). Der Zweck anderer Cookies kann die Analyse von Nutzermustern oder die Anzeige von Werbebotschaften sein.<\/p>\n<p>Cookies, die f\u00fcr die Durchf\u00fchrung elektronischer Kommunikationstransaktionen oder f\u00fcr die Bereitstellung bestimmter Funktionen, die Sie nutzen m\u00f6chten (z. B. f\u00fcr die Warenkorbfunktion), erforderlich sind, oder solche, die f\u00fcr die Optimierung (erforderliche Cookies) der Website notwendig sind (z. B. Cookies, die messbare Erkenntnisse \u00fcber das Webpublikum liefern), werden auf der Grundlage von Art. 6(1)(f) GDPR gespeichert, es sei denn, es wird eine andere Rechtsgrundlage angef\u00fchrt. Der Betreiber der Website hat ein berechtigtes Interesse an der Speicherung der erforderlichen Cookies, um die technisch fehlerfreie und optimierte Bereitstellung der Dienste des Betreibers zu gew\u00e4hrleisten. Sofern Ihre Einwilligung in die Speicherung der Cookies und \u00e4hnlicher Wiedererkennungstechnologien eingeholt wurde, erfolgt die Verarbeitung ausschlie\u00dflich auf Grundlage der erteilten Einwilligung (Art. 6 Abs. 1 lit. a) DSGVO und \u00a7 25 Abs. 1 TTDSG); diese Einwilligung kann jederzeit widerrufen werden.<\/p>\n<p>Sie haben die M\u00f6glichkeit, Ihren Browser so einzustellen, dass Sie \u00fcber das Setzen von Cookies informiert werden und die Annahme von Cookies nur im Einzelfall erlauben. Sie k\u00f6nnen auch die Annahme von Cookies f\u00fcr bestimmte F\u00e4lle oder generell ausschlie\u00dfen oder die L\u00f6schfunktion aktivieren, damit Cookies beim Schlie\u00dfen des Browsers automatisch gel\u00f6scht werden. Bei der Deaktivierung von Cookies k\u00f6nnen die Funktionen dieser Website eingeschr\u00e4nkt sein.<\/p>\n<p>Falls Cookies von Dritten oder zu Analysezwecken verwendet werden, werden wir Sie in Verbindung mit dieser Datenschutzrichtlinie gesondert darauf hinweisen und gegebenenfalls um Ihre Zustimmung bitten.<\/p>\n<h3>Einverst\u00e4ndnis mit Borlabs Cookie<\/h3>\n<p>Unsere Website verwendet die Borlabs-Zustimmungstechnologie, um Ihre Zustimmung zur Speicherung bestimmter Cookies in Ihrem Browser oder zum Einsatz bestimmter Technologien und deren datenschutzkonformer Dokumentation einzuholen. Anbieter dieser Technologie ist die Borlabs GmbH, R\u00fcbenkamp 32, 22305 Hamburg, Deutschland (nachfolgend Borlabs genannt).<\/p>\n<p>Wenn Sie unsere Website besuchen, wird in Ihrem Browser ein Borlabs-Cookie gespeichert, das Ihre Einwilligungserkl\u00e4rungen oder -widerrufe archiviert. Diese Daten werden nicht an den Anbieter der Borlabs-Technologie weitergegeben.<\/p>\n<p>Die gespeicherten Daten bleiben so lange gespeichert, bis Sie uns zur L\u00f6schung auffordern, den Borlabs-Cookie selbst l\u00f6schen oder der Zweck der Speicherung entf\u00e4llt. Gesetzlich vorgeschriebene Aufbewahrungspflichten bleiben hiervon unber\u00fchrt. Um die Einzelheiten der Datenverarbeitungsrichtlinien von Borlabs einzusehen, besuchen Sie bitte <a href=\"https:\/\/de.borlabs.io\/kb\/welche-daten-speichert-borlabs-cookie\/\" target=\"_blank\" rel=\"noopener noreferrer\">https:\/\/de.borlabs.io\/kb\/welche-daten-speichert-borlabs-cookie\/<\/a><\/p>\n<p>Wir verwenden die Borlabs-Cookie-Zustimmungstechnologie, um die gesetzlich vorgeschriebenen Zustimmungserkl\u00e4rungen f\u00fcr die Verwendung von Cookies einzuholen. Die Rechtsgrundlage f\u00fcr die Verwendung solcher Cookies ist Art. 6(1)(c) GDPR.<\/p>\n<h3>Server-Protokolldateien<\/h3>\n<p>Der Provider dieser Website und ihrer Seiten erhebt und speichert automatisch Informationen in so genannten Server-Log-Dateien, die Ihr Browser automatisch an uns \u00fcbermittelt. Die Informationen umfassen:<\/p>\n<ul>\n<li>Typ und Version des verwendeten Browsers<\/li>\n<li>Das verwendete Betriebssystem<\/li>\n<li>Referrer URL<\/li>\n<li>Der Hostname des zugreifenden Computers<\/li>\n<li>Die Uhrzeit der Serveranfrage<\/li>\n<li>Die IP-Adresse<\/li>\n<\/ul>\n<p>Eine Zusammenf\u00fchrung dieser Daten mit anderen Datenquellen wird nicht vorgenommen.<\/p>\n<p>Diese Daten werden auf der Grundlage von Art. 6(1)(f) GDPR. Der Betreiber der Website hat ein berechtigtes Interesse an der technisch fehlerfreien Darstellung und an der Optimierung der Website des Betreibers. Um dies zu erreichen, m\u00fcssen Server-Logfiles aufgezeichnet werden.<\/p>\n<h2>5. Analysetools und Werbung<\/h2>\n<h3>Matomo<\/h3>\n<p>Diese Website verwendet den Open-Source-Webanalysedienst Matomo.<\/p>\n<p>Mit Hilfe von Matomo k\u00f6nnen wir Daten \u00fcber die Nutzung unserer Website durch die einzelnen Besucher sammeln und auswerten. So k\u00f6nnen wir z.B. feststellen, wann welche Seitenaufrufe erfolgten und aus welcher Region sie kamen. Dar\u00fcber hinaus sammeln wir verschiedene Logfiles (z. B. IP-Adresse, Referrer, Browser und verwendetes Betriebssystem) und k\u00f6nnen messen, ob unsere Website-Besucher bestimmte Aktionen (z. B. Klicks, K\u00e4ufe usw.) durchf\u00fchren.<\/p>\n<p>Die Nutzung dieses Analysetools beruht auf Art. 6(1)(f) GDPR. Der Websitebetreiber hat ein berechtigtes Interesse an der Analyse des Nutzerverhaltens, um das Webangebot und die Werbung des Betreibers zu optimieren. Liegt eine entsprechende Einwilligung vor, erfolgt die Verarbeitung ausschlie\u00dflich auf der Grundlage von Art. 6 Abs. 1 lit. a) DSGVO und \u00a7 25 Abs. 1 TTDSG, soweit die Einwilligung die Speicherung von Cookies oder den Zugriff auf Informationen im Endger\u00e4t des Nutzers (z.B. Device Fingerprinting) im Sinne des TTDSG umfasst. Diese Einwilligung kann jederzeit widerrufen werden.<\/p>\n<h4>IP-Anonymisierung<\/h4>\n<p>F\u00fcr die Auswertung mit Matomo nutzen wir die IP-Anonymisierung. Ihre IP-Adresse wird vor der Analyse gek\u00fcrzt, so dass sie nicht mehr eindeutig Ihnen zuzuordnen ist.<\/p>\n<h4>Hosting<\/h4>\n<p>Wir hosten Matomo ausschlie\u00dflich auf unseren eigenen Servern, so dass alle Analysedaten bei uns bleiben und nicht weitergegeben werden.<\/p>\n<h2>6. Plug-ins und Tools<\/h2>\n<h3>Google Fonts (lokale Einbettung)<\/h3>\n<p>Diese Website verwendet sogenannte Google Fonts, die von Google zur Verf\u00fcgung gestellt werden, um die einheitliche Verwendung von Schriftarten auf dieser Website zu gew\u00e4hrleisten. Diese Google Fonts sind lokal installiert, so dass in Verbindung mit dieser Anwendung keine Verbindung zu den Servern von Google hergestellt wird.<\/p>\n<p>F\u00fcr weitere Informationen zu Google Fonts folgen Sie bitte diesem Link: <a href=\"https:\/\/developers.google.com\/fonts\/faq\" target=\"_blank\" rel=\"noopener noreferrer\">https:\/\/developers.google.com\/fonts\/faq<\/a> und konsultieren Sie die Google-Datenschutzerkl\u00e4rung unter: <a href=\"https:\/\/policies.google.com\/privacy?hl=en\" target=\"_blank\" rel=\"noopener noreferrer\">https:\/\/policies.google.com\/privacy?hl=en<\/a>.<\/p>\n\n\t\t<\/div>\n\t<\/div>\n<\/div><\/div><\/div><\/div><\/div><\/div><\/div><\/div>\n<\/div>","protected":false},"excerpt":{"rendered":"Datenschutzbestimmungen 1. Ein \u00dcberblick \u00fcber den Datenschutz Allgemeine Informationen Die folgenden Informationen geben [...]","protected":false},"author":4,"featured_media":0,"parent":0,"menu_order":0,"comment_status":"closed","ping_status":"closed","template":"","meta":{"_acf_changed":false,"footnotes":""},"class_list":["post-85","page","type-page","status-publish","hentry"],"acf":[],"_links":{"self":[{"href":"https:\/\/www.co-do-lab.org\/de\/wp-json\/wp\/v2\/pages\/85","targetHints":{"allow":["GET"]}}],"collection":[{"href":"https:\/\/www.co-do-lab.org\/de\/wp-json\/wp\/v2\/pages"}],"about":[{"href":"https:\/\/www.co-do-lab.org\/de\/wp-json\/wp\/v2\/types\/page"}],"author":[{"embeddable":true,"href":"https:\/\/www.co-do-lab.org\/de\/wp-json\/wp\/v2\/users\/4"}],"replies":[{"embeddable":true,"href":"https:\/\/www.co-do-lab.org\/de\/wp-json\/wp\/v2\/comments?post=85"}],"version-history":[{"count":0,"href":"https:\/\/www.co-do-lab.org\/de\/wp-json\/wp\/v2\/pages\/85\/revisions"}],"wp:attachment":[{"href":"https:\/\/www.co-do-lab.org\/de\/wp-json\/wp\/v2\/media?parent=85"}],"curies":[{"name":"wp","href":"https:\/\/api.w.org\/{rel}","templated":true}]}}